{"id":7378,"date":"2026-02-27T13:48:15","date_gmt":"2026-02-27T10:48:15","guid":{"rendered":"https:\/\/www.buramkitabevi.com\/?post_type=product&#038;p=7378"},"modified":"2026-02-27T13:48:16","modified_gmt":"2026-02-27T10:48:16","slug":"hukumdarlar-padisahlar-liderler-tarihe-not-dusenler-zahide-usta-kopuz","status":"publish","type":"product","link":"https:\/\/www.buramkitabevi.com\/en\/kitap\/hukumdarlar-padisahlar-liderler-tarihe-not-dusenler-zahide-usta-kopuz","title":{"rendered":"H\u00fck\u00fcmdarlar Padi\u015fahlar Liderler &#8211; Tarihe Not D\u00fc\u015fenler &#8211; Zahide Usta Kopuz"},"content":{"rendered":"<p data-renderer-start-pos=\"1\">&#8220;Ecdad tarih yazd\u0131.<br \/>\nBizde okuyal\u0131m dedik.<br \/>\nHem okudum Hemi de yazd\u0131m \ud83d\ude42<br \/>\n(Ama tam anlayamad\u0131m)<\/p>\n<p data-renderer-start-pos=\"95\">Elbet burada anlat\u0131lamaz.<br \/>\nKoca T\u00fcrk&#8217;\u00fcn t\u00e2rihi.<br \/>\nL\u00e2kin bende ara\u015ft\u0131rd\u0131m.<br \/>\n\u00d6zet yazd\u0131m z\u00e2hiri.<\/p>","protected":false},"excerpt":{"rendered":"<p>&#8220;Ecdad tarih yazd\u0131. Bizde okuyal\u0131m dedik. Hem okudum Hemi de yazd\u0131m \ud83d\ude42 (Ama tam anlayamad\u0131m) Elbet burada anlat\u0131lamaz. Koca T\u00fcrk&#8217;\u00fcn t\u00e2rihi. L\u00e2kin bende ara\u015ft\u0131rd\u0131m. \u00d6zet yazd\u0131m z\u00e2hiri.<\/p>","protected":false},"featured_media":7379,"comment_status":"open","ping_status":"closed","template":"","meta":{"inline_featured_image":false},"product_cat":[1020],"product_tag":[],"class_list":{"0":"post-7378","1":"product","2":"type-product","3":"status-publish","4":"has-post-thumbnail","6":"product_cat-siir","8":"first","9":"instock","10":"sale","11":"shipping-taxable","12":"purchasable","13":"product-type-simple"},"_links":{"self":[{"href":"https:\/\/www.buramkitabevi.com\/en\/wp-json\/wp\/v2\/product\/7378","targetHints":{"allow":["GET"]}}],"collection":[{"href":"https:\/\/www.buramkitabevi.com\/en\/wp-json\/wp\/v2\/product"}],"about":[{"href":"https:\/\/www.buramkitabevi.com\/en\/wp-json\/wp\/v2\/types\/product"}],"replies":[{"embeddable":true,"href":"https:\/\/www.buramkitabevi.com\/en\/wp-json\/wp\/v2\/comments?post=7378"}],"wp:featuredmedia":[{"embeddable":true,"href":"https:\/\/www.buramkitabevi.com\/en\/wp-json\/wp\/v2\/media\/7379"}],"wp:attachment":[{"href":"https:\/\/www.buramkitabevi.com\/en\/wp-json\/wp\/v2\/media?parent=7378"}],"wp:term":[{"taxonomy":"product_cat","embeddable":true,"href":"https:\/\/www.buramkitabevi.com\/en\/wp-json\/wp\/v2\/product_cat?post=7378"},{"taxonomy":"product_tag","embeddable":true,"href":"https:\/\/www.buramkitabevi.com\/en\/wp-json\/wp\/v2\/product_tag?post=7378"}],"curies":[{"name":"wp","href":"https:\/\/api.w.org\/{rel}","templated":true}]}}