{"id":7342,"date":"2026-02-27T11:45:33","date_gmt":"2026-02-27T08:45:33","guid":{"rendered":"https:\/\/www.buramkitabevi.com\/?post_type=product&#038;p=7342"},"modified":"2026-02-27T11:45:34","modified_gmt":"2026-02-27T08:45:34","slug":"mantiksal-dusuncelere-yolculuk-mahmut-elmali","status":"publish","type":"product","link":"https:\/\/www.buramkitabevi.com\/en\/kitap\/mantiksal-dusuncelere-yolculuk-mahmut-elmali","title":{"rendered":"Mant\u0131ksal D\u00fc\u015f\u00fcncelere Yolculuk &#8211; Mahmut Elmal\u0131"},"content":{"rendered":"<p data-renderer-start-pos=\"1\">Bu kitap, Aristoteles\u2019in \u201cya do\u011fru ya yanl\u0131\u015f\u201d mant\u0131\u011f\u0131ndan yola \u00e7\u0131k\u0131p, hayat\u0131n \u201cbazen do\u011fru, bazen yanl\u0131\u015f, bazen de arada\u201d kalan y\u00f6nlerine do\u011fru bir yolculu\u011fa davet ediyor. Siyah ve beyaz\u0131n \u00f6tesinde, bulan\u0131k mant\u0131\u011f\u0131n dereceli ve esnek d\u00fcnyas\u0131yla tan\u0131\u015fmaya haz\u0131r ol.<\/p>\n<p data-renderer-start-pos=\"267\">Sayfalar aras\u0131nda ilerlerken, d\u00fc\u015f\u00fcnmenin sadece form\u00fcllerle de\u011fil; duygular, karars\u0131zl\u0131klar ve \u201cbelki\u201dlerle de \u015fekillendi\u011fini fark edeceksin. G\u00fcnl\u00fck hayattan bir hikaye ve d\u00fc\u015f\u00fcnd\u00fcr\u00fcc\u00fc sorularla, mant\u0131\u011f\u0131n kat\u0131 kurallar\u0131n\u0131n \u00f6tesine ge\u00e7mek i\u00e7in, mant\u0131\u011f\u0131 ya\u015fam\u0131n i\u00e7inden bir bak\u0131\u015f a\u00e7\u0131s\u0131yla sunuyor.<\/p>\n<p data-renderer-start-pos=\"563\">Farkl\u0131 bak\u0131\u015f a\u00e7\u0131lar\u0131 kazand\u0131rarak, karar vermekte zorland\u0131\u011f\u0131n zamanlarda rehber olacak.<\/p>","protected":false},"excerpt":{"rendered":"<p>Bu kitap, Aristoteles\u2019in \u201cya do\u011fru ya yanl\u0131\u015f\u201d mant\u0131\u011f\u0131ndan yola \u00e7\u0131k\u0131p, hayat\u0131n \u201cbazen do\u011fru, bazen yanl\u0131\u015f, bazen de arada\u201d kalan y\u00f6nlerine do\u011fru bir yolculu\u011fa davet ediyor. Siyah ve beyaz\u0131n \u00f6tesinde, bulan\u0131k mant\u0131\u011f\u0131n dereceli ve esnek d\u00fcnyas\u0131yla tan\u0131\u015fmaya haz\u0131r ol. Sayfalar aras\u0131nda ilerlerken, d\u00fc\u015f\u00fcnmenin sadece form\u00fcllerle de\u011fil; duygular, karars\u0131zl\u0131klar ve \u201cbelki\u201dlerle de \u015fekillendi\u011fini fark edeceksin. G\u00fcnl\u00fck hayattan [&hellip;]<\/p>\n","protected":false},"featured_media":7343,"comment_status":"open","ping_status":"closed","template":"","meta":{"inline_featured_image":false},"product_cat":[469,1630],"product_tag":[],"class_list":{"0":"post-7342","1":"product","2":"type-product","3":"status-publish","4":"has-post-thumbnail","6":"product_cat-egitim","7":"product_cat-matematik","9":"first","10":"instock","11":"sale","12":"shipping-taxable","13":"purchasable","14":"product-type-simple"},"_links":{"self":[{"href":"https:\/\/www.buramkitabevi.com\/en\/wp-json\/wp\/v2\/product\/7342","targetHints":{"allow":["GET"]}}],"collection":[{"href":"https:\/\/www.buramkitabevi.com\/en\/wp-json\/wp\/v2\/product"}],"about":[{"href":"https:\/\/www.buramkitabevi.com\/en\/wp-json\/wp\/v2\/types\/product"}],"replies":[{"embeddable":true,"href":"https:\/\/www.buramkitabevi.com\/en\/wp-json\/wp\/v2\/comments?post=7342"}],"wp:featuredmedia":[{"embeddable":true,"href":"https:\/\/www.buramkitabevi.com\/en\/wp-json\/wp\/v2\/media\/7343"}],"wp:attachment":[{"href":"https:\/\/www.buramkitabevi.com\/en\/wp-json\/wp\/v2\/media?parent=7342"}],"wp:term":[{"taxonomy":"product_cat","embeddable":true,"href":"https:\/\/www.buramkitabevi.com\/en\/wp-json\/wp\/v2\/product_cat?post=7342"},{"taxonomy":"product_tag","embeddable":true,"href":"https:\/\/www.buramkitabevi.com\/en\/wp-json\/wp\/v2\/product_tag?post=7342"}],"curies":[{"name":"wp","href":"https:\/\/api.w.org\/{rel}","templated":true}]}}