{"id":7338,"date":"2026-02-27T11:41:34","date_gmt":"2026-02-27T08:41:34","guid":{"rendered":"https:\/\/www.buramkitabevi.com\/?post_type=product&#038;p=7338"},"modified":"2026-02-27T11:41:34","modified_gmt":"2026-02-27T08:41:34","slug":"insan-ne-icin-yasar-ali-ihsan-orak","status":"publish","type":"product","link":"https:\/\/www.buramkitabevi.com\/en\/kitap\/insan-ne-icin-yasar-ali-ihsan-orak","title":{"rendered":"\u0130nsan Ne \u0130\u00e7in Ya\u015far? &#8211; Ali \u0130hsan Orak"},"content":{"rendered":"<p data-renderer-start-pos=\"1\">Hayat\u0131n anlam\u0131n\u0131 aramak, bazen bir \u00f6m\u00fcr s\u00fcrer. Kimi bulur, kimi de buldu\u011funu zanneder.<\/p>\n<p data-renderer-start-pos=\"89\">Ali \u0130hsan Orak, altm\u0131\u015f y\u0131ll\u0131k ya\u015fam deneyimiyle; insan\u0131n iyiyle k\u00f6t\u00fc aras\u0131ndaki m\u00fccadelesini, d\u00fc\u015f\u00fcncenin ayd\u0131nl\u0131\u011f\u0131n\u0131 ve cehaletin karanl\u0131\u011f\u0131n\u0131 i\u00e7ten bir dille sorguluyor.<\/p>\n<p data-renderer-start-pos=\"260\">Ne \u00f6\u011fretmenlik iddias\u0131nda, ne de bilgelik derdinde\u2026<\/p>\n<p data-renderer-start-pos=\"313\">Sadece d\u00fcr\u00fcst bir kalemle, ya\u015fad\u0131klar\u0131n\u0131 ve d\u00fc\u015f\u00fcnd\u00fcklerini payla\u015fma cesaretinde.<\/p>\n<p data-renderer-start-pos=\"395\">Bu kitap, d\u00fc\u015f\u00fcnen insan\u0131n yaln\u0131zl\u0131\u011f\u0131n\u0131, sorgulaman\u0131n g\u00fczelli\u011fini ve \u201cinsan olman\u0131n dayan\u0131lmaz hafifli\u011fini\u201d anlatan samimi bir \u00e7a\u011fr\u0131d\u0131r.<\/p>","protected":false},"excerpt":{"rendered":"<p>Hayat\u0131n anlam\u0131n\u0131 aramak, bazen bir \u00f6m\u00fcr s\u00fcrer. Kimi bulur, kimi de buldu\u011funu zanneder. Ali \u0130hsan Orak, altm\u0131\u015f y\u0131ll\u0131k ya\u015fam deneyimiyle; insan\u0131n iyiyle k\u00f6t\u00fc aras\u0131ndaki m\u00fccadelesini, d\u00fc\u015f\u00fcncenin ayd\u0131nl\u0131\u011f\u0131n\u0131 ve cehaletin karanl\u0131\u011f\u0131n\u0131 i\u00e7ten bir dille sorguluyor. Ne \u00f6\u011fretmenlik iddias\u0131nda, ne de bilgelik derdinde\u2026 Sadece d\u00fcr\u00fcst bir kalemle, ya\u015fad\u0131klar\u0131n\u0131 ve d\u00fc\u015f\u00fcnd\u00fcklerini payla\u015fma cesaretinde. Bu kitap, d\u00fc\u015f\u00fcnen insan\u0131n yaln\u0131zl\u0131\u011f\u0131n\u0131, [&hellip;]<\/p>\n","protected":false},"featured_media":7339,"comment_status":"open","ping_status":"closed","template":"","meta":{"inline_featured_image":false},"product_cat":[1024],"product_tag":[],"class_list":{"0":"post-7338","1":"product","2":"type-product","3":"status-publish","4":"has-post-thumbnail","6":"product_cat-deneme","8":"first","9":"instock","10":"sale","11":"shipping-taxable","12":"purchasable","13":"product-type-simple"},"_links":{"self":[{"href":"https:\/\/www.buramkitabevi.com\/en\/wp-json\/wp\/v2\/product\/7338","targetHints":{"allow":["GET"]}}],"collection":[{"href":"https:\/\/www.buramkitabevi.com\/en\/wp-json\/wp\/v2\/product"}],"about":[{"href":"https:\/\/www.buramkitabevi.com\/en\/wp-json\/wp\/v2\/types\/product"}],"replies":[{"embeddable":true,"href":"https:\/\/www.buramkitabevi.com\/en\/wp-json\/wp\/v2\/comments?post=7338"}],"wp:featuredmedia":[{"embeddable":true,"href":"https:\/\/www.buramkitabevi.com\/en\/wp-json\/wp\/v2\/media\/7339"}],"wp:attachment":[{"href":"https:\/\/www.buramkitabevi.com\/en\/wp-json\/wp\/v2\/media?parent=7338"}],"wp:term":[{"taxonomy":"product_cat","embeddable":true,"href":"https:\/\/www.buramkitabevi.com\/en\/wp-json\/wp\/v2\/product_cat?post=7338"},{"taxonomy":"product_tag","embeddable":true,"href":"https:\/\/www.buramkitabevi.com\/en\/wp-json\/wp\/v2\/product_tag?post=7338"}],"curies":[{"name":"wp","href":"https:\/\/api.w.org\/{rel}","templated":true}]}}