{"id":7274,"date":"2026-02-27T10:36:41","date_gmt":"2026-02-27T07:36:41","guid":{"rendered":"https:\/\/www.buramkitabevi.com\/?post_type=product&#038;p=7274"},"modified":"2026-02-27T10:36:41","modified_gmt":"2026-02-27T07:36:41","slug":"sesin-kesfi-mert-aydin","status":"publish","type":"product","link":"https:\/\/www.buramkitabevi.com\/en\/kitap\/sesin-kesfi-mert-aydin","title":{"rendered":"Sesin Ke\u015ffi &#8211; Mert Ayd\u0131n"},"content":{"rendered":"<p>Bu kitapta \u00e7ocuk \u015fark\u0131lar\u0131n\u0131, temel m\u00fczik bilgileriyle harmanlayarak basitten karma\u015f\u0131\u011fa uzanan bir ak\u0131\u015fla sundum. Hem enstr\u00fcman e\u011fitiminizde hem de okulunuzdaki m\u00fczik derslerinde size e\u015flik edecek kapsaml\u0131 bir yard\u0131mc\u0131 kaynak olmas\u0131 i\u00e7in \u00f6zenle haz\u0131rlad\u0131m.<\/p>","protected":false},"excerpt":{"rendered":"<p>Bu kitapta \u00e7ocuk \u015fark\u0131lar\u0131n\u0131, temel m\u00fczik bilgileriyle harmanlayarak basitten karma\u015f\u0131\u011fa uzanan bir ak\u0131\u015fla sundum. Hem enstr\u00fcman e\u011fitiminizde hem de okulunuzdaki m\u00fczik derslerinde size e\u015flik edecek kapsaml\u0131 bir yard\u0131mc\u0131 kaynak olmas\u0131 i\u00e7in \u00f6zenle haz\u0131rlad\u0131m.<\/p>","protected":false},"featured_media":7275,"comment_status":"open","ping_status":"closed","template":"","meta":{"inline_featured_image":false},"product_cat":[1629],"product_tag":[],"class_list":{"0":"post-7274","1":"product","2":"type-product","3":"status-publish","4":"has-post-thumbnail","6":"product_cat-muzik-egitimi","8":"first","9":"instock","10":"sale","11":"shipping-taxable","12":"purchasable","13":"product-type-simple"},"_links":{"self":[{"href":"https:\/\/www.buramkitabevi.com\/en\/wp-json\/wp\/v2\/product\/7274","targetHints":{"allow":["GET"]}}],"collection":[{"href":"https:\/\/www.buramkitabevi.com\/en\/wp-json\/wp\/v2\/product"}],"about":[{"href":"https:\/\/www.buramkitabevi.com\/en\/wp-json\/wp\/v2\/types\/product"}],"replies":[{"embeddable":true,"href":"https:\/\/www.buramkitabevi.com\/en\/wp-json\/wp\/v2\/comments?post=7274"}],"wp:featuredmedia":[{"embeddable":true,"href":"https:\/\/www.buramkitabevi.com\/en\/wp-json\/wp\/v2\/media\/7275"}],"wp:attachment":[{"href":"https:\/\/www.buramkitabevi.com\/en\/wp-json\/wp\/v2\/media?parent=7274"}],"wp:term":[{"taxonomy":"product_cat","embeddable":true,"href":"https:\/\/www.buramkitabevi.com\/en\/wp-json\/wp\/v2\/product_cat?post=7274"},{"taxonomy":"product_tag","embeddable":true,"href":"https:\/\/www.buramkitabevi.com\/en\/wp-json\/wp\/v2\/product_tag?post=7274"}],"curies":[{"name":"wp","href":"https:\/\/api.w.org\/{rel}","templated":true}]}}