{"id":7185,"date":"2025-10-16T12:16:41","date_gmt":"2025-10-16T09:16:41","guid":{"rendered":"http:\/\/www.buramkitabevi.com\/kitap\/mektup-muzaffer-bozkurt"},"modified":"2025-10-16T12:17:48","modified_gmt":"2025-10-16T09:17:48","slug":"mektup-muzaffer-bozkurt","status":"publish","type":"product","link":"https:\/\/www.buramkitabevi.com\/en\/kitap\/mektup-muzaffer-bozkurt","title":{"rendered":"Mektup &#8211; Muzaffer Bozkurt"},"content":{"rendered":"<p>Sevgi, bazen birdenbire do\u011far; bazen yava\u015f yava\u015f b\u00fcy\u00fcr. Ama her zaman, i\u00e7inde sakl\u0131d\u0131r binlerce hikaye, binlerce sessizlik. Bu kitapta, a\u015fk\u0131n en saf ve en karma\u015f\u0131k hallerine tan\u0131k olacaks\u0131n\u0131z. Kavu\u015fmalar\u0131n umutla, ayr\u0131l\u0131klar\u0131n h\u00fczn\u00fcyle \u00f6r\u00fcld\u00fc\u011f\u00fc, gurbetin ve hasretin i\u00e7 i\u00e7e ge\u00e7ti\u011fi sat\u0131rlar\u2026.<\/p>\n<p>Birbirini belki hi\u00e7 g\u00f6remeyecek iki y\u00fcre\u011fin, Birbirinden uzak ama hep ba\u011fl\u0131 kal\u0131\u015f\u0131n\u0131n \u00f6yk\u00fcs\u00fc. Burada, ula\u015f\u0131lamayan mektuplar, s\u00f6ylenemeyen s\u00f6zler ve Bir veda kadar g\u00fczel, bir te\u015fekk\u00fcr kadar derin duygular var. Kalbinizin en gizli k\u00f6\u015fesine dokunacak bir yolculu\u011fa \u00e7\u0131kmaya haz\u0131r olun.<\/p>","protected":false},"excerpt":{"rendered":"<p>Sevgi, bazen birdenbire do\u011far; bazen yava\u015f yava\u015f b\u00fcy\u00fcr. Ama her zaman, i\u00e7inde sakl\u0131d\u0131r binlerce hikaye, binlerce sessizlik. Bu kitapta, a\u015fk\u0131n en saf ve en karma\u015f\u0131k hallerine tan\u0131k olacaks\u0131n\u0131z. Kavu\u015fmalar\u0131n umutla, ayr\u0131l\u0131klar\u0131n h\u00fczn\u00fcyle \u00f6r\u00fcld\u00fc\u011f\u00fc, gurbetin ve hasretin i\u00e7 i\u00e7e ge\u00e7ti\u011fi sat\u0131rlar\u2026. Birbirini belki hi\u00e7 g\u00f6remeyecek iki y\u00fcre\u011fin, Birbirinden uzak ama hep ba\u011fl\u0131 kal\u0131\u015f\u0131n\u0131n \u00f6yk\u00fcs\u00fc. Burada, ula\u015f\u0131lamayan [&hellip;]<\/p>\n","protected":false},"featured_media":7186,"comment_status":"closed","ping_status":"open","template":"","meta":{"inline_featured_image":false},"product_cat":[1019,1280],"product_tag":[],"class_list":{"0":"post-7185","1":"product","2":"type-product","3":"status-publish","4":"has-post-thumbnail","6":"product_cat-edebiyat","7":"product_cat-gonulleme","8":"pa_boyut-135-x-195-cm","9":"pa_dil-turkce","10":"pa_sayfa-sayisi-687","11":"pa_yayin-tarihi-7-7-2025","12":"pa_yazar-muzaffer-bozkurt","14":"first","15":"instock","16":"sale","17":"purchasable","18":"product-type-simple"},"_links":{"self":[{"href":"https:\/\/www.buramkitabevi.com\/en\/wp-json\/wp\/v2\/product\/7185","targetHints":{"allow":["GET"]}}],"collection":[{"href":"https:\/\/www.buramkitabevi.com\/en\/wp-json\/wp\/v2\/product"}],"about":[{"href":"https:\/\/www.buramkitabevi.com\/en\/wp-json\/wp\/v2\/types\/product"}],"replies":[{"embeddable":true,"href":"https:\/\/www.buramkitabevi.com\/en\/wp-json\/wp\/v2\/comments?post=7185"}],"wp:featuredmedia":[{"embeddable":true,"href":"https:\/\/www.buramkitabevi.com\/en\/wp-json\/wp\/v2\/media\/7186"}],"wp:attachment":[{"href":"https:\/\/www.buramkitabevi.com\/en\/wp-json\/wp\/v2\/media?parent=7185"}],"wp:term":[{"taxonomy":"product_cat","embeddable":true,"href":"https:\/\/www.buramkitabevi.com\/en\/wp-json\/wp\/v2\/product_cat?post=7185"},{"taxonomy":"product_tag","embeddable":true,"href":"https:\/\/www.buramkitabevi.com\/en\/wp-json\/wp\/v2\/product_tag?post=7185"}],"curies":[{"name":"wp","href":"https:\/\/api.w.org\/{rel}","templated":true}]}}