{"id":7179,"date":"2025-10-16T12:16:41","date_gmt":"2025-10-16T09:16:41","guid":{"rendered":"http:\/\/www.buramkitabevi.com\/kitap\/akillara-sifa-bir-yolcu-insanoglu-bora-kokturk"},"modified":"2025-10-16T12:17:36","modified_gmt":"2025-10-16T09:17:36","slug":"akillara-sifa-bir-yolcu-insanoglu-bora-kokturk","status":"publish","type":"product","link":"https:\/\/www.buramkitabevi.com\/en\/kitap\/akillara-sifa-bir-yolcu-insanoglu-bora-kokturk","title":{"rendered":"Ak\u0131llara \u015eifa Bir Yolcu; \u0130nsano\u011flu &#8211; Bora K\u00f6kt\u00fcrk"},"content":{"rendered":"<p>Kusursuzluk da bir \u00e7e\u015fit kusur, s\u00fcrekli hareket halinde olmas\u0131 gereken bir varolu\u015fun \u00f6n\u00fcndeki en b\u00fcy\u00fck tehlike durgunluktu&#8230; Asalet bir kez daha atalete yol a\u00e7t\u0131\u011f\u0131nda, eksiksiz yarat\u0131ld\u0131klar\u0131n\u0131 d\u00fc\u015f\u00fcnen varl\u0131klar yeniden bir aymazl\u0131k ve miskinlik sarmal\u0131na yuvarlanmaya ba\u015flad\u0131\u011f\u0131nda, sistemin kendisini yeni bir \u00e7\u00f6k\u00fc\u015f\u00fcn e\u015fi\u011finde bulmas\u0131 ka\u00e7\u0131n\u0131lmazd\u0131&#8230; B\u00f6yle zamanlarda eskilerin kadim bir plan\u0131 devreye sokulur; bir \u00e7e\u015fit g\u00fcnah ke\u00e7isi olarak tasarlanan &#8216;dengesiz&#8217; bir varl\u0131ktan medet umulurdu&#8230; Bu yeniyetme varl\u0131\u011f\u0131n yarataca\u011f\u0131 &#8216;kaos ortam\u0131&#8217; \u00fczerinden t\u00fcm evrenlere baz\u0131 \u015feylerin bir kez daha hat\u0131rlat\u0131lmas\u0131na \u00e7al\u0131\u015f\u0131l\u0131rd\u0131&#8230; Ama ne yaz\u0131k ki bu trajik giri\u015fim bile bazen ba\u015far\u0131l\u0131 olur, bazen de olmazd\u0131&#8230;<\/p>","protected":false},"excerpt":{"rendered":"<p>Kusursuzluk da bir \u00e7e\u015fit kusur, s\u00fcrekli hareket halinde olmas\u0131 gereken bir varolu\u015fun \u00f6n\u00fcndeki en b\u00fcy\u00fck tehlike durgunluktu&#8230; Asalet bir kez daha atalete yol a\u00e7t\u0131\u011f\u0131nda, eksiksiz yarat\u0131ld\u0131klar\u0131n\u0131 d\u00fc\u015f\u00fcnen varl\u0131klar yeniden bir aymazl\u0131k ve miskinlik sarmal\u0131na yuvarlanmaya ba\u015flad\u0131\u011f\u0131nda, sistemin kendisini yeni bir \u00e7\u00f6k\u00fc\u015f\u00fcn e\u015fi\u011finde bulmas\u0131 ka\u00e7\u0131n\u0131lmazd\u0131&#8230; B\u00f6yle zamanlarda eskilerin kadim bir plan\u0131 devreye sokulur; bir \u00e7e\u015fit g\u00fcnah [&hellip;]<\/p>\n","protected":false},"featured_media":7180,"comment_status":"closed","ping_status":"open","template":"","meta":{"inline_featured_image":false},"product_cat":[1024,1019],"product_tag":[],"class_list":{"0":"post-7179","1":"product","2":"type-product","3":"status-publish","4":"has-post-thumbnail","6":"product_cat-deneme","7":"product_cat-edebiyat","8":"pa_boyut-135-x-195-cm","9":"pa_dil-turkce","10":"pa_sayfa-sayisi-1610","11":"pa_yayin-tarihi-7-19-2025","12":"pa_yazar-bora-kokturk","14":"first","15":"instock","16":"sale","17":"purchasable","18":"product-type-simple"},"_links":{"self":[{"href":"https:\/\/www.buramkitabevi.com\/en\/wp-json\/wp\/v2\/product\/7179","targetHints":{"allow":["GET"]}}],"collection":[{"href":"https:\/\/www.buramkitabevi.com\/en\/wp-json\/wp\/v2\/product"}],"about":[{"href":"https:\/\/www.buramkitabevi.com\/en\/wp-json\/wp\/v2\/types\/product"}],"replies":[{"embeddable":true,"href":"https:\/\/www.buramkitabevi.com\/en\/wp-json\/wp\/v2\/comments?post=7179"}],"wp:featuredmedia":[{"embeddable":true,"href":"https:\/\/www.buramkitabevi.com\/en\/wp-json\/wp\/v2\/media\/7180"}],"wp:attachment":[{"href":"https:\/\/www.buramkitabevi.com\/en\/wp-json\/wp\/v2\/media?parent=7179"}],"wp:term":[{"taxonomy":"product_cat","embeddable":true,"href":"https:\/\/www.buramkitabevi.com\/en\/wp-json\/wp\/v2\/product_cat?post=7179"},{"taxonomy":"product_tag","embeddable":true,"href":"https:\/\/www.buramkitabevi.com\/en\/wp-json\/wp\/v2\/product_tag?post=7179"}],"curies":[{"name":"wp","href":"https:\/\/api.w.org\/{rel}","templated":true}]}}