{"id":7177,"date":"2025-10-16T12:16:41","date_gmt":"2025-10-16T09:16:41","guid":{"rendered":"http:\/\/www.buramkitabevi.com\/kitap\/surec-ersin"},"modified":"2025-10-16T12:17:33","modified_gmt":"2025-10-16T09:17:33","slug":"surec-ersin","status":"publish","type":"product","link":"https:\/\/www.buramkitabevi.com\/en\/kitap\/surec-ersin","title":{"rendered":"S\u00fcre\u00e7 &#8211; Ersin"},"content":{"rendered":"<p>\u201cYaln\u0131zl\u0131k, a\u015fk, \u00f6zlem ve \u00f6l\u00fcm \u00fczerine \u015fiirler.\u201d<\/p>","protected":false},"excerpt":{"rendered":"<p>\u201cYaln\u0131zl\u0131k, a\u015fk, \u00f6zlem ve \u00f6l\u00fcm \u00fczerine \u015fiirler.\u201d<\/p>","protected":false},"featured_media":7178,"comment_status":"closed","ping_status":"open","template":"","meta":{"inline_featured_image":false},"product_cat":[1020,1019],"product_tag":[],"class_list":{"0":"post-7177","1":"product","2":"type-product","3":"status-publish","4":"has-post-thumbnail","6":"product_cat-siir","7":"product_cat-edebiyat","8":"pa_boyut-135-x-195-cm","9":"pa_dil-turkce","10":"pa_sayfa-sayisi-1177","11":"pa_yayin-tarihi-6-18-2025","12":"pa_yazar-ersin","14":"first","15":"instock","16":"sale","17":"purchasable","18":"product-type-simple"},"_links":{"self":[{"href":"https:\/\/www.buramkitabevi.com\/en\/wp-json\/wp\/v2\/product\/7177","targetHints":{"allow":["GET"]}}],"collection":[{"href":"https:\/\/www.buramkitabevi.com\/en\/wp-json\/wp\/v2\/product"}],"about":[{"href":"https:\/\/www.buramkitabevi.com\/en\/wp-json\/wp\/v2\/types\/product"}],"replies":[{"embeddable":true,"href":"https:\/\/www.buramkitabevi.com\/en\/wp-json\/wp\/v2\/comments?post=7177"}],"wp:featuredmedia":[{"embeddable":true,"href":"https:\/\/www.buramkitabevi.com\/en\/wp-json\/wp\/v2\/media\/7178"}],"wp:attachment":[{"href":"https:\/\/www.buramkitabevi.com\/en\/wp-json\/wp\/v2\/media?parent=7177"}],"wp:term":[{"taxonomy":"product_cat","embeddable":true,"href":"https:\/\/www.buramkitabevi.com\/en\/wp-json\/wp\/v2\/product_cat?post=7177"},{"taxonomy":"product_tag","embeddable":true,"href":"https:\/\/www.buramkitabevi.com\/en\/wp-json\/wp\/v2\/product_tag?post=7177"}],"curies":[{"name":"wp","href":"https:\/\/api.w.org\/{rel}","templated":true}]}}