{"id":7149,"date":"2025-10-16T12:16:41","date_gmt":"2025-10-16T09:16:41","guid":{"rendered":"http:\/\/www.buramkitabevi.com\/kitap\/bazen-en-sevdigini-en-cok-acitirsin-ali-ozgan"},"modified":"2025-10-16T12:16:41","modified_gmt":"2025-10-16T09:16:41","slug":"bazen-en-sevdigini-en-cok-acitirsin-ali-ozgan","status":"publish","type":"product","link":"https:\/\/www.buramkitabevi.com\/en\/kitap\/bazen-en-sevdigini-en-cok-acitirsin-ali-ozgan","title":{"rendered":"Bazen En Sevdi\u011fini En \u00c7ok Ac\u0131t\u0131rs\u0131n &#8211; Ali \u00d6zgan"},"content":{"rendered":"<p>Ula\u015f\u0131lamayan sevdalar\u0131, ya\u015fanan tutkular\u0131, a\u015fk\u0131n k\u0131r\u0131k hayallerini bulabilirsiniz bu dizelerde; olanaks\u0131zla m\u00fcmk\u00fcn aras\u0131nda gidip gelen sevgilerin kelimelere b\u00fcr\u00fcnm\u00fc\u015f h\u00e2lidir bunlar.<\/p>\n<p>Bu m\u0131sralarda eri\u015filmez sevdalar\u0131n, kalabal\u0131k sokaklarda kaybolan hik\u00e2yelerin izine d\u00fc\u015ferken, k\u0131r\u0131lm\u0131\u015f d\u00fc\u015flerin, bitmeyen \u00f6zlemlerin yak\u0131c\u0131 sanc\u0131s\u0131n\u0131n ve i\u00e7inizde kanayan sessizliklerin izini de s\u00fcreceksiniz.<\/p>\n<p>Yeni sevdalar filizlenecek, taze kederler y\u00fcre\u011finize dokunacak, bahar gibi ans\u0131z\u0131n uyanan heyecanlarla kar\u015f\u0131la\u015facaks\u0131n\u0131z bu sessiz k\u0131y\u0131larda.<br \/>\nM\u00fcmk\u00fcns\u00fczle imk\u00e2nl\u0131 aras\u0131nda sal\u0131nan a\u015fklar\u0131n, hayal meyal seraplar\u0131n, her dizede yeniden nefes ald\u0131\u011f\u0131n\u0131 hissedeceksiniz bu sakin f\u0131rt\u0131nalarda.<br \/>\nSayfa aralar\u0131nda, i\u00e7inizde kanayan suskunluklar\u0131n zamanla k\u00fcllenmi\u015f emellere sesleni\u015fini duyacaks\u0131n\u0131z.<br \/>\nOkuduk\u00e7a i\u00e7inizde b\u00fcy\u00fcyen o eski s\u0131z\u0131yla ba\u015f ba\u015fa kalacak, kelimelerin g\u00f6lgesinde kaybolacaks\u0131n\u0131z.<br \/>\nVe belki de en \u00e7ok kendinizi bulacaks\u0131n\u0131z&#8230;<\/p>","protected":false},"excerpt":{"rendered":"<p>Ula\u015f\u0131lamayan sevdalar\u0131, ya\u015fanan tutkular\u0131, a\u015fk\u0131n k\u0131r\u0131k hayallerini bulabilirsiniz bu dizelerde; olanaks\u0131zla m\u00fcmk\u00fcn aras\u0131nda gidip gelen sevgilerin kelimelere b\u00fcr\u00fcnm\u00fc\u015f h\u00e2lidir bunlar. Bu m\u0131sralarda eri\u015filmez sevdalar\u0131n, kalabal\u0131k sokaklarda kaybolan hik\u00e2yelerin izine d\u00fc\u015ferken, k\u0131r\u0131lm\u0131\u015f d\u00fc\u015flerin, bitmeyen \u00f6zlemlerin yak\u0131c\u0131 sanc\u0131s\u0131n\u0131n ve i\u00e7inizde kanayan sessizliklerin izini de s\u00fcreceksiniz. Yeni sevdalar filizlenecek, taze kederler y\u00fcre\u011finize dokunacak, bahar gibi ans\u0131z\u0131n uyanan heyecanlarla [&hellip;]<\/p>\n","protected":false},"featured_media":7150,"comment_status":"closed","ping_status":"open","template":"","meta":{"inline_featured_image":false},"product_cat":[1020,1019],"product_tag":[],"class_list":{"0":"post-7149","1":"product","2":"type-product","3":"status-publish","4":"has-post-thumbnail","6":"product_cat-siir","7":"product_cat-edebiyat","8":"pa_boyut-135-x-195-cm","9":"pa_dil-turkce","10":"pa_sayfa-sayisi-1106","11":"pa_yayin-tarihi-4-4-2025","12":"pa_yazar-ali-ozgan","14":"first","15":"instock","16":"sale","17":"purchasable","18":"product-type-simple"},"_links":{"self":[{"href":"https:\/\/www.buramkitabevi.com\/en\/wp-json\/wp\/v2\/product\/7149","targetHints":{"allow":["GET"]}}],"collection":[{"href":"https:\/\/www.buramkitabevi.com\/en\/wp-json\/wp\/v2\/product"}],"about":[{"href":"https:\/\/www.buramkitabevi.com\/en\/wp-json\/wp\/v2\/types\/product"}],"replies":[{"embeddable":true,"href":"https:\/\/www.buramkitabevi.com\/en\/wp-json\/wp\/v2\/comments?post=7149"}],"wp:featuredmedia":[{"embeddable":true,"href":"https:\/\/www.buramkitabevi.com\/en\/wp-json\/wp\/v2\/media\/7150"}],"wp:attachment":[{"href":"https:\/\/www.buramkitabevi.com\/en\/wp-json\/wp\/v2\/media?parent=7149"}],"wp:term":[{"taxonomy":"product_cat","embeddable":true,"href":"https:\/\/www.buramkitabevi.com\/en\/wp-json\/wp\/v2\/product_cat?post=7149"},{"taxonomy":"product_tag","embeddable":true,"href":"https:\/\/www.buramkitabevi.com\/en\/wp-json\/wp\/v2\/product_tag?post=7149"}],"curies":[{"name":"wp","href":"https:\/\/api.w.org\/{rel}","templated":true}]}}