{"id":7113,"date":"2025-10-16T12:15:26","date_gmt":"2025-10-16T09:15:26","guid":{"rendered":"http:\/\/www.buramkitabevi.com\/kitap\/kahire-gunlukleri-sinan-basaran"},"modified":"2025-10-16T12:15:34","modified_gmt":"2025-10-16T09:15:34","slug":"kahire-gunlukleri-sinan-basaran","status":"publish","type":"product","link":"https:\/\/www.buramkitabevi.com\/en\/kitap\/kahire-gunlukleri-sinan-basaran","title":{"rendered":"Kahire G\u00fcnl\u00fckleri &#8211; Sinan Ba\u015faran"},"content":{"rendered":"<p>Yazar, kitab\u0131nda, M\u0131s\u0131r seyahati s\u0131ras\u0131nda ba\u015fkent Kahire\u2019de, Mar Charbel Hotelinde kald\u0131\u011f\u0131 g\u00fcnlerde g\u00f6rd\u00fc\u011f\u00fc ve \u00e7ok etkilendi\u011fi bir r\u00fcyadan yola \u00e7\u0131karak M\u0131s\u0131r izlenimlerini anlat\u0131yor. R\u00fcyas\u0131n\u0131 bir kurgusal senaryo \u015feklinde yaz\u0131ya d\u00f6ken ve siyasal temennilerini alternatif  bir yak\u0131n tarih bak\u0131\u015f a\u00e7\u0131s\u0131yla birle\u015ftiren yazar, g\u00fcn\u00fcm\u00fcz olaylar\u0131na da farkl\u0131 bir \u00e7er\u00e7eveden bakmam\u0131z\u0131 sa\u011flarken; T\u00fcrkiye\u2019nin, \u0130slam aleminin ve d\u00fcnyan\u0131n halini ve bu ba\u011flamda son otuz y\u0131ll\u0131k siyasal perspektifi kendi penceresinden \u00e7izerek resmediyor ve son s\u00f6z olarak diyor ki: \u2018\u2019Kahire\u2019yi \u00e7ok sevdim, can\u0131m Kahire\u2019m. T\u00fcm d\u00fcnyay\u0131 da gezseniz; M\u0131s\u0131r\u2019a gitmediyseniz ve Yusuf y\u00fczl\u00fc insanlar\u0131n\u0131 g\u00f6rmediyseniz e\u011fer, d\u00fcnyay\u0131 gezdim demeyin asla, nokta.\u2019\u2019<\/p>","protected":false},"excerpt":{"rendered":"<p>Yazar, kitab\u0131nda, M\u0131s\u0131r seyahati s\u0131ras\u0131nda ba\u015fkent Kahire\u2019de, Mar Charbel Hotelinde kald\u0131\u011f\u0131 g\u00fcnlerde g\u00f6rd\u00fc\u011f\u00fc ve \u00e7ok etkilendi\u011fi bir r\u00fcyadan yola \u00e7\u0131karak M\u0131s\u0131r izlenimlerini anlat\u0131yor. R\u00fcyas\u0131n\u0131 bir kurgusal senaryo \u015feklinde yaz\u0131ya d\u00f6ken ve siyasal temennilerini alternatif bir yak\u0131n tarih bak\u0131\u015f a\u00e7\u0131s\u0131yla birle\u015ftiren yazar, g\u00fcn\u00fcm\u00fcz olaylar\u0131na da farkl\u0131 bir \u00e7er\u00e7eveden bakmam\u0131z\u0131 sa\u011flarken; T\u00fcrkiye\u2019nin, \u0130slam aleminin ve d\u00fcnyan\u0131n halini [&hellip;]<\/p>\n","protected":false},"featured_media":7114,"comment_status":"closed","ping_status":"open","template":"","meta":{"inline_featured_image":false},"product_cat":[1083,1019],"product_tag":[],"class_list":{"0":"post-7113","1":"product","2":"type-product","3":"status-publish","4":"has-post-thumbnail","6":"product_cat-ani","7":"product_cat-edebiyat","8":"pa_boyut-135-x-195-cm","9":"pa_dil-turkce","10":"pa_sayfa-sayisi-380","11":"pa_yayin-tarihi-2-6-2025","12":"pa_yazar-sinan-basaran","14":"first","15":"instock","16":"sale","17":"purchasable","18":"product-type-simple"},"_links":{"self":[{"href":"https:\/\/www.buramkitabevi.com\/en\/wp-json\/wp\/v2\/product\/7113","targetHints":{"allow":["GET"]}}],"collection":[{"href":"https:\/\/www.buramkitabevi.com\/en\/wp-json\/wp\/v2\/product"}],"about":[{"href":"https:\/\/www.buramkitabevi.com\/en\/wp-json\/wp\/v2\/types\/product"}],"replies":[{"embeddable":true,"href":"https:\/\/www.buramkitabevi.com\/en\/wp-json\/wp\/v2\/comments?post=7113"}],"wp:featuredmedia":[{"embeddable":true,"href":"https:\/\/www.buramkitabevi.com\/en\/wp-json\/wp\/v2\/media\/7114"}],"wp:attachment":[{"href":"https:\/\/www.buramkitabevi.com\/en\/wp-json\/wp\/v2\/media?parent=7113"}],"wp:term":[{"taxonomy":"product_cat","embeddable":true,"href":"https:\/\/www.buramkitabevi.com\/en\/wp-json\/wp\/v2\/product_cat?post=7113"},{"taxonomy":"product_tag","embeddable":true,"href":"https:\/\/www.buramkitabevi.com\/en\/wp-json\/wp\/v2\/product_tag?post=7113"}],"curies":[{"name":"wp","href":"https:\/\/api.w.org\/{rel}","templated":true}]}}