{"id":7106,"date":"2025-10-16T12:14:10","date_gmt":"2025-10-16T09:14:10","guid":{"rendered":"http:\/\/www.buramkitabevi.com\/kitap\/bir-sizofrenin-manzarasi-mahmut-tekdemir"},"modified":"2025-10-16T12:15:21","modified_gmt":"2025-10-16T09:15:21","slug":"bir-sizofrenin-manzarasi-mahmut-tekdemir","status":"publish","type":"product","link":"https:\/\/www.buramkitabevi.com\/en\/kitap\/bir-sizofrenin-manzarasi-mahmut-tekdemir","title":{"rendered":"Bir \u015eizofrenin Manzaras\u0131 &#8211; Mahmut Tekdemir"},"content":{"rendered":"<p class=\"gmail-cvGsUA gmail-direction-ltr gmail-align-start gmail-para-style-body\"><span class=\"gmail-OYPEnA gmail-font-feature-liga-off gmail-font-feature-clig-off gmail-font-feature-calt-off gmail-text-decoration-none gmail-text-strikethrough-none\">\u201c<\/span><span class=\"gmail-OYPEnA gmail-font-feature-liga-off gmail-font-feature-clig-off gmail-font-feature-calt-off gmail-text-decoration-none gmail-text-strikethrough-none\">Bir k\u0131v\u0131lc\u0131m\u0131n harlayan\u0131 olmadan nas\u0131l aleve d\u00f6n\u00fc\u015ft\u00fc\u011f\u00fcne \u015fahit oldum bizzat.\u00a0<\/span><\/p>\n<p class=\"gmail-cvGsUA gmail-direction-ltr gmail-align-start gmail-para-style-body\">\u00a0 R\u00fczgar bile esmiyordu i\u00e7imde ama ben, a\u015fk\u0131ndan k\u00fcle d\u00f6nd\u00fcm. \u201c<\/p>\n<p class=\"gmail-cvGsUA gmail-direction-ltr gmail-align-start gmail-para-style-body\"><span class=\"gmail-OYPEnA gmail-font-feature-liga-off gmail-font-feature-clig-off gmail-font-feature-calt-off gmail-text-decoration-none gmail-text-strikethrough-none\">Bu kitapta \u00e7ok seven bir adam\u0131n g\u00f6z\u00fcnden <\/span><span class=\"gmail-OYPEnA gmail-font-feature-liga-off gmail-font-feature-clig-off gmail-font-feature-calt-off gmail-text-decoration-none gmail-text-strikethrough-none\">A\u015eK <\/span><span class=\"gmail-OYPEnA gmail-font-feature-liga-off gmail-font-feature-clig-off gmail-font-feature-calt-off gmail-text-decoration-none gmail-text-strikethrough-none\">anlat\u0131ld\u0131. Ya\u015fanmam\u0131\u015f d\u00fcnlerin ya\u015fan\u0131lmayacak yar\u0131nlara biriktirdi\u011fi sitemleri her sat\u0131rda daha yo\u011fun hissedece\u011finiz, i\u00e7erisinde bir \u00e7ok <\/span><span class=\"gmail-OYPEnA gmail-font-feature-liga-off gmail-font-feature-clig-off gmail-font-feature-calt-off gmail-text-decoration-none gmail-text-strikethrough-none\">\u201cacaba\u201d<\/span><span class=\"gmail-OYPEnA gmail-font-feature-liga-off gmail-font-feature-clig-off gmail-font-feature-calt-off gmail-text-decoration-none gmail-text-strikethrough-none\"> bar\u0131nd\u0131ran bu eserde; kar\u015f\u0131l\u0131kl\u0131 ba\u015flayan bir a\u015fk\u0131n belki de en zorlay\u0131c\u0131 ve h\u00fcz\u00fcnl\u00fc hali olan tek tarafl\u0131 a\u015fka nas\u0131l d\u00f6n\u00fc\u015ft\u00fc\u011f\u00fcn\u00fc ele ald\u0131m. Her bir b\u00f6l\u00fcmde, tek tarafl\u0131 a\u015fk\u0131n farkl\u0131 y\u00f6nlerine \u0131\u015f\u0131k tutmay\u0131 ama\u00e7lad\u0131m.<\/span> <span class=\"gmail-OYPEnA gmail-font-feature-liga-off gmail-font-feature-clig-off gmail-font-feature-calt-off gmail-text-decoration-none gmail-text-strikethrough-none\">Her bir sat\u0131r, okurlar\u0131m\u0131n kalplerinde yank\u0131lanacak; belki de bir par\u00e7a ya\u015fanm\u0131\u015fl\u0131k hissi uyand\u0131racakt\u0131r. Bu sayfalar\u0131 \u00e7evirdik\u00e7e, kendinizi bu karakterin yerine koyabilir, onun duygular\u0131n\u0131 derinden hissedebilir ve belki de kendi deneyimlerinizle y\u00fczle\u015febilirsiniz.<\/span><\/p>\n<p class=\"gmail-cvGsUA gmail-direction-ltr gmail-align-center gmail-para-style-body\"><span class=\"gmail-OYPEnA gmail-font-feature-liga-off gmail-font-feature-clig-off gmail-font-feature-calt-off gmail-text-decoration-none gmail-text-strikethrough-none\">Sevgi ve minnetle<\/span>&#8230;<\/p>","protected":false},"excerpt":{"rendered":"<p>\u201cBir k\u0131v\u0131lc\u0131m\u0131n harlayan\u0131 olmadan nas\u0131l aleve d\u00f6n\u00fc\u015ft\u00fc\u011f\u00fcne \u015fahit oldum bizzat.\u00a0 \u00a0 R\u00fczgar bile esmiyordu i\u00e7imde ama ben, a\u015fk\u0131ndan k\u00fcle d\u00f6nd\u00fcm. \u201c Bu kitapta \u00e7ok seven bir adam\u0131n g\u00f6z\u00fcnden A\u015eK anlat\u0131ld\u0131. Ya\u015fanmam\u0131\u015f d\u00fcnlerin ya\u015fan\u0131lmayacak yar\u0131nlara biriktirdi\u011fi sitemleri her sat\u0131rda daha yo\u011fun hissedece\u011finiz, i\u00e7erisinde bir \u00e7ok \u201cacaba\u201d bar\u0131nd\u0131ran bu eserde; kar\u015f\u0131l\u0131kl\u0131 ba\u015flayan bir a\u015fk\u0131n belki de en [&hellip;]<\/p>\n","protected":false},"featured_media":7107,"comment_status":"closed","ping_status":"open","template":"","meta":{"inline_featured_image":false},"product_cat":[1019,1033],"product_tag":[],"class_list":{"0":"post-7106","1":"product","2":"type-product","3":"status-publish","4":"has-post-thumbnail","6":"product_cat-edebiyat","7":"product_cat-roman","8":"pa_boyut-135-x-195-cm","9":"pa_dil-turkce","10":"pa_sayfa-sayisi-624","11":"pa_yayin-tarihi-1-20-2025","12":"pa_yazar-mahmut-tekdemir","14":"first","15":"instock","16":"sale","17":"purchasable","18":"product-type-simple"},"_links":{"self":[{"href":"https:\/\/www.buramkitabevi.com\/en\/wp-json\/wp\/v2\/product\/7106","targetHints":{"allow":["GET"]}}],"collection":[{"href":"https:\/\/www.buramkitabevi.com\/en\/wp-json\/wp\/v2\/product"}],"about":[{"href":"https:\/\/www.buramkitabevi.com\/en\/wp-json\/wp\/v2\/types\/product"}],"replies":[{"embeddable":true,"href":"https:\/\/www.buramkitabevi.com\/en\/wp-json\/wp\/v2\/comments?post=7106"}],"wp:featuredmedia":[{"embeddable":true,"href":"https:\/\/www.buramkitabevi.com\/en\/wp-json\/wp\/v2\/media\/7107"}],"wp:attachment":[{"href":"https:\/\/www.buramkitabevi.com\/en\/wp-json\/wp\/v2\/media?parent=7106"}],"wp:term":[{"taxonomy":"product_cat","embeddable":true,"href":"https:\/\/www.buramkitabevi.com\/en\/wp-json\/wp\/v2\/product_cat?post=7106"},{"taxonomy":"product_tag","embeddable":true,"href":"https:\/\/www.buramkitabevi.com\/en\/wp-json\/wp\/v2\/product_tag?post=7106"}],"curies":[{"name":"wp","href":"https:\/\/api.w.org\/{rel}","templated":true}]}}