{"id":7078,"date":"2025-10-16T12:14:10","date_gmt":"2025-10-16T09:14:10","guid":{"rendered":"http:\/\/www.buramkitabevi.com\/kitap\/huzur-veren-gelincikler-ibrahim-yildirim"},"modified":"2025-10-16T12:14:27","modified_gmt":"2025-10-16T09:14:27","slug":"huzur-veren-gelincikler-ibrahim-yildirim","status":"publish","type":"product","link":"https:\/\/www.buramkitabevi.com\/en\/kitap\/huzur-veren-gelincikler-ibrahim-yildirim","title":{"rendered":"Huzur Veren Gelincikler &#8211; \u0130brahim Y\u0131ld\u0131r\u0131m"},"content":{"rendered":"<p>&#8220;Yine ya\u011fmur \u00e7iseliyor, Yine ya\u011facak. Benim g\u00f6nl\u00fcm ah\u00fc-zarda, Yine olacak. Sense bana ac\u0131yarak Bir ah \u00e7ekecek, Benim g\u00f6nl\u00fcm ah\u00fc-zarda Yine olacak&#8221;.<\/p>","protected":false},"excerpt":{"rendered":"<p>&#8220;Yine ya\u011fmur \u00e7iseliyor, Yine ya\u011facak. Benim g\u00f6nl\u00fcm ah\u00fc-zarda, Yine olacak. Sense bana ac\u0131yarak Bir ah \u00e7ekecek, Benim g\u00f6nl\u00fcm ah\u00fc-zarda Yine olacak&#8221;.<\/p>","protected":false},"featured_media":7079,"comment_status":"closed","ping_status":"open","template":"","meta":{"inline_featured_image":false},"product_cat":[1020,1019],"product_tag":[],"class_list":{"0":"post-7078","1":"product","2":"type-product","3":"status-publish","4":"has-post-thumbnail","6":"product_cat-siir","7":"product_cat-edebiyat","8":"pa_boyut-135-x-195-cm","9":"pa_dil-turkce","10":"pa_sayfa-sayisi-340","11":"pa_yayin-tarihi-12-30-2024","12":"pa_yazar-ibrahim-yildirim","14":"first","15":"instock","16":"sale","17":"purchasable","18":"product-type-simple"},"_links":{"self":[{"href":"https:\/\/www.buramkitabevi.com\/en\/wp-json\/wp\/v2\/product\/7078","targetHints":{"allow":["GET"]}}],"collection":[{"href":"https:\/\/www.buramkitabevi.com\/en\/wp-json\/wp\/v2\/product"}],"about":[{"href":"https:\/\/www.buramkitabevi.com\/en\/wp-json\/wp\/v2\/types\/product"}],"replies":[{"embeddable":true,"href":"https:\/\/www.buramkitabevi.com\/en\/wp-json\/wp\/v2\/comments?post=7078"}],"wp:featuredmedia":[{"embeddable":true,"href":"https:\/\/www.buramkitabevi.com\/en\/wp-json\/wp\/v2\/media\/7079"}],"wp:attachment":[{"href":"https:\/\/www.buramkitabevi.com\/en\/wp-json\/wp\/v2\/media?parent=7078"}],"wp:term":[{"taxonomy":"product_cat","embeddable":true,"href":"https:\/\/www.buramkitabevi.com\/en\/wp-json\/wp\/v2\/product_cat?post=7078"},{"taxonomy":"product_tag","embeddable":true,"href":"https:\/\/www.buramkitabevi.com\/en\/wp-json\/wp\/v2\/product_tag?post=7078"}],"curies":[{"name":"wp","href":"https:\/\/api.w.org\/{rel}","templated":true}]}}