{"id":7032,"date":"2025-10-16T12:12:55","date_gmt":"2025-10-16T09:12:55","guid":{"rendered":"http:\/\/www.buramkitabevi.com\/kitap\/insan-kalmak-mustafa-ali-ozturk"},"modified":"2025-10-16T12:13:02","modified_gmt":"2025-10-16T09:13:02","slug":"insan-kalmak-mustafa-ali-ozturk","status":"publish","type":"product","link":"https:\/\/www.buramkitabevi.com\/en\/kitap\/insan-kalmak-mustafa-ali-ozturk","title":{"rendered":"\u0130nsan Kalmak &#8211; Mustafa Ali \u00d6zt\u00fcrk"},"content":{"rendered":"<p>Yazmak, bireyin i\u00e7sel d\u00fcnyas\u0131n\u0131 d\u0131\u015fa vurman\u0131n en etkili yollar\u0131ndan biridir. \u0130nsano\u011flu genel olarak s\u00f6zl\u00fc ileti\u015fim ara\u00e7lar\u0131n\u0131 kullan\u0131r ancak baz\u0131 durumlarda yazmak da konu\u015fmak kadar etkili bir ileti\u015fim arac\u0131d\u0131r. Hatta baz\u0131 durumlarda konu\u015fmaktan daha etkili bir ileti\u015fim arac\u0131 haline d\u00f6n\u00fc\u015febilir. \u0130nsan, d\u00fc\u015f\u00fcnen bir varl\u0131k olarak s\u00fcrekli bilgiye ve birikime ihtiya\u00e7 duyar; bu birikim de d\u00fc\u015f\u00fcncelerini \u015fekillendirir. D\u00fc\u015f\u00fcnceler ise birikimi derinle\u015ftirir. Bu s\u00fcrekli d\u00f6ng\u00fc, bireyin hayat\u0131n\u0131n her d\u00f6neminde devam eder.<br \/>\nBu eser, yazar\u0131n farkl\u0131 konulardaki d\u00fc\u015f\u00fcncelerinin duygularla harmanlanarak anlat\u0131ld\u0131\u011f\u0131 deneme t\u00fcr\u00fcnde bir kitapt\u0131r. Kitab\u0131n merkezinde, ya\u015fad\u0131\u011f\u0131m\u0131z \u00e7a\u011fda kar\u015f\u0131la\u015ft\u0131\u011f\u0131m\u0131z sorunlarla ilgili deneyimler, duygular ve yazar\u0131n bir e\u011fitimci olarak d\u00fc\u015f\u00fcnceleri yer al\u0131yor. Kelimelerin g\u00fcc\u00fcne inan yazar bu g\u00fcc\u00fcn rehberli\u011finde da\u011farc\u0131\u011f\u0131n\u0131n s\u0131n\u0131rlar\u0131 \u00f6l\u00e7\u00fcs\u00fcnde farkl\u0131 konulardaki duygu ve d\u00fc\u015f\u00fcncelerini okuruyla payla\u015fmak istemi\u015ftir. Burada dikkat edilmesi gereken bir husus, bu eserin bir felsefe kitab\u0131 olmad\u0131\u011f\u0131d\u0131r. Yazar\u0131n bu alanda bir akademik e\u011fitimi bulunmamaktad\u0131r; dolay\u0131s\u0131yla bu durumu belirtmeyi bir sorumluluk olarak g\u00f6rmektedir.<\/p>","protected":false},"excerpt":{"rendered":"<p>Yazmak, bireyin i\u00e7sel d\u00fcnyas\u0131n\u0131 d\u0131\u015fa vurman\u0131n en etkili yollar\u0131ndan biridir. \u0130nsano\u011flu genel olarak s\u00f6zl\u00fc ileti\u015fim ara\u00e7lar\u0131n\u0131 kullan\u0131r ancak baz\u0131 durumlarda yazmak da konu\u015fmak kadar etkili bir ileti\u015fim arac\u0131d\u0131r. Hatta baz\u0131 durumlarda konu\u015fmaktan daha etkili bir ileti\u015fim arac\u0131 haline d\u00f6n\u00fc\u015febilir. \u0130nsan, d\u00fc\u015f\u00fcnen bir varl\u0131k olarak s\u00fcrekli bilgiye ve birikime ihtiya\u00e7 duyar; bu birikim de d\u00fc\u015f\u00fcncelerini \u015fekillendirir. [&hellip;]<\/p>\n","protected":false},"featured_media":7033,"comment_status":"closed","ping_status":"open","template":"","meta":{"inline_featured_image":false},"product_cat":[1024,1019],"product_tag":[],"class_list":{"0":"post-7032","1":"product","2":"type-product","3":"status-publish","4":"has-post-thumbnail","6":"product_cat-deneme","7":"product_cat-edebiyat","8":"pa_boyut-135-x-195-cm","9":"pa_dil-turkce","10":"pa_sayfa-sayisi-762","11":"pa_yayin-tarihi-10-18-2024","12":"pa_yazar-mustafa-ali-ozturk","14":"first","15":"instock","16":"sale","17":"purchasable","18":"product-type-simple"},"_links":{"self":[{"href":"https:\/\/www.buramkitabevi.com\/en\/wp-json\/wp\/v2\/product\/7032","targetHints":{"allow":["GET"]}}],"collection":[{"href":"https:\/\/www.buramkitabevi.com\/en\/wp-json\/wp\/v2\/product"}],"about":[{"href":"https:\/\/www.buramkitabevi.com\/en\/wp-json\/wp\/v2\/types\/product"}],"replies":[{"embeddable":true,"href":"https:\/\/www.buramkitabevi.com\/en\/wp-json\/wp\/v2\/comments?post=7032"}],"wp:featuredmedia":[{"embeddable":true,"href":"https:\/\/www.buramkitabevi.com\/en\/wp-json\/wp\/v2\/media\/7033"}],"wp:attachment":[{"href":"https:\/\/www.buramkitabevi.com\/en\/wp-json\/wp\/v2\/media?parent=7032"}],"wp:term":[{"taxonomy":"product_cat","embeddable":true,"href":"https:\/\/www.buramkitabevi.com\/en\/wp-json\/wp\/v2\/product_cat?post=7032"},{"taxonomy":"product_tag","embeddable":true,"href":"https:\/\/www.buramkitabevi.com\/en\/wp-json\/wp\/v2\/product_tag?post=7032"}],"curies":[{"name":"wp","href":"https:\/\/api.w.org\/{rel}","templated":true}]}}