{"id":7028,"date":"2025-10-16T12:12:55","date_gmt":"2025-10-16T09:12:55","guid":{"rendered":"http:\/\/www.buramkitabevi.com\/kitap\/hatira-hatira-cagaloglu-anadolu-lisesi-abdullah-bayer"},"modified":"2025-10-16T12:12:55","modified_gmt":"2025-10-16T09:12:55","slug":"hatira-hatira-cagaloglu-anadolu-lisesi-abdullah-bayer","status":"publish","type":"product","link":"https:\/\/www.buramkitabevi.com\/en\/kitap\/hatira-hatira-cagaloglu-anadolu-lisesi-abdullah-bayer","title":{"rendered":"Hat\u0131ra Hat\u0131ra Ca\u011falo\u011flu Anadolu Lisesi &#8211; Abdullah Bayer"},"content":{"rendered":"<p>\u201cBir g\u00fcn\u201d ile ba\u015flayan c\u00fcmleler, hat\u0131ralar\u0131n co\u015fkusudur asl\u0131nda. \u201cBir g\u00fcn\u201d ile ba\u015flar, ge\u00e7mi\u015fte kalan tatl\u0131 ac\u0131 b\u00fct\u00fcn hat\u0131ralar. G\u00fcn g\u00fcn biriken ya\u015fanm\u0131\u015fl\u0131klar, \u201cBir g\u00fcn\u201d ile a\u00e7\u0131\u011fa \u00e7\u0131kar\u0131r kendini. Duygular\u0131n sa\u011f\u0131lmas\u0131d\u0131r asl\u0131nda o. K\u00e2h kahkahalarla, k\u00e2h y\u00fcrek burkulmalar\u0131yla anlat\u0131lan \u00f6zlemdir. \u201cBir g\u00fcn\u201d bir daha ya\u015fanmaz, bilen bilir. Belli ki bug\u00fcne ta\u015f\u0131n\u0131\u015f\u0131, yar\u0131nlara da ta\u015f\u0131nacakt\u0131r. Zaten yar\u0131nlar\u0131m\u0131z, ge\u00e7mi\u015fimizin uzam\u0131\u015f g\u00f6lgeleri sanki.<\/p>","protected":false},"excerpt":{"rendered":"<p>\u201cBir g\u00fcn\u201d ile ba\u015flayan c\u00fcmleler, hat\u0131ralar\u0131n co\u015fkusudur asl\u0131nda. \u201cBir g\u00fcn\u201d ile ba\u015flar, ge\u00e7mi\u015fte kalan tatl\u0131 ac\u0131 b\u00fct\u00fcn hat\u0131ralar. G\u00fcn g\u00fcn biriken ya\u015fanm\u0131\u015fl\u0131klar, \u201cBir g\u00fcn\u201d ile a\u00e7\u0131\u011fa \u00e7\u0131kar\u0131r kendini. Duygular\u0131n sa\u011f\u0131lmas\u0131d\u0131r asl\u0131nda o. K\u00e2h kahkahalarla, k\u00e2h y\u00fcrek burkulmalar\u0131yla anlat\u0131lan \u00f6zlemdir. \u201cBir g\u00fcn\u201d bir daha ya\u015fanmaz, bilen bilir. Belli ki bug\u00fcne ta\u015f\u0131n\u0131\u015f\u0131, yar\u0131nlara da ta\u015f\u0131nacakt\u0131r. Zaten yar\u0131nlar\u0131m\u0131z, [&hellip;]<\/p>\n","protected":false},"featured_media":7029,"comment_status":"closed","ping_status":"open","template":"","meta":{"inline_featured_image":false},"product_cat":[1083,1019],"product_tag":[],"class_list":{"0":"post-7028","1":"product","2":"type-product","3":"status-publish","4":"has-post-thumbnail","6":"product_cat-ani","7":"product_cat-edebiyat","8":"pa_boyut-135-x-195-cm","9":"pa_dil-turkce","10":"pa_sayfa-sayisi-1410","11":"pa_yayin-tarihi-10-8-2024","12":"pa_yazar-abdullah-bayer","14":"first","15":"instock","16":"sale","17":"purchasable","18":"product-type-simple"},"_links":{"self":[{"href":"https:\/\/www.buramkitabevi.com\/en\/wp-json\/wp\/v2\/product\/7028","targetHints":{"allow":["GET"]}}],"collection":[{"href":"https:\/\/www.buramkitabevi.com\/en\/wp-json\/wp\/v2\/product"}],"about":[{"href":"https:\/\/www.buramkitabevi.com\/en\/wp-json\/wp\/v2\/types\/product"}],"replies":[{"embeddable":true,"href":"https:\/\/www.buramkitabevi.com\/en\/wp-json\/wp\/v2\/comments?post=7028"}],"wp:featuredmedia":[{"embeddable":true,"href":"https:\/\/www.buramkitabevi.com\/en\/wp-json\/wp\/v2\/media\/7029"}],"wp:attachment":[{"href":"https:\/\/www.buramkitabevi.com\/en\/wp-json\/wp\/v2\/media?parent=7028"}],"wp:term":[{"taxonomy":"product_cat","embeddable":true,"href":"https:\/\/www.buramkitabevi.com\/en\/wp-json\/wp\/v2\/product_cat?post=7028"},{"taxonomy":"product_tag","embeddable":true,"href":"https:\/\/www.buramkitabevi.com\/en\/wp-json\/wp\/v2\/product_tag?post=7028"}],"curies":[{"name":"wp","href":"https:\/\/api.w.org\/{rel}","templated":true}]}}