{"id":7010,"date":"2025-10-16T12:11:51","date_gmt":"2025-10-16T09:11:51","guid":{"rendered":"http:\/\/www.buramkitabevi.com\/kitap\/kalbe-dokunanlar-selvi-tuzun-avci"},"modified":"2025-10-16T12:12:25","modified_gmt":"2025-10-16T09:12:25","slug":"kalbe-dokunanlar-selvi-tuzun-avci","status":"publish","type":"product","link":"https:\/\/www.buramkitabevi.com\/en\/kitap\/kalbe-dokunanlar-selvi-tuzun-avci","title":{"rendered":"Kalbe D&#8217;okunanlar &#8211; Selvi T\u00fcz\u00fcn Avc\u0131"},"content":{"rendered":"<div class=\"comment-container\">\n<div class=\"action-comment can-view-video markeddown js-comment is-comments-rewrite\" dir=\"auto\" data-testid=\"comment-container\">\n<div class=\"current-comment js-friendly-links js-open-card\">\n<p>Sevgili Selvi ile yollar\u0131m\u0131z; edit\u00f6rl\u00fc\u011f\u00fcn\u00fc y\u00fcr\u00fctt\u00fc\u011f\u00fcm G\u00f6n\u00fcl Ku\u015fu K\u00fclt\u00fcr, Sanat ve Edebiyat Dergisi&#8217;nin sayfalar\u0131 aras\u0131nda kesi\u015fmi\u015fti. Kelam\u0131n\u0131n g\u00fczelli\u011fine bir kanat \u00e7\u0131rp\u0131\u015f\u0131 mesafesince y\u00fcre\u011fi ku\u015f gibi \u00e7\u0131rp\u0131nan herkese sema olmak istedi\u011fimiz dergi yolculu\u011fumuzda Selvi&#8217;nin can\u0131 g\u00f6n\u00fclden verdi\u011fi destek asl\u0131nda kendi duygu bah\u00e7esinin \u00e7i\u00e7eklerine can suyu imi\u015f. \u015eimdiyse bu g\u00fclistan\u0131n ilk \u00e7i\u00e7ekleri sevdaya, hasrete, bekleyi\u015fe, umuda bir nefes olarak siz de\u011ferli okuyucular\u0131n kalplerinize dokunman\u0131n heyecan\u0131n\u0131 ta\u015f\u0131yor. Her sat\u0131r\u0131 duygu deryas\u0131 olan g\u00fczelim \u015fiirlerinin kalbinizin en g\u00fczel melodisi olmas\u0131 temennisiyle\u2026<br \/>\n<strong>Dr. P\u0131nar Duygu Ak\u0131n<\/strong><br \/>\nSevgili Selvi T\u00fcz\u00fcn Avc\u0131, \u015fiir d\u00fcnyas\u0131na katt\u0131\u011f\u0131n\u0131z bu k\u0131ymetli eser i\u00e7in sizi g\u00f6n\u00fclden tebrik ediyoruz. G\u00f6n\u00fcl Ku\u015fu Dergisi&#8217;nin ilk say\u0131s\u0131ndan itibaren bize verdi\u011finiz destek yolculu\u011fumuzu anlaml\u0131 k\u0131ld\u0131. Okuyucular\u0131n y\u00fcre\u011fine dokunan kelimelerle dolu kitab\u0131n\u0131z\u0131n g\u00f6n\u00fcl yolculu\u011fundaki t\u00fcm \u015fiir tutkunlar\u0131 i\u00e7in sevdaya, hasrete, umuda dair bir ilham kayna\u011f\u0131 olaca\u011f\u0131na inan\u0131yoruz. Bu de\u011ferli eserinizin nice g\u00f6n\u00fcllere ula\u015fmas\u0131n\u0131 dileyerek, kelam\u0131n\u0131za ve kaleminize nice g\u00fczellikler temenni ediyoruz&#8230;<\/p>\n<p><strong>G\u00f6n\u00fcl Ku\u015fu K\u00fclt\u00fcr, Sanat ve Edebiyat Dergisi<\/strong><\/p>\n<p>\u015eair Selvi T\u00fcz\u00fcn Avc\u0131 Han\u0131m\u2019\u0131n kalbinden d\u00f6k\u00fclen m\u0131sralar\u0131n kalbinize dokunmas\u0131 dile\u011fiyle\u2026 Farkl\u0131 tarz\u0131 ile bu edebiyat yolculu\u011funda ba\u015far\u0131l\u0131 olaca\u011f\u0131n\u0131 umuyor ve ba\u015far\u0131lar\u0131n\u0131n devam\u0131n\u0131 diliyorum. Ger\u00e7ek sevmenin ne demek oldu\u011funu bilen ve en g\u00fczel \u015fekilde \u015fiirlerine yans\u0131tan kalbinin sesi hi\u00e7 susmas\u0131n\u2026<\/p>\n<p><strong>Yazar-\u015eair Naz\u0131m K\u00f6yce<\/strong><\/p>\n<\/div>\n<\/div>\n<\/div>","protected":false},"excerpt":{"rendered":"<p>Sevgili Selvi ile yollar\u0131m\u0131z; edit\u00f6rl\u00fc\u011f\u00fcn\u00fc y\u00fcr\u00fctt\u00fc\u011f\u00fcm G\u00f6n\u00fcl Ku\u015fu K\u00fclt\u00fcr, Sanat ve Edebiyat Dergisi&#8217;nin sayfalar\u0131 aras\u0131nda kesi\u015fmi\u015fti. Kelam\u0131n\u0131n g\u00fczelli\u011fine bir kanat \u00e7\u0131rp\u0131\u015f\u0131 mesafesince y\u00fcre\u011fi ku\u015f gibi \u00e7\u0131rp\u0131nan herkese sema olmak istedi\u011fimiz dergi yolculu\u011fumuzda Selvi&#8217;nin can\u0131 g\u00f6n\u00fclden verdi\u011fi destek asl\u0131nda kendi duygu bah\u00e7esinin \u00e7i\u00e7eklerine can suyu imi\u015f. \u015eimdiyse bu g\u00fclistan\u0131n ilk \u00e7i\u00e7ekleri sevdaya, hasrete, bekleyi\u015fe, umuda bir [&hellip;]<\/p>\n","protected":false},"featured_media":7011,"comment_status":"closed","ping_status":"open","template":"","meta":{"inline_featured_image":false},"product_cat":[1020,1019],"product_tag":[],"class_list":{"0":"post-7010","1":"product","2":"type-product","3":"status-publish","4":"has-post-thumbnail","6":"product_cat-siir","7":"product_cat-edebiyat","8":"pa_boyut-135-x-195-cm","9":"pa_dil-turkce","10":"pa_sayfa-sayisi-640","11":"pa_yayin-tarihi-4-30-2025","12":"pa_yazar-selvi-tuzun-avci","14":"first","15":"instock","16":"sale","17":"purchasable","18":"product-type-simple"},"_links":{"self":[{"href":"https:\/\/www.buramkitabevi.com\/en\/wp-json\/wp\/v2\/product\/7010","targetHints":{"allow":["GET"]}}],"collection":[{"href":"https:\/\/www.buramkitabevi.com\/en\/wp-json\/wp\/v2\/product"}],"about":[{"href":"https:\/\/www.buramkitabevi.com\/en\/wp-json\/wp\/v2\/types\/product"}],"replies":[{"embeddable":true,"href":"https:\/\/www.buramkitabevi.com\/en\/wp-json\/wp\/v2\/comments?post=7010"}],"wp:featuredmedia":[{"embeddable":true,"href":"https:\/\/www.buramkitabevi.com\/en\/wp-json\/wp\/v2\/media\/7011"}],"wp:attachment":[{"href":"https:\/\/www.buramkitabevi.com\/en\/wp-json\/wp\/v2\/media?parent=7010"}],"wp:term":[{"taxonomy":"product_cat","embeddable":true,"href":"https:\/\/www.buramkitabevi.com\/en\/wp-json\/wp\/v2\/product_cat?post=7010"},{"taxonomy":"product_tag","embeddable":true,"href":"https:\/\/www.buramkitabevi.com\/en\/wp-json\/wp\/v2\/product_tag?post=7010"}],"curies":[{"name":"wp","href":"https:\/\/api.w.org\/{rel}","templated":true}]}}