{"id":6996,"date":"2025-10-16T12:11:51","date_gmt":"2025-10-16T09:11:51","guid":{"rendered":"http:\/\/www.buramkitabevi.com\/kitap\/doldurulan-bardak-munircan"},"modified":"2025-10-16T12:12:02","modified_gmt":"2025-10-16T09:12:02","slug":"doldurulan-bardak-munircan","status":"publish","type":"product","link":"https:\/\/www.buramkitabevi.com\/en\/kitap\/doldurulan-bardak-munircan","title":{"rendered":"Doldurulan Bardak &#8211; M\u00fcnircan"},"content":{"rendered":"<p>\u0130nsan hayat\u0131 doldurulmas\u0131 gereken bo\u015f bir bardak gibi\u2026.<br \/>\nYa\u015fam devam etmekte; d\u00fcnyada devam ediyor \u2026.<br \/>\nAhirette de devam edecek\u2026<br \/>\nY\u00fcce ama\u00e7 hayat\u0131 Rabbin istedi\u011fi gibi g\u00fczelle\u015ftirmek olmal\u0131&#8230;<br \/>\nB\u00f6ylece d\u00fcnya ve ahiret g\u00fczelle\u015fir\u2026.<br \/>\nYa\u015fad\u0131\u011f\u0131m\u0131z hayat bir k\u0131sm\u0131 dolu, bir k\u0131sm\u0131 bo\u015f bardak olmamal\u0131.<br \/>\nYar\u0131s\u0131 bo\u015f, yar\u0131s\u0131 dolu barda\u011f\u0131 seyretmek barda\u011f\u0131 doldurmaz\u2026<br \/>\nBarda\u011f\u0131n bir par\u00e7as\u0131 her an bo\u015f kal\u0131r\u2026<br \/>\nHedef yar\u0131s\u0131 bo\u015f, ya da yar\u0131s\u0131 dolu bir bardak de\u011fil\u2026.<br \/>\nAs\u0131l ama\u00e7 barda\u011f\u0131 tam g\u00fczel doldurmak olmal\u0131\u2026.<br \/>\nDo\u011fru hedef barda\u011f\u0131 imanla, amelle ve ahlakla doldurmak\u2026.<br \/>\nHak yoluyla tamamen tamamlanan dolu bardak\u2026<br \/>\nUlvi gayeler ( iman, amel, ahlak. ) vard\u0131r\u2026.<br \/>\nMukaddes ama\u00e7larla tekmil doldurulan bardak\u2026<br \/>\nB\u00f6ylece ulvi gayelerle m\u00fckemmel sonu\u00e7lar eldedir\u2026<br \/>\nKamil imanla , halis amelle, g\u00fczel ahlakla d\u00fcnya g\u00fczeldir\u2026<br \/>\nVe neticede in\u015fallah var\u0131lan ahiret \u00e7ok daha g\u00fczeldir\u2026.<br \/>\nAhirette elde edilen m\u00fckafat cennet ise \u00e7ok g\u00fczeldir\u2026.<\/p>","protected":false},"excerpt":{"rendered":"<p>\u0130nsan hayat\u0131 doldurulmas\u0131 gereken bo\u015f bir bardak gibi\u2026. Ya\u015fam devam etmekte; d\u00fcnyada devam ediyor \u2026. Ahirette de devam edecek\u2026 Y\u00fcce ama\u00e7 hayat\u0131 Rabbin istedi\u011fi gibi g\u00fczelle\u015ftirmek olmal\u0131&#8230; B\u00f6ylece d\u00fcnya ve ahiret g\u00fczelle\u015fir\u2026. Ya\u015fad\u0131\u011f\u0131m\u0131z hayat bir k\u0131sm\u0131 dolu, bir k\u0131sm\u0131 bo\u015f bardak olmamal\u0131. Yar\u0131s\u0131 bo\u015f, yar\u0131s\u0131 dolu barda\u011f\u0131 seyretmek barda\u011f\u0131 doldurmaz\u2026 Barda\u011f\u0131n bir par\u00e7as\u0131 her an [&hellip;]<\/p>\n","protected":false},"featured_media":6997,"comment_status":"closed","ping_status":"open","template":"","meta":{"inline_featured_image":false},"product_cat":[1020,1019],"product_tag":[],"class_list":{"0":"post-6996","1":"product","2":"type-product","3":"status-publish","4":"has-post-thumbnail","6":"product_cat-siir","7":"product_cat-edebiyat","8":"pa_boyut-135-x-195-cm","9":"pa_dil-turkce","10":"pa_sayfa-sayisi-377","11":"pa_yayin-tarihi-8-15-2024","12":"pa_yazar-munircan","14":"first","15":"instock","16":"sale","17":"purchasable","18":"product-type-simple"},"_links":{"self":[{"href":"https:\/\/www.buramkitabevi.com\/en\/wp-json\/wp\/v2\/product\/6996","targetHints":{"allow":["GET"]}}],"collection":[{"href":"https:\/\/www.buramkitabevi.com\/en\/wp-json\/wp\/v2\/product"}],"about":[{"href":"https:\/\/www.buramkitabevi.com\/en\/wp-json\/wp\/v2\/types\/product"}],"replies":[{"embeddable":true,"href":"https:\/\/www.buramkitabevi.com\/en\/wp-json\/wp\/v2\/comments?post=6996"}],"wp:featuredmedia":[{"embeddable":true,"href":"https:\/\/www.buramkitabevi.com\/en\/wp-json\/wp\/v2\/media\/6997"}],"wp:attachment":[{"href":"https:\/\/www.buramkitabevi.com\/en\/wp-json\/wp\/v2\/media?parent=6996"}],"wp:term":[{"taxonomy":"product_cat","embeddable":true,"href":"https:\/\/www.buramkitabevi.com\/en\/wp-json\/wp\/v2\/product_cat?post=6996"},{"taxonomy":"product_tag","embeddable":true,"href":"https:\/\/www.buramkitabevi.com\/en\/wp-json\/wp\/v2\/product_tag?post=6996"}],"curies":[{"name":"wp","href":"https:\/\/api.w.org\/{rel}","templated":true}]}}