{"id":6980,"date":"2025-10-16T12:10:41","date_gmt":"2025-10-16T09:10:41","guid":{"rendered":"http:\/\/www.buramkitabevi.com\/kitap\/orman-sureyya-acarali"},"modified":"2025-10-16T12:11:38","modified_gmt":"2025-10-16T09:11:38","slug":"orman-sureyya-acarali","status":"publish","type":"product","link":"https:\/\/www.buramkitabevi.com\/en\/kitap\/orman-sureyya-acarali","title":{"rendered":"Orman &#8211; S\u00fcreyya Acaral\u0131"},"content":{"rendered":"","protected":false},"excerpt":{"rendered":"<p>8-12 ya\u015f aras\u0131 \u00e7ocuklar i\u00e7in kolay, uygulanabilir tiyatro y\u00f6ntemi.<\/p>","protected":false},"featured_media":6981,"comment_status":"closed","ping_status":"open","template":"","meta":{"inline_featured_image":false},"product_cat":[1019,1285],"product_tag":[],"class_list":{"0":"post-6980","1":"product","2":"type-product","3":"status-publish","4":"has-post-thumbnail","6":"product_cat-edebiyat","7":"product_cat-tiyatro","8":"pa_boyut-135-x-195-cm","9":"pa_dil-turkce","10":"pa_sayfa-sayisi-492","11":"pa_yayin-tarihi-12-11-2024","12":"pa_yazar-sureyya-acarali","14":"first","15":"instock","16":"sale","17":"purchasable","18":"product-type-simple"},"_links":{"self":[{"href":"https:\/\/www.buramkitabevi.com\/en\/wp-json\/wp\/v2\/product\/6980","targetHints":{"allow":["GET"]}}],"collection":[{"href":"https:\/\/www.buramkitabevi.com\/en\/wp-json\/wp\/v2\/product"}],"about":[{"href":"https:\/\/www.buramkitabevi.com\/en\/wp-json\/wp\/v2\/types\/product"}],"replies":[{"embeddable":true,"href":"https:\/\/www.buramkitabevi.com\/en\/wp-json\/wp\/v2\/comments?post=6980"}],"wp:featuredmedia":[{"embeddable":true,"href":"https:\/\/www.buramkitabevi.com\/en\/wp-json\/wp\/v2\/media\/6981"}],"wp:attachment":[{"href":"https:\/\/www.buramkitabevi.com\/en\/wp-json\/wp\/v2\/media?parent=6980"}],"wp:term":[{"taxonomy":"product_cat","embeddable":true,"href":"https:\/\/www.buramkitabevi.com\/en\/wp-json\/wp\/v2\/product_cat?post=6980"},{"taxonomy":"product_tag","embeddable":true,"href":"https:\/\/www.buramkitabevi.com\/en\/wp-json\/wp\/v2\/product_tag?post=6980"}],"curies":[{"name":"wp","href":"https:\/\/api.w.org\/{rel}","templated":true}]}}