{"id":6968,"date":"2025-10-16T12:10:41","date_gmt":"2025-10-16T09:10:41","guid":{"rendered":"http:\/\/www.buramkitabevi.com\/kitap\/kozetli-nurbey-sevgi-kapisindan-gecenler-nesrin-sonmezisik"},"modified":"2025-10-16T12:11:16","modified_gmt":"2025-10-16T09:11:16","slug":"kozetli-nurbey-sevgi-kapisindan-gecenler-nesrin-sonmezisik","status":"publish","type":"product","link":"https:\/\/www.buramkitabevi.com\/en\/kitap\/kozetli-nurbey-sevgi-kapisindan-gecenler-nesrin-sonmezisik","title":{"rendered":"Kozetli Nurbey (Sevgi Kap\u0131s\u0131ndan Ge\u00e7enler) &#8211; Nesrin S\u00f6nmez\u0131\u015f\u0131k"},"content":{"rendered":"<p>T\u00fcm mutluluklar\u0131n yolu ayn\u0131 kap\u0131dan ge\u00e7iyor; SEVG\u0130.<br \/>\nBilinmezlik i\u00e7inde olabildi\u011fince mutlu olmak g\u00f6revimiz olmal\u0131. Ne zaman \u00fcz\u00fclece\u011fimizi bilemeyiz. Bir tak\u0131m hayali saplant\u0131lara kap\u0131lmak hayat\u0131m\u0131z\u0131 karartmaktan ba\u015fka i\u015fe yaramaz. Elif gibi mutluluk da\u011f\u0131tmak varken, mutlulu\u011fu yakalam\u0131\u015fken, de\u011ferini bilip s\u0131k\u0131ca tutunup ya\u015famak varken\u2026<br \/>\nSevgi kap\u0131n\u0131z\u0131n kapanmamas\u0131 dile\u011fi ile keyifli okumalar.<\/p>","protected":false},"excerpt":{"rendered":"<p>T\u00fcm mutluluklar\u0131n yolu ayn\u0131 kap\u0131dan ge\u00e7iyor; SEVG\u0130. Bilinmezlik i\u00e7inde olabildi\u011fince mutlu olmak g\u00f6revimiz olmal\u0131. Ne zaman \u00fcz\u00fclece\u011fimizi bilemeyiz. Bir tak\u0131m hayali saplant\u0131lara kap\u0131lmak hayat\u0131m\u0131z\u0131 karartmaktan ba\u015fka i\u015fe yaramaz. Elif gibi mutluluk da\u011f\u0131tmak varken, mutlulu\u011fu yakalam\u0131\u015fken, de\u011ferini bilip s\u0131k\u0131ca tutunup ya\u015famak varken\u2026 Sevgi kap\u0131n\u0131z\u0131n kapanmamas\u0131 dile\u011fi ile keyifli okumalar.<\/p>","protected":false},"featured_media":6969,"comment_status":"closed","ping_status":"open","template":"","meta":{"inline_featured_image":false},"product_cat":[1019,1033],"product_tag":[],"class_list":{"0":"post-6968","1":"product","2":"type-product","3":"status-publish","4":"has-post-thumbnail","6":"product_cat-edebiyat","7":"product_cat-roman","8":"pa_boyut-135-x-195-cm","9":"pa_dil-turkce","10":"pa_sayfa-sayisi-877","11":"pa_yayin-tarihi-7-12-2024","12":"pa_yazar-nesrin-sonmezisik","14":"first","15":"instock","16":"sale","17":"purchasable","18":"product-type-simple"},"_links":{"self":[{"href":"https:\/\/www.buramkitabevi.com\/en\/wp-json\/wp\/v2\/product\/6968","targetHints":{"allow":["GET"]}}],"collection":[{"href":"https:\/\/www.buramkitabevi.com\/en\/wp-json\/wp\/v2\/product"}],"about":[{"href":"https:\/\/www.buramkitabevi.com\/en\/wp-json\/wp\/v2\/types\/product"}],"replies":[{"embeddable":true,"href":"https:\/\/www.buramkitabevi.com\/en\/wp-json\/wp\/v2\/comments?post=6968"}],"wp:featuredmedia":[{"embeddable":true,"href":"https:\/\/www.buramkitabevi.com\/en\/wp-json\/wp\/v2\/media\/6969"}],"wp:attachment":[{"href":"https:\/\/www.buramkitabevi.com\/en\/wp-json\/wp\/v2\/media?parent=6968"}],"wp:term":[{"taxonomy":"product_cat","embeddable":true,"href":"https:\/\/www.buramkitabevi.com\/en\/wp-json\/wp\/v2\/product_cat?post=6968"},{"taxonomy":"product_tag","embeddable":true,"href":"https:\/\/www.buramkitabevi.com\/en\/wp-json\/wp\/v2\/product_tag?post=6968"}],"curies":[{"name":"wp","href":"https:\/\/api.w.org\/{rel}","templated":true}]}}