{"id":6966,"date":"2025-10-16T12:10:41","date_gmt":"2025-10-16T09:10:41","guid":{"rendered":"http:\/\/www.buramkitabevi.com\/kitap\/istasyon-yazilari-remzi-kokargul"},"modified":"2025-10-16T12:11:12","modified_gmt":"2025-10-16T09:11:12","slug":"istasyon-yazilari-remzi-kokargul","status":"publish","type":"product","link":"https:\/\/www.buramkitabevi.com\/en\/kitap\/istasyon-yazilari-remzi-kokargul","title":{"rendered":"\u0130stasyon Yaz\u0131lar\u0131 &#8211; Remzi Kokarg\u00fcl"},"content":{"rendered":"<p>\u201cT\u00fcm muhte\u015fem hik\u00e2yeler iki \u015fekilde ba\u015flar: Ya bir insan bir yolculu\u011fa \u00e7\u0131kar, ya da \u015fehre bir yabanc\u0131 gelir&#8230;\u201d Tolstoy\u2019a ait oldu\u011fu s\u00f6ylenen bu s\u00f6z\u00fc tekerr\u00fcr edercesine; Herkesin kendi bu\u011fulu d\u00fcnyas\u0131nda, i\u00e7inde g\u00fcl\u00fcmseyen hik\u00e2yeleri vard\u0131r. Bu y\u00fczden insan\u0131n ya\u015fad\u0131\u011f\u0131, oturdu\u011fu mek\u00e2n\u0131n, onun ki\u015fili\u011fi \u00fczerinde \u00f6nemli etkiler b\u0131rakt\u0131\u011f\u0131 bir ger\u00e7ektir.<br \/>\n\u00c7ocukluk g\u00fcnlerini benim gibi; i\u00e7inden tren ge\u00e7en kasabalarda ya\u015fayanlar, gecenin sessizli\u011fini delip ge\u00e7en, tren d\u00fcd\u00fcklerinin evlerdeki yank\u0131s\u0131n\u0131 unutamazlar. Kim bilir? Tren hangi bozk\u0131r\u0131n sonsuzlu\u011funda, sar\u0131 bir deniz gibi uzanan; tarlalar\u0131n k\u0131y\u0131s\u0131nda, ulu da\u011flar\u0131n eteklerinde, oya gibi k\u0131vr\u0131larak, duman\u0131n\u0131 t\u00fctt\u00fcre t\u00fctt\u00fcre gidecektir. Saatler ilerledik\u00e7e; gece karanl\u0131\u011f\u0131nda, pencereden y\u0131ld\u0131zlar\u0131 ve ay\u0131 seyreder yan\u0131 s\u0131ra; raylardan gelen o sars\u0131nt\u0131l\u0131 sesi dinler, tefekk\u00fcr \u00e2lemine dalard\u0131m.<br \/>\nSizde bir g\u00fcn gelir ya\u015fad\u0131\u011f\u0131n\u0131z \u015fehirde, ufuklarda mor bulutlar, beton y\u0131\u011f\u0131nlar\u0131n\u0131n aras\u0131ndan, yery\u00fcz\u00fcne do\u011fru bakmaya ba\u015flad\u0131\u011f\u0131nda; bir Tren yolculu\u011fuyla, u\u00e7suz bucaks\u0131z bozk\u0131rlar\u0131, diz boyu yemye\u015fil meralar\u0131, dingin g\u00f6l manzaralar\u0131n\u0131 ard\u0131n\u0131zda b\u0131rakarak; yerin ve g\u00f6\u011f\u00fcn k\u00fcst\u00fc\u011f\u00fc bir istasyona yolunuz d\u00fc\u015ferse;<br \/>\n\u0130stasyon yak\u0131n\u0131ndaki, akasya ve kestane a\u011fa\u00e7lar\u0131 aras\u0131ndaki \u00e7ay bah\u00e7esine gidin \u201cBir \u00e7ay g\u00f6nder, tav\u015fankan\u0131 olsun!\u201d diye seslenin, s\u0131cac\u0131k bir bardak \u00e7ayla, ak\u015fam\u0131n son ku\u015flar\u0131n\u0131 g\u00f6zlerinizle u\u011furlamaya \u00e7al\u0131\u015f\u0131n ve bu yaz\u0131y\u0131 hat\u0131rlay\u0131n.<\/p>","protected":false},"excerpt":{"rendered":"<p>\u201cT\u00fcm muhte\u015fem hik\u00e2yeler iki \u015fekilde ba\u015flar: Ya bir insan bir yolculu\u011fa \u00e7\u0131kar, ya da \u015fehre bir yabanc\u0131 gelir&#8230;\u201d Tolstoy\u2019a ait oldu\u011fu s\u00f6ylenen bu s\u00f6z\u00fc tekerr\u00fcr edercesine; Herkesin kendi bu\u011fulu d\u00fcnyas\u0131nda, i\u00e7inde g\u00fcl\u00fcmseyen hik\u00e2yeleri vard\u0131r. Bu y\u00fczden insan\u0131n ya\u015fad\u0131\u011f\u0131, oturdu\u011fu mek\u00e2n\u0131n, onun ki\u015fili\u011fi \u00fczerinde \u00f6nemli etkiler b\u0131rakt\u0131\u011f\u0131 bir ger\u00e7ektir. \u00c7ocukluk g\u00fcnlerini benim gibi; i\u00e7inden tren ge\u00e7en [&hellip;]<\/p>\n","protected":false},"featured_media":6967,"comment_status":"closed","ping_status":"open","template":"","meta":{"inline_featured_image":false},"product_cat":[1024,1019],"product_tag":[],"class_list":{"0":"post-6966","1":"product","2":"type-product","3":"status-publish","4":"has-post-thumbnail","6":"product_cat-deneme","7":"product_cat-edebiyat","8":"pa_boyut-135-x-195-cm","9":"pa_dil-turkce","10":"pa_sayfa-sayisi-1092","11":"pa_yayin-tarihi-6-26-2024","12":"pa_yazar-remzi-kokargul","14":"first","15":"instock","16":"sale","17":"purchasable","18":"product-type-simple"},"_links":{"self":[{"href":"https:\/\/www.buramkitabevi.com\/en\/wp-json\/wp\/v2\/product\/6966","targetHints":{"allow":["GET"]}}],"collection":[{"href":"https:\/\/www.buramkitabevi.com\/en\/wp-json\/wp\/v2\/product"}],"about":[{"href":"https:\/\/www.buramkitabevi.com\/en\/wp-json\/wp\/v2\/types\/product"}],"replies":[{"embeddable":true,"href":"https:\/\/www.buramkitabevi.com\/en\/wp-json\/wp\/v2\/comments?post=6966"}],"wp:featuredmedia":[{"embeddable":true,"href":"https:\/\/www.buramkitabevi.com\/en\/wp-json\/wp\/v2\/media\/6967"}],"wp:attachment":[{"href":"https:\/\/www.buramkitabevi.com\/en\/wp-json\/wp\/v2\/media?parent=6966"}],"wp:term":[{"taxonomy":"product_cat","embeddable":true,"href":"https:\/\/www.buramkitabevi.com\/en\/wp-json\/wp\/v2\/product_cat?post=6966"},{"taxonomy":"product_tag","embeddable":true,"href":"https:\/\/www.buramkitabevi.com\/en\/wp-json\/wp\/v2\/product_tag?post=6966"}],"curies":[{"name":"wp","href":"https:\/\/api.w.org\/{rel}","templated":true}]}}