{"id":6964,"date":"2025-10-16T12:10:41","date_gmt":"2025-10-16T09:10:41","guid":{"rendered":"http:\/\/www.buramkitabevi.com\/kitap\/sessizligin-haykirislari-sinan-turkmen"},"modified":"2025-10-16T12:11:09","modified_gmt":"2025-10-16T09:11:09","slug":"sessizligin-haykirislari-sinan-turkmen","status":"publish","type":"product","link":"https:\/\/www.buramkitabevi.com\/en\/kitap\/sessizligin-haykirislari-sinan-turkmen","title":{"rendered":"Sessizli\u011fin Hayk\u0131r\u0131\u015flar\u0131 &#8211; Sinan T\u00fcrkmen"},"content":{"rendered":"<p>SESS\u0130ZL\u0130\u011e\u0130N HAYKIRI\u015eLARI adl\u0131 \u015fiir kitab\u0131mda sevgiliye \u00f6zlem, a\u015fk, ayr\u0131l\u0131k, do\u011fum, hasret, do\u011fa, \u00f6l\u00fcm, il\u00e2hi a\u015fk (vuslat) ve ya\u015fanm\u0131\u015fl\u0131klar\u0131m\u0131 i\u00e7eren derin bir bak\u0131\u015f a\u00e7\u0131s\u0131yla hayat\u0131m\u0131n gen\u00e7lik y\u0131llar\u0131ndan, orta ya\u015f d\u00f6nemine kadar 25 y\u0131ll\u0131k bir ge\u00e7mi\u015fi i\u00e7erir. Kendimce duygu y\u00fckl\u00fc \u015fiirlerdir. Okurken sizler de i\u00e7inde kendinizi bulabilirsiniz. Siz de\u011ferli okuyucular\u0131m\u0131z\u0131n da g\u00f6z\u00fcnden de\u011ferlendirmelere ve yorumlara tabii ki her zaman ihtiyac\u0131m\u0131z vard\u0131r.<\/p>\n<p>Eme\u011fi ge\u00e7en herkese te\u015fekk\u00fcrler.<\/p>\n<p>\u0130yi okumalar. Selam ve sayg\u0131lar\u0131mla&#8230;.<\/p>","protected":false},"excerpt":{"rendered":"<p>SESS\u0130ZL\u0130\u011e\u0130N HAYKIRI\u015eLARI adl\u0131 \u015fiir kitab\u0131mda sevgiliye \u00f6zlem, a\u015fk, ayr\u0131l\u0131k, do\u011fum, hasret, do\u011fa, \u00f6l\u00fcm, il\u00e2hi a\u015fk (vuslat) ve ya\u015fanm\u0131\u015fl\u0131klar\u0131m\u0131 i\u00e7eren derin bir bak\u0131\u015f a\u00e7\u0131s\u0131yla hayat\u0131m\u0131n gen\u00e7lik y\u0131llar\u0131ndan, orta ya\u015f d\u00f6nemine kadar 25 y\u0131ll\u0131k bir ge\u00e7mi\u015fi i\u00e7erir. Kendimce duygu y\u00fckl\u00fc \u015fiirlerdir. Okurken sizler de i\u00e7inde kendinizi bulabilirsiniz. Siz de\u011ferli okuyucular\u0131m\u0131z\u0131n da g\u00f6z\u00fcnden de\u011ferlendirmelere ve yorumlara tabii ki [&hellip;]<\/p>\n","protected":false},"featured_media":6965,"comment_status":"closed","ping_status":"open","template":"","meta":{"inline_featured_image":false},"product_cat":[1020,1019],"product_tag":[],"class_list":{"0":"post-6964","1":"product","2":"type-product","3":"status-publish","4":"has-post-thumbnail","6":"product_cat-siir","7":"product_cat-edebiyat","8":"pa_boyut-135-x-195-cm","9":"pa_dil-turkce","10":"pa_sayfa-sayisi-461","11":"pa_yayin-tarihi-6-26-2024","12":"pa_yazar-sinan-turkmen","14":"first","15":"instock","16":"sale","17":"purchasable","18":"product-type-simple"},"_links":{"self":[{"href":"https:\/\/www.buramkitabevi.com\/en\/wp-json\/wp\/v2\/product\/6964","targetHints":{"allow":["GET"]}}],"collection":[{"href":"https:\/\/www.buramkitabevi.com\/en\/wp-json\/wp\/v2\/product"}],"about":[{"href":"https:\/\/www.buramkitabevi.com\/en\/wp-json\/wp\/v2\/types\/product"}],"replies":[{"embeddable":true,"href":"https:\/\/www.buramkitabevi.com\/en\/wp-json\/wp\/v2\/comments?post=6964"}],"wp:featuredmedia":[{"embeddable":true,"href":"https:\/\/www.buramkitabevi.com\/en\/wp-json\/wp\/v2\/media\/6965"}],"wp:attachment":[{"href":"https:\/\/www.buramkitabevi.com\/en\/wp-json\/wp\/v2\/media?parent=6964"}],"wp:term":[{"taxonomy":"product_cat","embeddable":true,"href":"https:\/\/www.buramkitabevi.com\/en\/wp-json\/wp\/v2\/product_cat?post=6964"},{"taxonomy":"product_tag","embeddable":true,"href":"https:\/\/www.buramkitabevi.com\/en\/wp-json\/wp\/v2\/product_tag?post=6964"}],"curies":[{"name":"wp","href":"https:\/\/api.w.org\/{rel}","templated":true}]}}