{"id":6960,"date":"2025-10-16T12:10:41","date_gmt":"2025-10-16T09:10:41","guid":{"rendered":"http:\/\/www.buramkitabevi.com\/kitap\/adalet-mehmet-oner"},"modified":"2025-10-16T12:11:02","modified_gmt":"2025-10-16T09:11:02","slug":"adalet-mehmet-oner","status":"publish","type":"product","link":"https:\/\/www.buramkitabevi.com\/en\/kitap\/adalet-mehmet-oner","title":{"rendered":"Adalet &#8211; Mehmet \u00d6ner"},"content":{"rendered":"<p>Bu kitap, ayn\u0131 gaye do\u011frultusunda yol alan \u00fc\u00e7 karde\u015fin hik\u00e2yesidir. Ayr\u0131ca, sadece kendi ya\u015fam alanlar\u0131nda d\u00fczen sa\u011flama arzusuyla \u00e7\u0131k\u0131lan bu yolculu\u011fun hi\u00e7 umulmad\u0131k bir \u015fekilde t\u00fcm d\u00fcnyaya nas\u0131l etki etti\u011fini de ortaya koymaktad\u0131r. Sahip oldu\u011fu didaktik \u00f6gelerle de okuyucuya rehberlik edecektir.<\/p>","protected":false},"excerpt":{"rendered":"<p>Bu kitap, ayn\u0131 gaye do\u011frultusunda yol alan \u00fc\u00e7 karde\u015fin hik\u00e2yesidir. Ayr\u0131ca, sadece kendi ya\u015fam alanlar\u0131nda d\u00fczen sa\u011flama arzusuyla \u00e7\u0131k\u0131lan bu yolculu\u011fun hi\u00e7 umulmad\u0131k bir \u015fekilde t\u00fcm d\u00fcnyaya nas\u0131l etki etti\u011fini de ortaya koymaktad\u0131r. Sahip oldu\u011fu didaktik \u00f6gelerle de okuyucuya rehberlik edecektir.<\/p>","protected":false},"featured_media":6961,"comment_status":"closed","ping_status":"open","template":"","meta":{"inline_featured_image":false},"product_cat":[1019,1033],"product_tag":[],"class_list":{"0":"post-6960","1":"product","2":"type-product","3":"status-publish","4":"has-post-thumbnail","6":"product_cat-edebiyat","7":"product_cat-roman","8":"pa_boyut-135-x-195-cm","9":"pa_dil-turkce","10":"pa_sayfa-sayisi-1042","11":"pa_yayin-tarihi-6-26-2024","12":"pa_yazar-mehmet-oner","14":"first","15":"instock","16":"sale","17":"purchasable","18":"product-type-simple"},"_links":{"self":[{"href":"https:\/\/www.buramkitabevi.com\/en\/wp-json\/wp\/v2\/product\/6960","targetHints":{"allow":["GET"]}}],"collection":[{"href":"https:\/\/www.buramkitabevi.com\/en\/wp-json\/wp\/v2\/product"}],"about":[{"href":"https:\/\/www.buramkitabevi.com\/en\/wp-json\/wp\/v2\/types\/product"}],"replies":[{"embeddable":true,"href":"https:\/\/www.buramkitabevi.com\/en\/wp-json\/wp\/v2\/comments?post=6960"}],"wp:featuredmedia":[{"embeddable":true,"href":"https:\/\/www.buramkitabevi.com\/en\/wp-json\/wp\/v2\/media\/6961"}],"wp:attachment":[{"href":"https:\/\/www.buramkitabevi.com\/en\/wp-json\/wp\/v2\/media?parent=6960"}],"wp:term":[{"taxonomy":"product_cat","embeddable":true,"href":"https:\/\/www.buramkitabevi.com\/en\/wp-json\/wp\/v2\/product_cat?post=6960"},{"taxonomy":"product_tag","embeddable":true,"href":"https:\/\/www.buramkitabevi.com\/en\/wp-json\/wp\/v2\/product_tag?post=6960"}],"curies":[{"name":"wp","href":"https:\/\/api.w.org\/{rel}","templated":true}]}}