{"id":6954,"date":"2025-10-16T12:10:41","date_gmt":"2025-10-16T09:10:41","guid":{"rendered":"http:\/\/www.buramkitabevi.com\/kitap\/leh-aleyh-burak-sen"},"modified":"2025-10-16T12:10:52","modified_gmt":"2025-10-16T09:10:52","slug":"leh-aleyh-burak-sen","status":"publish","type":"product","link":"https:\/\/www.buramkitabevi.com\/en\/kitap\/leh-aleyh-burak-sen","title":{"rendered":"Leh &#038; Aleyh &#8211; Burak \u015een"},"content":{"rendered":"<p>Leh ve Aleyh&#8230; Yani hem taraf\u0131mdayd\u0131 \u015fiirler gibi, hem kar\u015f\u0131mda&#8230;<br \/>\nMevzubahis bu duruma ithafendi.<br \/>\nHem sevindirir hem \u00fczerdi edebiyat gibi.<br \/>\n\u0130\u015fte bu sat\u0131rlar b\u00f6ylesi bir \u00e7eli\u015fkinin neticesi&#8230;<\/p>","protected":false},"excerpt":{"rendered":"<p>Leh ve Aleyh&#8230; Yani hem taraf\u0131mdayd\u0131 \u015fiirler gibi, hem kar\u015f\u0131mda&#8230; Mevzubahis bu duruma ithafendi. Hem sevindirir hem \u00fczerdi edebiyat gibi. \u0130\u015fte bu sat\u0131rlar b\u00f6ylesi bir \u00e7eli\u015fkinin neticesi&#8230;<\/p>","protected":false},"featured_media":6955,"comment_status":"closed","ping_status":"open","template":"","meta":{"inline_featured_image":false},"product_cat":[1020,1019],"product_tag":[],"class_list":{"0":"post-6954","1":"product","2":"type-product","3":"status-publish","4":"has-post-thumbnail","6":"product_cat-siir","7":"product_cat-edebiyat","8":"pa_boyut-135-x-195-cm","9":"pa_dil-turkce","10":"pa_sayfa-sayisi-1184","11":"pa_yayin-tarihi-5-29-2024","12":"pa_yazar-burak-sen","14":"first","15":"instock","16":"sale","17":"purchasable","18":"product-type-simple"},"_links":{"self":[{"href":"https:\/\/www.buramkitabevi.com\/en\/wp-json\/wp\/v2\/product\/6954","targetHints":{"allow":["GET"]}}],"collection":[{"href":"https:\/\/www.buramkitabevi.com\/en\/wp-json\/wp\/v2\/product"}],"about":[{"href":"https:\/\/www.buramkitabevi.com\/en\/wp-json\/wp\/v2\/types\/product"}],"replies":[{"embeddable":true,"href":"https:\/\/www.buramkitabevi.com\/en\/wp-json\/wp\/v2\/comments?post=6954"}],"wp:featuredmedia":[{"embeddable":true,"href":"https:\/\/www.buramkitabevi.com\/en\/wp-json\/wp\/v2\/media\/6955"}],"wp:attachment":[{"href":"https:\/\/www.buramkitabevi.com\/en\/wp-json\/wp\/v2\/media?parent=6954"}],"wp:term":[{"taxonomy":"product_cat","embeddable":true,"href":"https:\/\/www.buramkitabevi.com\/en\/wp-json\/wp\/v2\/product_cat?post=6954"},{"taxonomy":"product_tag","embeddable":true,"href":"https:\/\/www.buramkitabevi.com\/en\/wp-json\/wp\/v2\/product_tag?post=6954"}],"curies":[{"name":"wp","href":"https:\/\/api.w.org\/{rel}","templated":true}]}}