{"id":6934,"date":"2025-10-16T12:09:24","date_gmt":"2025-10-16T09:09:24","guid":{"rendered":"http:\/\/www.buramkitabevi.com\/kitap\/sessiz-harp-bir-sizofrenin-gerceklik-mucadelesi-serkan-silgir"},"modified":"2025-10-16T12:10:13","modified_gmt":"2025-10-16T09:10:13","slug":"sessiz-harp-bir-sizofrenin-gerceklik-mucadelesi-serkan-silgir","status":"publish","type":"product","link":"https:\/\/www.buramkitabevi.com\/en\/kitap\/sessiz-harp-bir-sizofrenin-gerceklik-mucadelesi-serkan-silgir","title":{"rendered":"Sessiz Harp: Bir \u015eizofrenin Ger\u00e7eklik M\u00fccadelesi &#8211; Serkan S\u0131lg\u0131r"},"content":{"rendered":"<div class=\"phenom-desc\">\n<div class=\"comment-container\">\n<div class=\"action-comment can-view-video markeddown js-comment is-comments-rewrite\" dir=\"auto\">\n<div class=\"current-comment js-friendly-links js-open-card\">\n<p>&#8220;Sessiz Harp, zihinsel bir labirentte yolculu\u011fa \u00e7\u0131kan bir adam\u0131n derinliklerine dal\u0131yor. Fahri, \u015fizofreni tan\u0131s\u0131yla kar\u015f\u0131 kar\u015f\u0131ya kald\u0131\u011f\u0131nda, hayat\u0131 bir d\u00f6n\u00fcm noktas\u0131na gelir. Hastane duvarlar\u0131n\u0131n i\u00e7inde ger\u00e7eklikle yapt\u0131\u011f\u0131 sars\u0131c\u0131 m\u00fccadele, sadece onun de\u011fil, okuyucunun da zihinlerinde iz b\u0131rak\u0131r. Bu kitap, karanl\u0131k ve ayd\u0131nl\u0131k aras\u0131ndaki ince \u00e7izgiyi ke\u015ffederken profesyonel ve klinik deste\u011fin ne kadar \u00f6nemli oldu\u011funu vurgulamaktad\u0131r. \u0130nsan ruhunun s\u0131ra d\u0131\u015f\u0131 dayan\u0131kl\u0131l\u0131\u011f\u0131n\u0131 ve umut dolu d\u00f6n\u00fc\u015f\u00fcm\u00fcn g\u00fcc\u00fcn\u00fc g\u00f6zler \u00f6n\u00fcne seriyor. Sessiz Harp, sadece bir \u015fizofrenin de\u011fil, ayn\u0131 zamanda insanl\u0131\u011f\u0131n i\u00e7sel sava\u015f\u0131n\u0131 anlat\u0131yor.&#8221;<\/p>\n<\/div>\n<\/div>\n<\/div>\n<\/div>","protected":false},"excerpt":{"rendered":"<p>&#8220;Sessiz Harp, zihinsel bir labirentte yolculu\u011fa \u00e7\u0131kan bir adam\u0131n derinliklerine dal\u0131yor. Fahri, \u015fizofreni tan\u0131s\u0131yla kar\u015f\u0131 kar\u015f\u0131ya kald\u0131\u011f\u0131nda, hayat\u0131 bir d\u00f6n\u00fcm noktas\u0131na gelir. Hastane duvarlar\u0131n\u0131n i\u00e7inde ger\u00e7eklikle yapt\u0131\u011f\u0131 sars\u0131c\u0131 m\u00fccadele, sadece onun de\u011fil, okuyucunun da zihinlerinde iz b\u0131rak\u0131r. Bu kitap, karanl\u0131k ve ayd\u0131nl\u0131k aras\u0131ndaki ince \u00e7izgiyi ke\u015ffederken profesyonel ve klinik deste\u011fin ne kadar \u00f6nemli oldu\u011funu vurgulamaktad\u0131r. [&hellip;]<\/p>\n","protected":false},"featured_media":6935,"comment_status":"closed","ping_status":"open","template":"","meta":{"inline_featured_image":false},"product_cat":[1019,1033],"product_tag":[],"class_list":{"0":"post-6934","1":"product","2":"type-product","3":"status-publish","4":"has-post-thumbnail","6":"product_cat-edebiyat","7":"product_cat-roman","8":"pa_boyut-135-x-195-cm","9":"pa_dil-turkce","10":"pa_sayfa-sayisi-492","11":"pa_yayin-tarihi-5-17-2024","12":"pa_yazar-serkan-silgir","14":"first","15":"instock","16":"sale","17":"purchasable","18":"product-type-simple"},"_links":{"self":[{"href":"https:\/\/www.buramkitabevi.com\/en\/wp-json\/wp\/v2\/product\/6934","targetHints":{"allow":["GET"]}}],"collection":[{"href":"https:\/\/www.buramkitabevi.com\/en\/wp-json\/wp\/v2\/product"}],"about":[{"href":"https:\/\/www.buramkitabevi.com\/en\/wp-json\/wp\/v2\/types\/product"}],"replies":[{"embeddable":true,"href":"https:\/\/www.buramkitabevi.com\/en\/wp-json\/wp\/v2\/comments?post=6934"}],"wp:featuredmedia":[{"embeddable":true,"href":"https:\/\/www.buramkitabevi.com\/en\/wp-json\/wp\/v2\/media\/6935"}],"wp:attachment":[{"href":"https:\/\/www.buramkitabevi.com\/en\/wp-json\/wp\/v2\/media?parent=6934"}],"wp:term":[{"taxonomy":"product_cat","embeddable":true,"href":"https:\/\/www.buramkitabevi.com\/en\/wp-json\/wp\/v2\/product_cat?post=6934"},{"taxonomy":"product_tag","embeddable":true,"href":"https:\/\/www.buramkitabevi.com\/en\/wp-json\/wp\/v2\/product_tag?post=6934"}],"curies":[{"name":"wp","href":"https:\/\/api.w.org\/{rel}","templated":true}]}}