{"id":6930,"date":"2025-10-16T12:09:24","date_gmt":"2025-10-16T09:09:24","guid":{"rendered":"http:\/\/www.buramkitabevi.com\/kitap\/hayat-ibrahim-demir"},"modified":"2025-10-16T12:10:05","modified_gmt":"2025-10-16T09:10:05","slug":"hayat-ibrahim-demir","status":"publish","type":"product","link":"https:\/\/www.buramkitabevi.com\/en\/kitap\/hayat-ibrahim-demir","title":{"rendered":"Hayat &#8211; \u0130brahim Demir"},"content":{"rendered":"<p>Bir gece yar\u0131s\u0131 Tanr\u0131&#8217;ya sava\u015f a\u00e7t\u0131m,<br \/>\nKim daha \u00e7ok yaln\u0131z diye.<br \/>\nKaybeden kainat\u0131 yaratacakt\u0131,<br \/>\nKazanan ise d\u00fcnyada insanlara kar\u0131\u015facakt\u0131.<\/p>","protected":false},"excerpt":{"rendered":"<p>Bir gece yar\u0131s\u0131 Tanr\u0131&#8217;ya sava\u015f a\u00e7t\u0131m, Kim daha \u00e7ok yaln\u0131z diye. Kaybeden kainat\u0131 yaratacakt\u0131, Kazanan ise d\u00fcnyada insanlara kar\u0131\u015facakt\u0131.<\/p>","protected":false},"featured_media":6931,"comment_status":"closed","ping_status":"open","template":"","meta":{"inline_featured_image":false},"product_cat":[1019,1033],"product_tag":[],"class_list":{"0":"post-6930","1":"product","2":"type-product","3":"status-publish","4":"has-post-thumbnail","6":"product_cat-edebiyat","7":"product_cat-roman","8":"pa_boyut-135-x-195-cm","9":"pa_dil-turkce","10":"pa_sayfa-sayisi-1501","11":"pa_yayin-tarihi-5-10-2024","12":"pa_yazar-ibrahim-demir","14":"first","15":"instock","16":"sale","17":"purchasable","18":"product-type-simple"},"_links":{"self":[{"href":"https:\/\/www.buramkitabevi.com\/en\/wp-json\/wp\/v2\/product\/6930","targetHints":{"allow":["GET"]}}],"collection":[{"href":"https:\/\/www.buramkitabevi.com\/en\/wp-json\/wp\/v2\/product"}],"about":[{"href":"https:\/\/www.buramkitabevi.com\/en\/wp-json\/wp\/v2\/types\/product"}],"replies":[{"embeddable":true,"href":"https:\/\/www.buramkitabevi.com\/en\/wp-json\/wp\/v2\/comments?post=6930"}],"wp:featuredmedia":[{"embeddable":true,"href":"https:\/\/www.buramkitabevi.com\/en\/wp-json\/wp\/v2\/media\/6931"}],"wp:attachment":[{"href":"https:\/\/www.buramkitabevi.com\/en\/wp-json\/wp\/v2\/media?parent=6930"}],"wp:term":[{"taxonomy":"product_cat","embeddable":true,"href":"https:\/\/www.buramkitabevi.com\/en\/wp-json\/wp\/v2\/product_cat?post=6930"},{"taxonomy":"product_tag","embeddable":true,"href":"https:\/\/www.buramkitabevi.com\/en\/wp-json\/wp\/v2\/product_tag?post=6930"}],"curies":[{"name":"wp","href":"https:\/\/api.w.org\/{rel}","templated":true}]}}