{"id":6916,"date":"2025-10-16T12:09:24","date_gmt":"2025-10-16T09:09:24","guid":{"rendered":"http:\/\/www.buramkitabevi.com\/kitap\/gozlerimle-bir-gece-omer-kayra-turk"},"modified":"2025-10-16T12:09:38","modified_gmt":"2025-10-16T09:09:38","slug":"gozlerimle-bir-gece-omer-kayra-turk","status":"publish","type":"product","link":"https:\/\/www.buramkitabevi.com\/en\/kitap\/gozlerimle-bir-gece-omer-kayra-turk","title":{"rendered":"G\u00f6zlerimle Bir Gece &#8211; \u00d6mer Kayra T\u00fcrk"},"content":{"rendered":"<p>Al g\u00fcll\u00fc kad\u0131n ak zambaklar\u0131n esintisinde<br \/>\nBulvar\u0131n dar\u0131lgan dans\u0131ndan ekseriyetle<br \/>\nOyalanmakta birka\u00e7 cenaze<br \/>\n<em>Al G\u00fcll\u00fc Kad\u0131n \u015eiiri\u2019nden<\/em><\/p>\n<p>Sensiyorum ak\u0131lalmaz hazan\u0131mda<br \/>\nTuruncu zar\u00e2fetin ya\u011fmuru k\u0131skand\u0131rd\u0131\u011f\u0131 anda<br \/>\nBuldum bir nadide \u00e7i\u00e7ek yoksun izandan<br \/>\nHazin sonun g\u00f6k\u00e7e sabah\u0131ndan selamlarla<br \/>\n<em>Hazin Sonun G\u00f6k\u00e7e Sabah\u0131 \u015eiini\u2019nden<\/em><\/p>\n<p>Unutamad\u0131m mizan adaletini<br \/>\nVe ihtiyar\u0131n b\u0131y\u0131\u011f\u0131ndan s\u0131zlayan \u015fark\u0131y\u0131<br \/>\nG\u0131rtla\u011f\u0131n\u0131 par\u00e7al\u0131yordu cehennemi yarmak i\u00e7in<br \/>\n<em>Vah\u015fiyet \u015eiiri\u2019nden<\/em><\/p>\n<p><strong>\u00d6mer Kayra T\u00fcrk<\/strong>: 2006 y\u0131l\u0131nda \u0130stanbul, \u00dcsk\u00fcdar&#8217;da do\u011fdum. \u015eiir ser\u00fcvenime bu kitapla at\u0131l\u0131yorum. \u0130brahim Hakk\u0131 Konyal\u0131 \u0130lkokulu ve sonras\u0131nda Mehmet\u00e7ik Ortaokulu&#8217;ndan mezun oldum. \u0130stanbul&#8217;da lise hayat\u0131ma devam ediyorum.<\/p>","protected":false},"excerpt":{"rendered":"<p>Al g\u00fcll\u00fc kad\u0131n ak zambaklar\u0131n esintisinde Bulvar\u0131n dar\u0131lgan dans\u0131ndan ekseriyetle Oyalanmakta birka\u00e7 cenaze Al G\u00fcll\u00fc Kad\u0131n \u015eiiri\u2019nden Sensiyorum ak\u0131lalmaz hazan\u0131mda Turuncu zar\u00e2fetin ya\u011fmuru k\u0131skand\u0131rd\u0131\u011f\u0131 anda Buldum bir nadide \u00e7i\u00e7ek yoksun izandan Hazin sonun g\u00f6k\u00e7e sabah\u0131ndan selamlarla Hazin Sonun G\u00f6k\u00e7e Sabah\u0131 \u015eiini\u2019nden Unutamad\u0131m mizan adaletini Ve ihtiyar\u0131n b\u0131y\u0131\u011f\u0131ndan s\u0131zlayan \u015fark\u0131y\u0131 G\u0131rtla\u011f\u0131n\u0131 par\u00e7al\u0131yordu cehennemi yarmak i\u00e7in Vah\u015fiyet [&hellip;]<\/p>\n","protected":false},"featured_media":6917,"comment_status":"closed","ping_status":"open","template":"","meta":{"inline_featured_image":false},"product_cat":[1020,1019],"product_tag":[],"class_list":{"0":"post-6916","1":"product","2":"type-product","3":"status-publish","4":"has-post-thumbnail","6":"product_cat-siir","7":"product_cat-edebiyat","8":"pa_boyut-135-x-195-cm","9":"pa_dil-turkce","10":"pa_sayfa-sayisi-1086","11":"pa_yayin-tarihi-4-17-2024","12":"pa_yazar-omer-kayra-turk","14":"first","15":"instock","16":"sale","17":"purchasable","18":"product-type-simple"},"_links":{"self":[{"href":"https:\/\/www.buramkitabevi.com\/en\/wp-json\/wp\/v2\/product\/6916","targetHints":{"allow":["GET"]}}],"collection":[{"href":"https:\/\/www.buramkitabevi.com\/en\/wp-json\/wp\/v2\/product"}],"about":[{"href":"https:\/\/www.buramkitabevi.com\/en\/wp-json\/wp\/v2\/types\/product"}],"replies":[{"embeddable":true,"href":"https:\/\/www.buramkitabevi.com\/en\/wp-json\/wp\/v2\/comments?post=6916"}],"wp:featuredmedia":[{"embeddable":true,"href":"https:\/\/www.buramkitabevi.com\/en\/wp-json\/wp\/v2\/media\/6917"}],"wp:attachment":[{"href":"https:\/\/www.buramkitabevi.com\/en\/wp-json\/wp\/v2\/media?parent=6916"}],"wp:term":[{"taxonomy":"product_cat","embeddable":true,"href":"https:\/\/www.buramkitabevi.com\/en\/wp-json\/wp\/v2\/product_cat?post=6916"},{"taxonomy":"product_tag","embeddable":true,"href":"https:\/\/www.buramkitabevi.com\/en\/wp-json\/wp\/v2\/product_tag?post=6916"}],"curies":[{"name":"wp","href":"https:\/\/api.w.org\/{rel}","templated":true}]}}