{"id":6914,"date":"2025-10-16T12:09:24","date_gmt":"2025-10-16T09:09:24","guid":{"rendered":"http:\/\/www.buramkitabevi.com\/kitap\/kirk-gun-kirk-sene-ayse-saklan"},"modified":"2025-10-16T12:09:35","modified_gmt":"2025-10-16T09:09:35","slug":"kirk-gun-kirk-sene-ayse-saklan","status":"publish","type":"product","link":"https:\/\/www.buramkitabevi.com\/en\/kitap\/kirk-gun-kirk-sene-ayse-saklan","title":{"rendered":"K\u0131rk G\u00fcn K\u0131rk Sene &#8211; Ay\u015fe Saklan"},"content":{"rendered":"<p>ACABA HASTANE KOR\u0130DORLARI ERZURUM\u2019UN SO\u011eU\u011eUNDAN DAHA MI SO\u011eUKTUR? MERCAN NEDEN YOK? BU HAYATTA \u0130NSANIN DOSTU OLMALI; OLACAKSA DA \u201cF\u0130L\u0130Z VE M\u0130RA\u00c7\u201d G\u0130B\u0130 OLMALI!\u201cDA\u011eLAR SEN\u0130 DEL\u0130K DEL\u0130K DELER\u0130M\u201d\u0130NSAN CELLADINDAN KURTULU\u015e BEKLER M\u0130? Z\u0130NDANDAN \u00c7IKI\u015e: ZEYNEP\u2026CAN BA\u011eI MI, KAN BA\u011eI MI? K\u0130M DEM\u0130\u015e TEMMUZ SICAKTIR, TEMMUZ ARTIK KARA KI\u015eTIR!\u201cSEN\u0130N RUHUN BEN\u0130M RUHUMUN \u00d6N\u00dcNDE D\u0130Z \u00c7\u00d6KER AMA BEN\u0130M RUHUM \u015eAHA KALKAR!\u201d\u201cY\u00dcCE MEVLA\u2019M B\u00d6YLE M\u0130YD\u0130 D\u0130LE\u011e\u0130M? FELEK G\u00dcL DEMEM\u0130\u015e NASIL G\u00dcLEY\u0130M? HAKKINI HELAL ET KIZIM!<\/p>\n<p>Psikologlar geli\u015fim evrelerini \u201cBebeklik D\u00f6nemi, \u0130lk \u00c7ocukluk (Okul \u00d6ncesi) D\u00f6nemi, Son \u00c7ocukluk (Okul) D\u00f6nemi, Ergenlik D\u00f6nemi, Gen\u00e7 Yeti\u015fkinlik D\u00f6nemi, Orta Yeti\u015fkinlik D\u00f6nemi ve \u0130leri Yeti\u015fkinlik D\u00f6nemi\u201d diye ay\u0131radursunlar ya ruh d\u00fcnyam\u0131z\u0131, \u00f6mr\u00fcm\u00fcz\u00fc evrelere ay\u0131r\u0131p bunlara bir de ba\u015fl\u0131k koymaya kalkarsak? Hani bir t\u00fcrk\u00fcde de ge\u00e7iyor ya \u201c\u0130nsan k\u0131s\u0131m k\u0131s\u0131m, yer damar damar\u201d o hesap\u2026her \u015fey z\u0131dd\u0131yla var olmam\u0131\u015f m\u0131 evrende? \u015eairin de dedi\u011fi gibi \u201c\u0130nsandan insana \u015f\u00fck\u00fcr ki fark var.\u201d Birileri hayat\u0131m\u0131za girer, \u00f6mr\u00fcm\u00fcze ne\u015fe katar kimileri de o \u00f6mr\u00fcn an\u0131lar defterine ad\u0131n\u0131 ahlarla yazd\u0131r\u0131r. Bir yerde okumu\u015ftum, \u201cT\u0131rt\u0131l\u0131n yolun sonu dedi\u011fine Allah kelebek demi\u015f.\u201d \u0130\u00e7inizi \u0131s\u0131tacak, kimi zaman bitsin art\u0131k bu \u00e7ile dedirtip kimi zaman da kalm\u0131\u015f m\u0131 b\u00f6yle dostluklar ya da sak\u0131n ola pes etme, d\u00fc\u015fme\u2026diyece\u011finiz bir ya\u015fam \u00f6yk\u00fcs\u00fc\u2026Yarat\u0131l\u0131\u015fa bak\u0131nca ad\u0131m\u0131z insan ama kimi insano\u011flu kimi insan\u00fcst\u00fc\u2026\u0130nsan kalabilene, insan olana selam olsun\u2026<\/p>","protected":false},"excerpt":{"rendered":"<p>ACABA HASTANE KOR\u0130DORLARI ERZURUM\u2019UN SO\u011eU\u011eUNDAN DAHA MI SO\u011eUKTUR? MERCAN NEDEN YOK? BU HAYATTA \u0130NSANIN DOSTU OLMALI; OLACAKSA DA \u201cF\u0130L\u0130Z VE M\u0130RA\u00c7\u201d G\u0130B\u0130 OLMALI!\u201cDA\u011eLAR SEN\u0130 DEL\u0130K DEL\u0130K DELER\u0130M\u201d\u0130NSAN CELLADINDAN KURTULU\u015e BEKLER M\u0130? Z\u0130NDANDAN \u00c7IKI\u015e: ZEYNEP\u2026CAN BA\u011eI MI, KAN BA\u011eI MI? K\u0130M DEM\u0130\u015e TEMMUZ SICAKTIR, TEMMUZ ARTIK KARA KI\u015eTIR!\u201cSEN\u0130N RUHUN BEN\u0130M RUHUMUN \u00d6N\u00dcNDE D\u0130Z \u00c7\u00d6KER AMA BEN\u0130M [&hellip;]<\/p>\n","protected":false},"featured_media":6915,"comment_status":"closed","ping_status":"open","template":"","meta":{"inline_featured_image":false},"product_cat":[1019,1110],"product_tag":[],"class_list":{"0":"post-6914","1":"product","2":"type-product","3":"status-publish","4":"has-post-thumbnail","6":"product_cat-edebiyat","7":"product_cat-yasamoykusu","8":"pa_boyut-135-x-195-cm","9":"pa_dil-turkce","10":"pa_sayfa-sayisi-1496","11":"pa_yayin-tarihi-4-2-2024","12":"pa_yazar-ayse-saklan","14":"first","15":"instock","16":"sale","17":"purchasable","18":"product-type-simple"},"_links":{"self":[{"href":"https:\/\/www.buramkitabevi.com\/en\/wp-json\/wp\/v2\/product\/6914","targetHints":{"allow":["GET"]}}],"collection":[{"href":"https:\/\/www.buramkitabevi.com\/en\/wp-json\/wp\/v2\/product"}],"about":[{"href":"https:\/\/www.buramkitabevi.com\/en\/wp-json\/wp\/v2\/types\/product"}],"replies":[{"embeddable":true,"href":"https:\/\/www.buramkitabevi.com\/en\/wp-json\/wp\/v2\/comments?post=6914"}],"wp:featuredmedia":[{"embeddable":true,"href":"https:\/\/www.buramkitabevi.com\/en\/wp-json\/wp\/v2\/media\/6915"}],"wp:attachment":[{"href":"https:\/\/www.buramkitabevi.com\/en\/wp-json\/wp\/v2\/media?parent=6914"}],"wp:term":[{"taxonomy":"product_cat","embeddable":true,"href":"https:\/\/www.buramkitabevi.com\/en\/wp-json\/wp\/v2\/product_cat?post=6914"},{"taxonomy":"product_tag","embeddable":true,"href":"https:\/\/www.buramkitabevi.com\/en\/wp-json\/wp\/v2\/product_tag?post=6914"}],"curies":[{"name":"wp","href":"https:\/\/api.w.org\/{rel}","templated":true}]}}