{"id":6898,"date":"2025-10-16T12:08:03","date_gmt":"2025-10-16T09:08:03","guid":{"rendered":"http:\/\/www.buramkitabevi.com\/kitap\/bin-bir-kere-bir-naim-cagman"},"modified":"2025-10-16T12:08:55","modified_gmt":"2025-10-16T09:08:55","slug":"bin-bir-kere-bir-naim-cagman","status":"publish","type":"product","link":"https:\/\/www.buramkitabevi.com\/en\/kitap\/bin-bir-kere-bir-naim-cagman","title":{"rendered":"Bin Bir Kere Bir &#8211; Naim \u00c7a\u011fman"},"content":{"rendered":"<p><strong>Bin Bir Kere Bir,<\/strong>\u00a01001 (bin bir) tane \u015fiir ve \u00f6zdeyi\u015f i\u00e7eren, mant\u0131k\u00e7\u0131 Prof. Dr. Naim \u00c7a\u011fman\u2019n\u0131n farkl\u0131 bir bak\u0131\u015f a\u00e7\u0131s\u0131yla duygu ve d\u00fc\u015f\u00fcncelerini yazd\u0131\u011f\u0131 kitab\u0131n birincisidir. Kitab\u0131n kapa\u011f\u0131n\u0131 a\u00e7anlar, i\u00e7ine girip yepyeni d\u00fcnyalara yelken a\u00e7acaklar. Baz\u0131lar\u0131nda tebess\u00fcm edecek, baz\u0131lar\u0131nda duygulanacak, baz\u0131lar\u0131nda derin d\u00fc\u015f\u00fcncelere dalacaklar.<\/p>\n<p>\u00c7a\u011fman yazd\u0131klar\u0131na g\u00fcvenerek diyor ki:<\/p>\n<p><strong>Kapa\u011f\u0131n\u0131 a\u00e7t\u0131\u011f\u0131n kitap, zihnini a\u00e7m\u0131yorsa kapat, Yetmez, ba\u015fkas\u0131n\u0131n da zaman\u0131n\u0131 almas\u0131n \u00e7\u00f6pe at.<\/strong><\/p>","protected":false},"excerpt":{"rendered":"<p>Bin Bir Kere Bir,\u00a01001 (bin bir) tane \u015fiir ve \u00f6zdeyi\u015f i\u00e7eren, mant\u0131k\u00e7\u0131 Prof. Dr. Naim \u00c7a\u011fman\u2019n\u0131n farkl\u0131 bir bak\u0131\u015f a\u00e7\u0131s\u0131yla duygu ve d\u00fc\u015f\u00fcncelerini yazd\u0131\u011f\u0131 kitab\u0131n birincisidir. Kitab\u0131n kapa\u011f\u0131n\u0131 a\u00e7anlar, i\u00e7ine girip yepyeni d\u00fcnyalara yelken a\u00e7acaklar. Baz\u0131lar\u0131nda tebess\u00fcm edecek, baz\u0131lar\u0131nda duygulanacak, baz\u0131lar\u0131nda derin d\u00fc\u015f\u00fcncelere dalacaklar. \u00c7a\u011fman yazd\u0131klar\u0131na g\u00fcvenerek diyor ki: Kapa\u011f\u0131n\u0131 a\u00e7t\u0131\u011f\u0131n kitap, zihnini a\u00e7m\u0131yorsa kapat, [&hellip;]<\/p>\n","protected":false},"featured_media":6899,"comment_status":"closed","ping_status":"open","template":"","meta":{"inline_featured_image":false},"product_cat":[1020,1019],"product_tag":[],"class_list":{"0":"post-6898","1":"product","2":"type-product","3":"status-publish","4":"has-post-thumbnail","6":"product_cat-siir","7":"product_cat-edebiyat","8":"pa_boyut-135-x-195-cm","9":"pa_dil-turkce","10":"pa_sayfa-sayisi-1046","11":"pa_yayin-tarihi-3-4-2024","12":"pa_yazar-naim-cagman","14":"first","15":"instock","16":"sale","17":"purchasable","18":"product-type-simple"},"_links":{"self":[{"href":"https:\/\/www.buramkitabevi.com\/en\/wp-json\/wp\/v2\/product\/6898","targetHints":{"allow":["GET"]}}],"collection":[{"href":"https:\/\/www.buramkitabevi.com\/en\/wp-json\/wp\/v2\/product"}],"about":[{"href":"https:\/\/www.buramkitabevi.com\/en\/wp-json\/wp\/v2\/types\/product"}],"replies":[{"embeddable":true,"href":"https:\/\/www.buramkitabevi.com\/en\/wp-json\/wp\/v2\/comments?post=6898"}],"wp:featuredmedia":[{"embeddable":true,"href":"https:\/\/www.buramkitabevi.com\/en\/wp-json\/wp\/v2\/media\/6899"}],"wp:attachment":[{"href":"https:\/\/www.buramkitabevi.com\/en\/wp-json\/wp\/v2\/media?parent=6898"}],"wp:term":[{"taxonomy":"product_cat","embeddable":true,"href":"https:\/\/www.buramkitabevi.com\/en\/wp-json\/wp\/v2\/product_cat?post=6898"},{"taxonomy":"product_tag","embeddable":true,"href":"https:\/\/www.buramkitabevi.com\/en\/wp-json\/wp\/v2\/product_tag?post=6898"}],"curies":[{"name":"wp","href":"https:\/\/api.w.org\/{rel}","templated":true}]}}