{"id":6886,"date":"2025-10-16T12:08:03","date_gmt":"2025-10-16T09:08:03","guid":{"rendered":"http:\/\/www.buramkitabevi.com\/kitap\/kendimi-dinliyorum-ali-yegen"},"modified":"2025-10-16T12:08:34","modified_gmt":"2025-10-16T09:08:34","slug":"kendimi-dinliyorum-ali-yegen","status":"publish","type":"product","link":"https:\/\/www.buramkitabevi.com\/en\/kitap\/kendimi-dinliyorum-ali-yegen","title":{"rendered":"Kendimi Dinliyorum &#8211; Ali Ye\u011fen"},"content":{"rendered":"<div class=\"phenom-desc\">\n<div class=\"comment-container\">\n<div class=\"action-comment can-view-video markeddown js-comment is-comments-rewrite\" dir=\"auto\">\n<div class=\"current-comment js-friendly-links js-open-card\">\n<p>\u0130nsanl\u0131k tarih boyunca felsefe, \u00f6l\u00fcm, hayat\u0131 anlama gibi bir \u00e7ok kavram \u00fczerine bir s\u00fcr\u00fc d\u00fc\u015f\u00fcnce olu\u015fturmu\u015ftur. \u015euan ki ya\u015fad\u0131\u011f\u0131m\u0131z d\u00fcnya da maalesef bunlara pekte \u00f6nem verilmemekte. \u0130nsanlar hayat\u0131 anlamaktan daha \u00e7ok ya\u015fay\u0131p \u00f6lmek istiyorlar. Bana g\u00f6re anlamadan, nedenini bilmeden yap\u0131lan hi\u00e7bir eylemin bir \u00f6nemi yoktur. Bu kitapta ki t\u00fcm \u015fiirler ve denemeler sizi d\u00fc\u015f\u00fcnmeye, anlamaya ve sorgulamaya itmesi i\u00e7in yaz\u0131lan kelime ve c\u00fcmlelerden olu\u015fmaktad\u0131r. Sorgulamadan ve anlamadan yapt\u0131\u011f\u0131n\u0131z hi\u00e7bir eylem aksiyonda sizi geli\u015ftiremez ya da size bir \u015fey \u00f6\u011fretemez. Belki bu kitapta okudu\u011funuz c\u00fcmleler size d\u00fc\u015f\u00fcnmeye ba\u015flaman\u0131z i\u00e7in yard\u0131m eder. Hayat\u0131 s\u00fcrekli sorgulaman\u0131z ve d\u00fc\u015f\u00fcnmeniz dile\u011fiyle.<\/p>\n<\/div>\n<\/div>\n<\/div>\n<\/div>","protected":false},"excerpt":{"rendered":"<p>\u0130nsanl\u0131k tarih boyunca felsefe, \u00f6l\u00fcm, hayat\u0131 anlama gibi bir \u00e7ok kavram \u00fczerine bir s\u00fcr\u00fc d\u00fc\u015f\u00fcnce olu\u015fturmu\u015ftur. \u015euan ki ya\u015fad\u0131\u011f\u0131m\u0131z d\u00fcnya da maalesef bunlara pekte \u00f6nem verilmemekte. \u0130nsanlar hayat\u0131 anlamaktan daha \u00e7ok ya\u015fay\u0131p \u00f6lmek istiyorlar. Bana g\u00f6re anlamadan, nedenini bilmeden yap\u0131lan hi\u00e7bir eylemin bir \u00f6nemi yoktur. Bu kitapta ki t\u00fcm \u015fiirler ve denemeler sizi d\u00fc\u015f\u00fcnmeye, anlamaya [&hellip;]<\/p>\n","protected":false},"featured_media":6887,"comment_status":"closed","ping_status":"open","template":"","meta":{"inline_featured_image":false},"product_cat":[1020,1019],"product_tag":[],"class_list":{"0":"post-6886","1":"product","2":"type-product","3":"status-publish","4":"has-post-thumbnail","6":"product_cat-siir","7":"product_cat-edebiyat","8":"pa_boyut-135-x-195-cm","9":"pa_dil-turkce","10":"pa_sayfa-sayisi-1184","11":"pa_yayin-tarihi-2-26-2024","12":"pa_yazar-ali-yegen","14":"first","15":"instock","16":"sale","17":"purchasable","18":"product-type-simple"},"_links":{"self":[{"href":"https:\/\/www.buramkitabevi.com\/en\/wp-json\/wp\/v2\/product\/6886","targetHints":{"allow":["GET"]}}],"collection":[{"href":"https:\/\/www.buramkitabevi.com\/en\/wp-json\/wp\/v2\/product"}],"about":[{"href":"https:\/\/www.buramkitabevi.com\/en\/wp-json\/wp\/v2\/types\/product"}],"replies":[{"embeddable":true,"href":"https:\/\/www.buramkitabevi.com\/en\/wp-json\/wp\/v2\/comments?post=6886"}],"wp:featuredmedia":[{"embeddable":true,"href":"https:\/\/www.buramkitabevi.com\/en\/wp-json\/wp\/v2\/media\/6887"}],"wp:attachment":[{"href":"https:\/\/www.buramkitabevi.com\/en\/wp-json\/wp\/v2\/media?parent=6886"}],"wp:term":[{"taxonomy":"product_cat","embeddable":true,"href":"https:\/\/www.buramkitabevi.com\/en\/wp-json\/wp\/v2\/product_cat?post=6886"},{"taxonomy":"product_tag","embeddable":true,"href":"https:\/\/www.buramkitabevi.com\/en\/wp-json\/wp\/v2\/product_tag?post=6886"}],"curies":[{"name":"wp","href":"https:\/\/api.w.org\/{rel}","templated":true}]}}