{"id":6858,"date":"2025-10-16T12:06:55","date_gmt":"2025-10-16T09:06:55","guid":{"rendered":"http:\/\/www.buramkitabevi.com\/kitap\/sairleri-yasarken-sevin-muharrem-korkmaz"},"modified":"2025-10-16T12:07:43","modified_gmt":"2025-10-16T09:07:43","slug":"sairleri-yasarken-sevin-muharrem-korkmaz","status":"publish","type":"product","link":"https:\/\/www.buramkitabevi.com\/en\/kitap\/sairleri-yasarken-sevin-muharrem-korkmaz","title":{"rendered":"\u015eairleri Ya\u015farken Sevin &#8211; Muharrem Korkmaz"},"content":{"rendered":"<p>Tecav\u00fcz edilen yaln\u0131z bedenim mi, zihnimde kim bilir kimin pi\u00e7leri! Fahi\u015feden bakire tozlu kitaplar. \u00d6l\u00fclerde nefes al\u0131r. So\u011fuk tenimi indirdim morgtan. Kalabal\u0131k yaln\u0131zl\u0131\u011f\u0131n, g\u00f6lgesidir. Senin i\u00e7in i\u00e7im i\u00e7in i\u00e7in i\u00e7inleniyor. Yola d\u00fc\u015fm\u00fc\u015f gider gelinli\u011fin, i\u00e7indeki neden sen de\u011filsin! Her Tanr\u0131 insan kadar. Kurbanlar verip tapt\u0131klar\u0131m\u0131za, tapt\u0131klar\u0131m\u0131z\u0131 kurban etmedik mi insana! Cehalet batakl\u0131\u011f\u0131n\u0131n dibini bulmaya harcanan bunca \u00e7abaya inat karanl\u0131k kuyular g\u00fcne\u015f dolacak.<\/p>\n<p>\u015eairleri Ya\u015farken Sevin; toplumun en \u00f6zg\u00fcr \u015fair ruhlar\u0131n\u0131n de\u011ferini bilerek karanl\u0131\u011fa, zulme, zorbalara ve pervanelerine kar\u015f\u0131 susturulmaya \u00e7al\u0131\u015f\u0131lan \u00e7\u0131\u011fl\u0131klar\u0131m\u0131z\u0131n yank\u0131lar\u0131n\u0131 ta\u015f\u0131yan \u00f6zg\u00fcr, adil, e\u015fit bir d\u00fcnyan\u0131n arzusuyla olgunla\u015fan hakl\u0131 bir ba\u015fkald\u0131r\u0131d\u0131r. Egemenlerin \u201cadalet\u201d inin oldu\u011fu her yerde her birimiz bir Josef K.\u2019 y\u0131z (Kafka\u2019n\u0131n Dava\u2019s\u0131na selam).<\/p>\n<p>\u201cH\u00fcrriyet olmayan bir memlekette \u00f6l\u00fcm ve \u00e7\u00f6k\u00fc\u015f vard\u0131r. Her ilerleyi\u015fin ve kurtulu\u015fun anas\u0131 h\u00fcrriyettir. Bug\u00fcn hepimize d\u00fc\u015fen ortak g\u00f6rev; ulusal de\u011ferlere, bilince, Cumhuriyet&#8217;e sahip \u00e7\u0131kmak, \u00c7anakkale&#8217;yi, Kurtulu\u015f Sava\u015f\u0131&#8217;n\u0131 kazanan ruhu korumak ve bu bilinci gelecek ku\u015faklara aktarmakt\u0131r. T\u00fcrk Ulusu dili, k\u00fclt\u00fcr\u00fc, tarihi ve sayg\u0131n kimli\u011fiyle ayd\u0131nl\u0131k yar\u0131nlara el ele g\u00fc\u00e7l\u00fc bi\u00e7imde y\u00fcr\u00fcyecektir\u201d. Atat\u00fcrk<\/p>","protected":false},"excerpt":{"rendered":"<p>Tecav\u00fcz edilen yaln\u0131z bedenim mi, zihnimde kim bilir kimin pi\u00e7leri! Fahi\u015feden bakire tozlu kitaplar. \u00d6l\u00fclerde nefes al\u0131r. So\u011fuk tenimi indirdim morgtan. Kalabal\u0131k yaln\u0131zl\u0131\u011f\u0131n, g\u00f6lgesidir. Senin i\u00e7in i\u00e7im i\u00e7in i\u00e7in i\u00e7inleniyor. Yola d\u00fc\u015fm\u00fc\u015f gider gelinli\u011fin, i\u00e7indeki neden sen de\u011filsin! Her Tanr\u0131 insan kadar. Kurbanlar verip tapt\u0131klar\u0131m\u0131za, tapt\u0131klar\u0131m\u0131z\u0131 kurban etmedik mi insana! Cehalet batakl\u0131\u011f\u0131n\u0131n dibini bulmaya harcanan [&hellip;]<\/p>\n","protected":false},"featured_media":6859,"comment_status":"closed","ping_status":"open","template":"","meta":{"inline_featured_image":false},"product_cat":[1020,1019],"product_tag":[],"class_list":{"0":"post-6858","1":"product","2":"type-product","3":"status-publish","4":"has-post-thumbnail","6":"product_cat-siir","7":"product_cat-edebiyat","8":"pa_boyut-135-x-195-cm","9":"pa_dil-turkce","10":"pa_sayfa-sayisi-347","11":"pa_yayin-tarihi-12-27-2024","12":"pa_yazar-muharrem-korkmaz","14":"first","15":"instock","16":"sale","17":"purchasable","18":"product-type-simple"},"_links":{"self":[{"href":"https:\/\/www.buramkitabevi.com\/en\/wp-json\/wp\/v2\/product\/6858","targetHints":{"allow":["GET"]}}],"collection":[{"href":"https:\/\/www.buramkitabevi.com\/en\/wp-json\/wp\/v2\/product"}],"about":[{"href":"https:\/\/www.buramkitabevi.com\/en\/wp-json\/wp\/v2\/types\/product"}],"replies":[{"embeddable":true,"href":"https:\/\/www.buramkitabevi.com\/en\/wp-json\/wp\/v2\/comments?post=6858"}],"wp:featuredmedia":[{"embeddable":true,"href":"https:\/\/www.buramkitabevi.com\/en\/wp-json\/wp\/v2\/media\/6859"}],"wp:attachment":[{"href":"https:\/\/www.buramkitabevi.com\/en\/wp-json\/wp\/v2\/media?parent=6858"}],"wp:term":[{"taxonomy":"product_cat","embeddable":true,"href":"https:\/\/www.buramkitabevi.com\/en\/wp-json\/wp\/v2\/product_cat?post=6858"},{"taxonomy":"product_tag","embeddable":true,"href":"https:\/\/www.buramkitabevi.com\/en\/wp-json\/wp\/v2\/product_tag?post=6858"}],"curies":[{"name":"wp","href":"https:\/\/api.w.org\/{rel}","templated":true}]}}