{"id":6838,"date":"2025-10-16T12:06:55","date_gmt":"2025-10-16T09:06:55","guid":{"rendered":"http:\/\/www.buramkitabevi.com\/kitap\/beklenmeyen-gemi-mustafa-emre-kamis-oguzhan-pekmezci"},"modified":"2025-10-16T12:07:09","modified_gmt":"2025-10-16T09:07:09","slug":"beklenmeyen-gemi-mustafa-emre-kamis-oguzhan-pekmezci","status":"publish","type":"product","link":"https:\/\/www.buramkitabevi.com\/en\/kitap\/beklenmeyen-gemi-mustafa-emre-kamis-oguzhan-pekmezci","title":{"rendered":"Beklenmeyen Gemi &#8211; Mustafa Emre Kam\u0131\u015f, O\u011fuzhan Pekmezci"},"content":{"rendered":"<p>Her erke\u011fin hayat\u0131na bir kad\u0131n girer. Baz\u0131lar\u0131 kal\u0131c\u0131 olur.<br \/>\nBaz\u0131lar\u0131 ise bir tren gar\u0131nda b\u0131rak\u0131p gider.<br \/>\nAs\u0131l mesele kal\u0131c\u0131 olan\u0131 m\u0131 beklemek, yoksa \u00e7ekip gideni mi?<br \/>\nBu her iki \u015fair i\u00e7in de son \u015fiirlerdir.<br \/>\nBundan sonra hi\u00e7bir gemi beklenen de\u011fil, beklenmeyen olacakt\u0131r.<\/p>","protected":false},"excerpt":{"rendered":"<p>Her erke\u011fin hayat\u0131na bir kad\u0131n girer. Baz\u0131lar\u0131 kal\u0131c\u0131 olur. Baz\u0131lar\u0131 ise bir tren gar\u0131nda b\u0131rak\u0131p gider. As\u0131l mesele kal\u0131c\u0131 olan\u0131 m\u0131 beklemek, yoksa \u00e7ekip gideni mi? Bu her iki \u015fair i\u00e7in de son \u015fiirlerdir. Bundan sonra hi\u00e7bir gemi beklenen de\u011fil, beklenmeyen olacakt\u0131r.<\/p>","protected":false},"featured_media":6839,"comment_status":"closed","ping_status":"open","template":"","meta":{"inline_featured_image":false},"product_cat":[1020,1019],"product_tag":[],"class_list":{"0":"post-6838","1":"product","2":"type-product","3":"status-publish","4":"has-post-thumbnail","6":"product_cat-siir","7":"product_cat-edebiyat","8":"pa_boyut-135-x-195-cm","9":"pa_dil-turkce","10":"pa_sayfa-sayisi-572","11":"pa_yayin-tarihi-4-2-2024","12":"pa_yazar-mustafa-emre-kamis-oguzhan-pekmezci","14":"first","15":"instock","16":"sale","17":"purchasable","18":"product-type-simple"},"_links":{"self":[{"href":"https:\/\/www.buramkitabevi.com\/en\/wp-json\/wp\/v2\/product\/6838","targetHints":{"allow":["GET"]}}],"collection":[{"href":"https:\/\/www.buramkitabevi.com\/en\/wp-json\/wp\/v2\/product"}],"about":[{"href":"https:\/\/www.buramkitabevi.com\/en\/wp-json\/wp\/v2\/types\/product"}],"replies":[{"embeddable":true,"href":"https:\/\/www.buramkitabevi.com\/en\/wp-json\/wp\/v2\/comments?post=6838"}],"wp:featuredmedia":[{"embeddable":true,"href":"https:\/\/www.buramkitabevi.com\/en\/wp-json\/wp\/v2\/media\/6839"}],"wp:attachment":[{"href":"https:\/\/www.buramkitabevi.com\/en\/wp-json\/wp\/v2\/media?parent=6838"}],"wp:term":[{"taxonomy":"product_cat","embeddable":true,"href":"https:\/\/www.buramkitabevi.com\/en\/wp-json\/wp\/v2\/product_cat?post=6838"},{"taxonomy":"product_tag","embeddable":true,"href":"https:\/\/www.buramkitabevi.com\/en\/wp-json\/wp\/v2\/product_tag?post=6838"}],"curies":[{"name":"wp","href":"https:\/\/api.w.org\/{rel}","templated":true}]}}