{"id":6808,"date":"2025-10-16T12:05:50","date_gmt":"2025-10-16T09:05:50","guid":{"rendered":"http:\/\/www.buramkitabevi.com\/kitap\/malcolm-x-yunus-emre-halvali"},"modified":"2025-10-16T12:06:24","modified_gmt":"2025-10-16T09:06:24","slug":"malcolm-x-yunus-emre-halvali","status":"publish","type":"product","link":"https:\/\/www.buramkitabevi.com\/en\/kitap\/malcolm-x-yunus-emre-halvali","title":{"rendered":"Malcolm X &#8211; Yunus Emre Halval\u0131"},"content":{"rendered":"<div class=\"comment-container\">\n<div class=\"action-comment can-view-video markeddown js-comment is-comments-rewrite\" dir=\"auto\">\n<div class=\"current-comment js-friendly-links js-open-card\">\n<p>\u201cBen ger\u00e7e\u011fin pe\u015findeyim. Kimin s\u00f6yledi\u011fi \u00f6nemli de\u011fil. Ben adaletin pe\u015findeyim. Kim i\u00e7in veya kime kar\u015f\u0131 oldu\u011fu \u00f6nemli de\u011fil.\u201d<\/p>\n<p>Malcolm X<\/p>\n<\/div>\n<\/div>\n<\/div>","protected":false},"excerpt":{"rendered":"<div class=\"comment-container\">\n<div class=\"action-comment can-view-video markeddown js-comment is-comments-rewrite\" dir=\"auto\">\n<div class=\"current-comment js-friendly-links js-open-card\">\n<p>\u201cBen ger\u00e7e\u011fin pe\u015findeyim. Kimin s\u00f6yledi\u011fi \u00f6nemli de\u011fil. Ben adaletin pe\u015findeyim. Kim i\u00e7in veya kime kar\u015f\u0131 oldu\u011fu \u00f6nemli de\u011fil.\u201d<\/p>\n<p>Malcolm X<\/p>\n<\/div>\n<\/div>\n<\/div>","protected":false},"featured_media":6809,"comment_status":"closed","ping_status":"open","template":"","meta":{"inline_featured_image":false},"product_cat":[1019,1110],"product_tag":[],"class_list":{"0":"post-6808","1":"product","2":"type-product","3":"status-publish","4":"has-post-thumbnail","6":"product_cat-edebiyat","7":"product_cat-yasamoykusu","8":"pa_boyut-135-x-195-cm","9":"pa_dil-turkce","10":"pa_sayfa-sayisi-1042","11":"pa_yayin-tarihi-9-18-2023","12":"pa_yazar-yunus-emre-halvali","14":"first","15":"instock","16":"sale","17":"purchasable","18":"product-type-simple"},"_links":{"self":[{"href":"https:\/\/www.buramkitabevi.com\/en\/wp-json\/wp\/v2\/product\/6808","targetHints":{"allow":["GET"]}}],"collection":[{"href":"https:\/\/www.buramkitabevi.com\/en\/wp-json\/wp\/v2\/product"}],"about":[{"href":"https:\/\/www.buramkitabevi.com\/en\/wp-json\/wp\/v2\/types\/product"}],"replies":[{"embeddable":true,"href":"https:\/\/www.buramkitabevi.com\/en\/wp-json\/wp\/v2\/comments?post=6808"}],"wp:featuredmedia":[{"embeddable":true,"href":"https:\/\/www.buramkitabevi.com\/en\/wp-json\/wp\/v2\/media\/6809"}],"wp:attachment":[{"href":"https:\/\/www.buramkitabevi.com\/en\/wp-json\/wp\/v2\/media?parent=6808"}],"wp:term":[{"taxonomy":"product_cat","embeddable":true,"href":"https:\/\/www.buramkitabevi.com\/en\/wp-json\/wp\/v2\/product_cat?post=6808"},{"taxonomy":"product_tag","embeddable":true,"href":"https:\/\/www.buramkitabevi.com\/en\/wp-json\/wp\/v2\/product_tag?post=6808"}],"curies":[{"name":"wp","href":"https:\/\/api.w.org\/{rel}","templated":true}]}}