{"id":6806,"date":"2025-10-16T12:05:50","date_gmt":"2025-10-16T09:05:50","guid":{"rendered":"http:\/\/www.buramkitabevi.com\/kitap\/dilden-dile-yetim-misralar-fatih-keskin"},"modified":"2025-10-16T12:06:20","modified_gmt":"2025-10-16T09:06:20","slug":"dilden-dile-yetim-misralar-fatih-keskin","status":"publish","type":"product","link":"https:\/\/www.buramkitabevi.com\/en\/kitap\/dilden-dile-yetim-misralar-fatih-keskin","title":{"rendered":"D\u00eelden Dile: Yetim M\u0131sralar &#8211; Fatih Keskin"},"content":{"rendered":"<div class=\"comment-container\">\n<div class=\"action-comment can-view-video markeddown js-comment is-comments-rewrite\" dir=\"auto\">\n<div class=\"current-comment js-friendly-links js-open-card\">\n<p><strong>Ve \u0130nsan<\/strong><\/p>\n<p>S\u0131rl\u0131 aynalarda seyrettim \u00f6z\u00fcm\u00fc<br \/>\nZaman\u0131n de\u011firmenine \u015fa\u015f\u0131p kald\u0131m<br \/>\nG\u00f6rd\u00fcm ki ruhum boydan boya a\u011farm\u0131\u015f<br \/>\n\u0130klim ne \u00e7ok de\u011fi\u015firmi\u015f mek\u00e2ndan mek\u00e2na<br \/>\nMe\u011ferse y\u00fckseklere kar ya\u011farm\u0131\u015f<br \/>\nHikmetinden sual olunmaz ey Y\u00fcce Tanr\u0131<br \/>\nDemir d\u00f6v\u00fcld\u00fck\u00e7e \u00e7elikle\u015firken<br \/>\nBir \u00f6mre ka\u00e7 \u0131sdrap s\u0131\u011farm\u0131\u015f?<\/p>\n<p>Hilkati ne garip insan\u0131n!<br \/>\nRuhu ar\u015fa \u00e7\u0131ksa da<br \/>\nAyaklar\u0131 bir yerde bal\u00e7\u0131\u011fa batarm\u0131\u015f<br \/>\nBildim!<br \/>\nMesele, mezellete saplan\u0131p kalmamak!<br \/>\nEsfeleisafilin her g\u00f6rd\u00fc\u011f\u00fc \u00e7amura yatarm\u0131\u015f<br \/>\nRuhla beden aras\u0131ndaki fark<br \/>\nU\u00e7mak kadarm\u0131\u015f<br \/>\nYere inince iri ku\u015flar<br \/>\nG\u00f6kler \u00e7ehresini \u00e7atarm\u0131\u015f<br \/>\nVe batakl\u0131\u011fa dadanan kargay\u0131<br \/>\nYine batakl\u0131k yutarm\u0131\u015f<\/p>\n<p>Fatih Keskin<\/p>\n<\/div>\n<\/div>\n<\/div>","protected":false},"excerpt":{"rendered":"<p>Ve \u0130nsan S\u0131rl\u0131 aynalarda seyrettim \u00f6z\u00fcm\u00fc Zaman\u0131n de\u011firmenine \u015fa\u015f\u0131p kald\u0131m G\u00f6rd\u00fcm ki ruhum boydan boya a\u011farm\u0131\u015f \u0130klim ne \u00e7ok de\u011fi\u015firmi\u015f mek\u00e2ndan mek\u00e2na Me\u011ferse y\u00fckseklere kar ya\u011farm\u0131\u015f Hikmetinden sual olunmaz ey Y\u00fcce Tanr\u0131 Demir d\u00f6v\u00fcld\u00fck\u00e7e \u00e7elikle\u015firken Bir \u00f6mre ka\u00e7 \u0131sdrap s\u0131\u011farm\u0131\u015f? Hilkati ne garip insan\u0131n! Ruhu ar\u015fa \u00e7\u0131ksa da Ayaklar\u0131 bir yerde bal\u00e7\u0131\u011fa batarm\u0131\u015f Bildim! Mesele, [&hellip;]<\/p>\n","protected":false},"featured_media":6807,"comment_status":"closed","ping_status":"open","template":"","meta":{"inline_featured_image":false},"product_cat":[1020,1019],"product_tag":[],"class_list":{"0":"post-6806","1":"product","2":"type-product","3":"status-publish","4":"has-post-thumbnail","6":"product_cat-siir","7":"product_cat-edebiyat","8":"pa_boyut-135-x-195-cm","9":"pa_dil-turkce","10":"pa_sayfa-sayisi-356","11":"pa_yayin-tarihi-10-20-2023","12":"pa_yazar-fatih-keskin","14":"first","15":"instock","16":"sale","17":"purchasable","18":"product-type-simple"},"_links":{"self":[{"href":"https:\/\/www.buramkitabevi.com\/en\/wp-json\/wp\/v2\/product\/6806","targetHints":{"allow":["GET"]}}],"collection":[{"href":"https:\/\/www.buramkitabevi.com\/en\/wp-json\/wp\/v2\/product"}],"about":[{"href":"https:\/\/www.buramkitabevi.com\/en\/wp-json\/wp\/v2\/types\/product"}],"replies":[{"embeddable":true,"href":"https:\/\/www.buramkitabevi.com\/en\/wp-json\/wp\/v2\/comments?post=6806"}],"wp:featuredmedia":[{"embeddable":true,"href":"https:\/\/www.buramkitabevi.com\/en\/wp-json\/wp\/v2\/media\/6807"}],"wp:attachment":[{"href":"https:\/\/www.buramkitabevi.com\/en\/wp-json\/wp\/v2\/media?parent=6806"}],"wp:term":[{"taxonomy":"product_cat","embeddable":true,"href":"https:\/\/www.buramkitabevi.com\/en\/wp-json\/wp\/v2\/product_cat?post=6806"},{"taxonomy":"product_tag","embeddable":true,"href":"https:\/\/www.buramkitabevi.com\/en\/wp-json\/wp\/v2\/product_tag?post=6806"}],"curies":[{"name":"wp","href":"https:\/\/api.w.org\/{rel}","templated":true}]}}