{"id":6802,"date":"2025-10-16T12:05:50","date_gmt":"2025-10-16T09:05:50","guid":{"rendered":"http:\/\/www.buramkitabevi.com\/kitap\/bortecine-huseyin-eren"},"modified":"2025-10-16T12:06:13","modified_gmt":"2025-10-16T09:06:13","slug":"bortecine-huseyin-eren","status":"publish","type":"product","link":"https:\/\/www.buramkitabevi.com\/en\/kitap\/bortecine-huseyin-eren","title":{"rendered":"B\u00f6rte\u00e7ine &#8211; H\u00fcseyin Eren"},"content":{"rendered":"<div class=\"comment-container\">\n<div class=\"action-comment can-view-video markeddown js-comment is-comments-rewrite\" dir=\"auto\">\n<div class=\"current-comment js-friendly-links js-open-card\">\n<p>Ulu T\u00fcrk Devletinin her zaman yol g\u00f6stericisi ve lideri kurt olmu\u015ftur. B\u00f6rte\u00e7ine adl\u0131 kitab\u0131n ad\u0131ndan da g\u00f6r\u00fcnd\u00fc\u011f\u00fc gibi Ergenekon Destan\u0131&#8217;nda da ad\u0131 ge\u00e7en \u00f6l\u00fcms\u00fcz Mavi Kurt&#8217;un \u00f6nderli\u011finde T\u00fcrk Milletinin yeniden do\u011fu\u015fudur.<\/p>\n<p>Tarih her zaman T\u00fcrk ad\u0131 ve \u00f6nderli\u011finde kurulmu\u015ftur. Kitapta yer alan B\u00fcy\u00fck T\u00fcrk bilge liderlere yer verilmi\u015f ve her kelimesinde iliklerinize kadar T\u00fcrk benli\u011finizi tekrar ya\u015fayacaks\u0131n\u0131z.<\/p>\n<\/div>\n<\/div>\n<\/div>","protected":false},"excerpt":{"rendered":"<p>Ulu T\u00fcrk Devletinin her zaman yol g\u00f6stericisi ve lideri kurt olmu\u015ftur. B\u00f6rte\u00e7ine adl\u0131 kitab\u0131n ad\u0131ndan da g\u00f6r\u00fcnd\u00fc\u011f\u00fc gibi Ergenekon Destan\u0131&#8217;nda da ad\u0131 ge\u00e7en \u00f6l\u00fcms\u00fcz Mavi Kurt&#8217;un \u00f6nderli\u011finde T\u00fcrk Milletinin yeniden do\u011fu\u015fudur. Tarih her zaman T\u00fcrk ad\u0131 ve \u00f6nderli\u011finde kurulmu\u015ftur. Kitapta yer alan B\u00fcy\u00fck T\u00fcrk bilge liderlere yer verilmi\u015f ve her kelimesinde iliklerinize kadar T\u00fcrk benli\u011finizi [&hellip;]<\/p>\n","protected":false},"featured_media":6803,"comment_status":"closed","ping_status":"open","template":"","meta":{"inline_featured_image":false},"product_cat":[1020,1019],"product_tag":[],"class_list":{"0":"post-6802","1":"product","2":"type-product","3":"status-publish","4":"has-post-thumbnail","6":"product_cat-siir","7":"product_cat-edebiyat","8":"pa_boyut-135-x-195-cm","9":"pa_dil-turkce","10":"pa_sayfa-sayisi-554","11":"pa_yayin-tarihi-8-25-2023","12":"pa_yazar-huseyin-eren","14":"first","15":"instock","16":"sale","17":"purchasable","18":"product-type-simple"},"_links":{"self":[{"href":"https:\/\/www.buramkitabevi.com\/en\/wp-json\/wp\/v2\/product\/6802","targetHints":{"allow":["GET"]}}],"collection":[{"href":"https:\/\/www.buramkitabevi.com\/en\/wp-json\/wp\/v2\/product"}],"about":[{"href":"https:\/\/www.buramkitabevi.com\/en\/wp-json\/wp\/v2\/types\/product"}],"replies":[{"embeddable":true,"href":"https:\/\/www.buramkitabevi.com\/en\/wp-json\/wp\/v2\/comments?post=6802"}],"wp:featuredmedia":[{"embeddable":true,"href":"https:\/\/www.buramkitabevi.com\/en\/wp-json\/wp\/v2\/media\/6803"}],"wp:attachment":[{"href":"https:\/\/www.buramkitabevi.com\/en\/wp-json\/wp\/v2\/media?parent=6802"}],"wp:term":[{"taxonomy":"product_cat","embeddable":true,"href":"https:\/\/www.buramkitabevi.com\/en\/wp-json\/wp\/v2\/product_cat?post=6802"},{"taxonomy":"product_tag","embeddable":true,"href":"https:\/\/www.buramkitabevi.com\/en\/wp-json\/wp\/v2\/product_tag?post=6802"}],"curies":[{"name":"wp","href":"https:\/\/api.w.org\/{rel}","templated":true}]}}