{"id":6786,"date":"2025-10-16T12:05:03","date_gmt":"2025-10-16T09:05:03","guid":{"rendered":"http:\/\/www.buramkitabevi.com\/kitap\/oyun-is-istek-ve-etkilesim-uzerine-tugrul-celik"},"modified":"2025-10-16T12:05:48","modified_gmt":"2025-10-16T09:05:48","slug":"oyun-is-istek-ve-etkilesim-uzerine-tugrul-celik","status":"publish","type":"product","link":"https:\/\/www.buramkitabevi.com\/en\/kitap\/oyun-is-istek-ve-etkilesim-uzerine-tugrul-celik","title":{"rendered":"Oyun, \u0130\u015f, \u0130stek Ve Etkile\u015fim \u00dczerine &#8211; Tu\u011frul \u00c7elik"},"content":{"rendered":"<p>Yaz\u0131tta ki\u015finin meslek se\u00e7iminin \u00f6nemine de\u011finilmi\u015f, konuya \u00e7\u00f6z\u00fcm olmas\u0131 a\u00e7\u0131s\u0131ndan bir kurum tasar\u0131s\u0131 ortaya at\u0131lm\u0131\u015ft\u0131r. Bask\u0131 \u00e7e\u015fitleri tan\u0131t\u0131lm\u0131\u015f, bask\u0131 \u00e7e\u015fitlerinin e\u011fitimdeki yeri s\u0131n\u0131f i\u00e7erisindeki \u00f6\u011frenciler \u00f6rne\u011fi ile a\u00e7\u0131klanm\u0131\u015ft\u0131r. Bask\u0131 \u00e7e\u015fitlerinin yo\u011funlu\u011funa g\u00f6re ki\u015finin deneyimleyece\u011fi bilin\u00e7 d\u00fczeyleri \u00f6rnek ile tan\u0131t\u0131lm\u0131\u015ft\u0131r. \u0130steklerin bask\u0131 \u00e7e\u015fitleri ile ba\u011flant\u0131s\u0131 ile isteklerin ki\u015filer \u00fczerine, dolay\u0131s\u0131yla toplum \u00fczerine etkileri a\u00e7\u0131klanm\u0131\u015ft\u0131r. Bask\u0131 kuram\u0131ndan yola \u00e7\u0131k\u0131larak uzak gelecekte olu\u015fabilecek toplum ke\u015ffedilmeye \u00e7al\u0131\u015f\u0131lm\u0131\u015ft\u0131r.<\/p>","protected":false},"excerpt":{"rendered":"<p>Yaz\u0131tta ki\u015finin meslek se\u00e7iminin \u00f6nemine de\u011finilmi\u015f, konuya \u00e7\u00f6z\u00fcm olmas\u0131 a\u00e7\u0131s\u0131ndan bir kurum tasar\u0131s\u0131 ortaya at\u0131lm\u0131\u015ft\u0131r. Bask\u0131 \u00e7e\u015fitleri tan\u0131t\u0131lm\u0131\u015f, bask\u0131 \u00e7e\u015fitlerinin e\u011fitimdeki yeri s\u0131n\u0131f i\u00e7erisindeki \u00f6\u011frenciler \u00f6rne\u011fi ile a\u00e7\u0131klanm\u0131\u015ft\u0131r. Bask\u0131 \u00e7e\u015fitlerinin yo\u011funlu\u011funa g\u00f6re ki\u015finin deneyimleyece\u011fi bilin\u00e7 d\u00fczeyleri \u00f6rnek ile tan\u0131t\u0131lm\u0131\u015ft\u0131r. \u0130steklerin bask\u0131 \u00e7e\u015fitleri ile ba\u011flant\u0131s\u0131 ile isteklerin ki\u015filer \u00fczerine, dolay\u0131s\u0131yla toplum \u00fczerine etkileri a\u00e7\u0131klanm\u0131\u015ft\u0131r. Bask\u0131 kuram\u0131ndan [&hellip;]<\/p>\n","protected":false},"featured_media":6787,"comment_status":"closed","ping_status":"open","template":"","meta":{"inline_featured_image":false},"product_cat":[1024,1019],"product_tag":[],"class_list":{"0":"post-6786","1":"product","2":"type-product","3":"status-publish","4":"has-post-thumbnail","6":"product_cat-deneme","7":"product_cat-edebiyat","8":"pa_boyut-135-x-195-cm","9":"pa_dil-turkce","10":"pa_sayfa-sayisi-687","11":"pa_yayin-tarihi-6-13-2023","12":"pa_yazar-tugrul-celik","14":"first","15":"instock","16":"sale","17":"purchasable","18":"product-type-simple"},"_links":{"self":[{"href":"https:\/\/www.buramkitabevi.com\/en\/wp-json\/wp\/v2\/product\/6786","targetHints":{"allow":["GET"]}}],"collection":[{"href":"https:\/\/www.buramkitabevi.com\/en\/wp-json\/wp\/v2\/product"}],"about":[{"href":"https:\/\/www.buramkitabevi.com\/en\/wp-json\/wp\/v2\/types\/product"}],"replies":[{"embeddable":true,"href":"https:\/\/www.buramkitabevi.com\/en\/wp-json\/wp\/v2\/comments?post=6786"}],"wp:featuredmedia":[{"embeddable":true,"href":"https:\/\/www.buramkitabevi.com\/en\/wp-json\/wp\/v2\/media\/6787"}],"wp:attachment":[{"href":"https:\/\/www.buramkitabevi.com\/en\/wp-json\/wp\/v2\/media?parent=6786"}],"wp:term":[{"taxonomy":"product_cat","embeddable":true,"href":"https:\/\/www.buramkitabevi.com\/en\/wp-json\/wp\/v2\/product_cat?post=6786"},{"taxonomy":"product_tag","embeddable":true,"href":"https:\/\/www.buramkitabevi.com\/en\/wp-json\/wp\/v2\/product_tag?post=6786"}],"curies":[{"name":"wp","href":"https:\/\/api.w.org\/{rel}","templated":true}]}}