{"id":6774,"date":"2025-10-16T12:05:03","date_gmt":"2025-10-16T09:05:03","guid":{"rendered":"http:\/\/www.buramkitabevi.com\/kitap\/ben-de-isterim-destani-hasan-un"},"modified":"2025-10-16T12:05:34","modified_gmt":"2025-10-16T09:05:34","slug":"ben-de-isterim-destani-hasan-un","status":"publish","type":"product","link":"https:\/\/www.buramkitabevi.com\/en\/kitap\/ben-de-isterim-destani-hasan-un","title":{"rendered":"Ben de \u0130sterim Destan\u0131 &#8211; Hasan \u00dcn"},"content":{"rendered":"<p><span style=\"color: #172b4d; font-family: -apple-system, BlinkMacSystemFont, 'Segoe UI', Roboto, 'Noto Sans', Ubuntu, 'Droid Sans', 'Helvetica Neue', sans-serif; font-size: 14px;\">Ey adam gibi uyaran Mustafa Kemal Atat\u00fcrk\u2026<\/span><br style=\"color: #172b4d; font-family: -apple-system, BlinkMacSystemFont, 'Segoe UI', Roboto, 'Noto Sans', Ubuntu, 'Droid Sans', 'Helvetica Neue', sans-serif; font-size: 14px;\" \/><span style=\"color: #172b4d; font-family: -apple-system, BlinkMacSystemFont, 'Segoe UI', Roboto, 'Noto Sans', Ubuntu, 'Droid Sans', 'Helvetica Neue', sans-serif; font-size: 14px;\">Ey babam gibi buyuran Ka\u015fgarl\u0131 Mahmut.<\/span><br style=\"color: #172b4d; font-family: -apple-system, BlinkMacSystemFont, 'Segoe UI', Roboto, 'Noto Sans', Ubuntu, 'Droid Sans', 'Helvetica Neue', sans-serif; font-size: 14px;\" \/><span style=\"color: #172b4d; font-family: -apple-system, BlinkMacSystemFont, 'Segoe UI', Roboto, 'Noto Sans', Ubuntu, 'Droid Sans', 'Helvetica Neue', sans-serif; font-size: 14px;\">Ey da\u011flara-ta\u015flara duyuran Hoca Ahmet Yesevi.<\/span><br style=\"color: #172b4d; font-family: -apple-system, BlinkMacSystemFont, 'Segoe UI', Roboto, 'Noto Sans', Ubuntu, 'Droid Sans', 'Helvetica Neue', sans-serif; font-size: 14px;\" \/><span style=\"color: #172b4d; font-family: -apple-system, BlinkMacSystemFont, 'Segoe UI', Roboto, 'Noto Sans', Ubuntu, 'Droid Sans', 'Helvetica Neue', sans-serif; font-size: 14px;\">Beceremedim \u015fu \u00f6\u011fretmenli\u011fi.<\/span><\/p>","protected":false},"excerpt":{"rendered":"<p>Ey adam gibi uyaran Mustafa Kemal Atat\u00fcrk\u2026Ey babam gibi buyuran Ka\u015fgarl\u0131 Mahmut.Ey da\u011flara-ta\u015flara duyuran Hoca Ahmet Yesevi.Beceremedim \u015fu \u00f6\u011fretmenli\u011fi.<\/p>","protected":false},"featured_media":6775,"comment_status":"closed","ping_status":"open","template":"","meta":{"inline_featured_image":false},"product_cat":[1020,1019],"product_tag":[],"class_list":{"0":"post-6774","1":"product","2":"type-product","3":"status-publish","4":"has-post-thumbnail","6":"product_cat-siir","7":"product_cat-edebiyat","8":"pa_boyut-135-x-195-cm","9":"pa_dil-turkce","10":"pa_sayfa-sayisi-693","11":"pa_yayin-tarihi-6-7-2023","12":"pa_yazar-hasan-un","14":"first","15":"instock","16":"sale","17":"purchasable","18":"product-type-simple"},"_links":{"self":[{"href":"https:\/\/www.buramkitabevi.com\/en\/wp-json\/wp\/v2\/product\/6774","targetHints":{"allow":["GET"]}}],"collection":[{"href":"https:\/\/www.buramkitabevi.com\/en\/wp-json\/wp\/v2\/product"}],"about":[{"href":"https:\/\/www.buramkitabevi.com\/en\/wp-json\/wp\/v2\/types\/product"}],"replies":[{"embeddable":true,"href":"https:\/\/www.buramkitabevi.com\/en\/wp-json\/wp\/v2\/comments?post=6774"}],"wp:featuredmedia":[{"embeddable":true,"href":"https:\/\/www.buramkitabevi.com\/en\/wp-json\/wp\/v2\/media\/6775"}],"wp:attachment":[{"href":"https:\/\/www.buramkitabevi.com\/en\/wp-json\/wp\/v2\/media?parent=6774"}],"wp:term":[{"taxonomy":"product_cat","embeddable":true,"href":"https:\/\/www.buramkitabevi.com\/en\/wp-json\/wp\/v2\/product_cat?post=6774"},{"taxonomy":"product_tag","embeddable":true,"href":"https:\/\/www.buramkitabevi.com\/en\/wp-json\/wp\/v2\/product_tag?post=6774"}],"curies":[{"name":"wp","href":"https:\/\/api.w.org\/{rel}","templated":true}]}}