{"id":6770,"date":"2025-10-16T12:05:03","date_gmt":"2025-10-16T09:05:03","guid":{"rendered":"http:\/\/www.buramkitabevi.com\/kitap\/gokturkce-kucuk-prens-fatih-emiroglu"},"modified":"2025-10-16T12:05:29","modified_gmt":"2025-10-16T09:05:29","slug":"gokturkce-kucuk-prens-fatih-emiroglu","status":"publish","type":"product","link":"https:\/\/www.buramkitabevi.com\/en\/kitap\/gokturkce-kucuk-prens-fatih-emiroglu","title":{"rendered":"G\u00f6kt\u00fcrk\u00e7e K\u00fc\u00e7\u00fck Prens &#8211; Fatih Emiro\u011flu"},"content":{"rendered":"<p>Bakarken g\u00f6rebilmek i\u00e7in, bir ba\u015fkas\u0131n\u0131 d\u00e9\u011fil de kendini yarg\u0131layabilmek i\u00e7in, bencilli\u011fi ve kibri y\u00e9nebilmek i\u00e7in, s\u00e9vincin de h\u00fczn\u00fcn de insana ait oldu\u011funu kavrayabilmek i\u00e7in, s\u0131radan ve rutin bir hayat\u0131 kabul \u00e9tmemek i\u00e7in, ke\u015ffetmeni\u00f1 hazz\u0131na varabilmek i\u00e7in, s\u00e9vdiklerini\u00f1 y\u00e9rini kimseni\u00f1 dolduramayaca\u011f\u0131n\u0131 a\u00f1lamak i\u00e7in bu kitab\u0131 okumal\u0131 ve so\u00f1ras\u0131nda payla\u015fmal\u0131s\u0131n\u0131z; K\u00fc\u00e7\u00fck Prens&#8217;i a\u00f1lamak i\u00e7in.<\/p>\n<p>&#8220;Arkada\u015f\u0131m\u0131 unutursam kendimi o say\u0131lardan ba\u015fka bir \u015f\u00e9ye de\u011fer v\u00e9rmeyen b\u00fcy\u00fckler gibi hisss\u00e9derim sonra&#8230;&#8221;<\/p>\n<p>Antoine de Saint-Exup\u00e9ry<\/p>","protected":false},"excerpt":{"rendered":"<p>Bakarken g\u00f6rebilmek i\u00e7in, bir ba\u015fkas\u0131n\u0131 d\u00e9\u011fil de kendini yarg\u0131layabilmek i\u00e7in, bencilli\u011fi ve kibri y\u00e9nebilmek i\u00e7in, s\u00e9vincin de h\u00fczn\u00fcn de insana ait oldu\u011funu kavrayabilmek i\u00e7in, s\u0131radan ve rutin bir hayat\u0131 kabul \u00e9tmemek i\u00e7in, ke\u015ffetmeni\u00f1 hazz\u0131na varabilmek i\u00e7in, s\u00e9vdiklerini\u00f1 y\u00e9rini kimseni\u00f1 dolduramayaca\u011f\u0131n\u0131 a\u00f1lamak i\u00e7in bu kitab\u0131 okumal\u0131 ve so\u00f1ras\u0131nda payla\u015fmal\u0131s\u0131n\u0131z; K\u00fc\u00e7\u00fck Prens&#8217;i a\u00f1lamak i\u00e7in. &#8220;Arkada\u015f\u0131m\u0131 unutursam kendimi [&hellip;]<\/p>\n","protected":false},"featured_media":6771,"comment_status":"closed","ping_status":"open","template":"","meta":{"inline_featured_image":false},"product_cat":[1019,1033],"product_tag":[],"class_list":{"0":"post-6770","1":"product","2":"type-product","3":"status-publish","4":"has-post-thumbnail","6":"product_cat-edebiyat","7":"product_cat-roman","8":"pa_boyut-135-x-195-cm","9":"pa_dil-gokturkce","10":"pa_sayfa-sayisi-377","11":"pa_yayin-tarihi-9-12-2024","12":"pa_yazar-fatih-emiroglu","14":"first","15":"instock","16":"sale","17":"purchasable","18":"product-type-simple"},"_links":{"self":[{"href":"https:\/\/www.buramkitabevi.com\/en\/wp-json\/wp\/v2\/product\/6770","targetHints":{"allow":["GET"]}}],"collection":[{"href":"https:\/\/www.buramkitabevi.com\/en\/wp-json\/wp\/v2\/product"}],"about":[{"href":"https:\/\/www.buramkitabevi.com\/en\/wp-json\/wp\/v2\/types\/product"}],"replies":[{"embeddable":true,"href":"https:\/\/www.buramkitabevi.com\/en\/wp-json\/wp\/v2\/comments?post=6770"}],"wp:featuredmedia":[{"embeddable":true,"href":"https:\/\/www.buramkitabevi.com\/en\/wp-json\/wp\/v2\/media\/6771"}],"wp:attachment":[{"href":"https:\/\/www.buramkitabevi.com\/en\/wp-json\/wp\/v2\/media?parent=6770"}],"wp:term":[{"taxonomy":"product_cat","embeddable":true,"href":"https:\/\/www.buramkitabevi.com\/en\/wp-json\/wp\/v2\/product_cat?post=6770"},{"taxonomy":"product_tag","embeddable":true,"href":"https:\/\/www.buramkitabevi.com\/en\/wp-json\/wp\/v2\/product_tag?post=6770"}],"curies":[{"name":"wp","href":"https:\/\/api.w.org\/{rel}","templated":true}]}}