{"id":6760,"date":"2025-10-16T12:05:03","date_gmt":"2025-10-16T09:05:03","guid":{"rendered":"http:\/\/www.buramkitabevi.com\/kitap\/judasin-opucugu-cengiz-sagban"},"modified":"2025-10-16T12:05:17","modified_gmt":"2025-10-16T09:05:17","slug":"judasin-opucugu-cengiz-sagban","status":"publish","type":"product","link":"https:\/\/www.buramkitabevi.com\/en\/kitap\/judasin-opucugu-cengiz-sagban","title":{"rendered":"Judas&#8217;\u0131n \u00d6p\u00fcc\u00fc\u011f\u00fc &#8211; Cengiz \u015ea\u011fban"},"content":{"rendered":"<p>Hemen her \u015fiirde, okuru iyiden iyiye sar\u0131p sarmalayan ses potansiyeli \u00e7ok belirgin \u015fiirlerde. M\u00fczikalite o denli sa\u011flam ki, sanki yaln\u0131zca sesiyle bile var olabiliyor \u015fiir. Y\u00fczeyi boydan boya kaplayan ses, dipteki semantik yap\u0131y\u0131 ille de alg\u0131lamam\u0131z\u0131 gerektirmiyor. Abart\u0131 say\u0131lmas\u0131n: Ahmed Arif\u2019teki g\u00fcrlek ses, Cengiz \u015ea\u011fban \u015fiirinde de var. B\u00f6yle dedim diye, \u015fiirlerin bildirisini g\u00f6rmezden geldi\u011fim san\u0131lmas\u0131n. Bildiriler elbette var ama g\u00fcd\u00fcml\u00fc de\u011filler. \u015eiirlerin estetik iskeletini kanl\u0131-canl\u0131 k\u0131labilmeye yetecek \u00f6l\u00e7eklerde kotar\u0131lm\u0131\u015flar. A\u015f\u0131r\u0131la\u015fan, gide gide savs\u00f6zlere benzeyen ba\u011f\u0131rganl\u0131kta de\u011filler. Bil\u00e2kis, yemekteki orant\u0131l\u0131 tuz gibi birer i\u015flevleri var. Ne fazla, ne eksik. Toplumsalc\u0131 ve ger\u00e7ek\u00e7i diyebilece\u011fim bu \u015fiirler toplam\u0131, gene abart\u0131 say\u0131lmas\u0131n, 1940\u2019lar\u0131n, 1970\u2019lerin toplumcu ger\u00e7ek\u00e7i \u015fairlerinin \u00e7o\u011funun metinlerinden daha deneyimli ve daha donan\u0131ml\u0131.<\/p>\n<p>B\u00dcNYAM\u0130N DURAL\u0130<\/p>","protected":false},"excerpt":{"rendered":"<p>Hemen her \u015fiirde, okuru iyiden iyiye sar\u0131p sarmalayan ses potansiyeli \u00e7ok belirgin \u015fiirlerde. M\u00fczikalite o denli sa\u011flam ki, sanki yaln\u0131zca sesiyle bile var olabiliyor \u015fiir. Y\u00fczeyi boydan boya kaplayan ses, dipteki semantik yap\u0131y\u0131 ille de alg\u0131lamam\u0131z\u0131 gerektirmiyor. Abart\u0131 say\u0131lmas\u0131n: Ahmed Arif\u2019teki g\u00fcrlek ses, Cengiz \u015ea\u011fban \u015fiirinde de var. B\u00f6yle dedim diye, \u015fiirlerin bildirisini g\u00f6rmezden geldi\u011fim [&hellip;]<\/p>\n","protected":false},"featured_media":6761,"comment_status":"closed","ping_status":"open","template":"","meta":{"inline_featured_image":false},"product_cat":[1020,1019],"product_tag":[],"class_list":{"0":"post-6760","1":"product","2":"type-product","3":"status-publish","4":"has-post-thumbnail","6":"product_cat-siir","7":"product_cat-edebiyat","8":"pa_boyut-135-x-195-cm","9":"pa_dil-turkce","10":"pa_sayfa-sayisi-971","11":"pa_yayin-tarihi-5-17-2023","12":"pa_yazar-cengiz-sagban","14":"first","15":"instock","16":"sale","17":"purchasable","18":"product-type-simple"},"_links":{"self":[{"href":"https:\/\/www.buramkitabevi.com\/en\/wp-json\/wp\/v2\/product\/6760","targetHints":{"allow":["GET"]}}],"collection":[{"href":"https:\/\/www.buramkitabevi.com\/en\/wp-json\/wp\/v2\/product"}],"about":[{"href":"https:\/\/www.buramkitabevi.com\/en\/wp-json\/wp\/v2\/types\/product"}],"replies":[{"embeddable":true,"href":"https:\/\/www.buramkitabevi.com\/en\/wp-json\/wp\/v2\/comments?post=6760"}],"wp:featuredmedia":[{"embeddable":true,"href":"https:\/\/www.buramkitabevi.com\/en\/wp-json\/wp\/v2\/media\/6761"}],"wp:attachment":[{"href":"https:\/\/www.buramkitabevi.com\/en\/wp-json\/wp\/v2\/media?parent=6760"}],"wp:term":[{"taxonomy":"product_cat","embeddable":true,"href":"https:\/\/www.buramkitabevi.com\/en\/wp-json\/wp\/v2\/product_cat?post=6760"},{"taxonomy":"product_tag","embeddable":true,"href":"https:\/\/www.buramkitabevi.com\/en\/wp-json\/wp\/v2\/product_tag?post=6760"}],"curies":[{"name":"wp","href":"https:\/\/api.w.org\/{rel}","templated":true}]}}