{"id":6748,"date":"2025-10-16T12:05:03","date_gmt":"2025-10-16T09:05:03","guid":{"rendered":"http:\/\/www.buramkitabevi.com\/kitap\/umutlar-kar-altindadir-omer-f-ozen"},"modified":"2025-10-16T12:05:03","modified_gmt":"2025-10-16T09:05:03","slug":"umutlar-kar-altindadir-omer-f-ozen","status":"publish","type":"product","link":"https:\/\/www.buramkitabevi.com\/en\/kitap\/umutlar-kar-altindadir-omer-f-ozen","title":{"rendered":"Umutlar Kar Alt\u0131ndad\u0131r &#8211; \u00d6mer F. \u00d6zen"},"content":{"rendered":"<p>\u2018T\u00fcrk\u00e7esi varken\u2019 g\u00f6r\u00fc\u015f\u00fcn\u00fcn y\u0131lmaz savunucusu olarak yaz\u0131 ve dizelerinde bu dil duyarl\u0131l\u0131\u011f\u0131n\u0131n yo\u011fun izlerini g\u00f6rm\u00fc\u015f oldu\u011fumuz \u00d6mer F. \u00d6zen\u2019in ilk dizeleri ve \u00f6yk\u00fcleri Anadolu bas\u0131n\u0131nda, Osmaniye \/ Hakikat, E\u011fridir G\u00f6l Sesi, Urfa\/Me\u015fale, G\u00fcne\u015f, Bart\u0131n, \u00c7a\u011fda\u015f T\u00fcrk Dili vb gazete ve dergilerinde yay\u0131nland\u0131. Yine Anadolu bas\u0131n\u0131nda ba\u015flayan bas\u0131n meslek ya\u015fam\u0131 Cumhuriyet Gazetesinde s\u00fcrd\u00fc. Kanada\u2019n\u0131n Montreal kentinde 1994 y\u0131l\u0131nda \u00fc\u00e7 dilde yay\u0131nlanan Bizim Anadolu Gazetesini kuran \u00d6mer F. \u00d6zen, siyasal, toplumsal ve sanatsal yaz\u0131lar\u0131yla s\u00fcrd\u00fcrd\u00fc\u011f\u00fc bas\u0131n-yay\u0131n ya\u015fam\u0131na ko\u015fut olarak, 2009 &#8211; 2018 y\u0131llar\u0131 aras\u0131nda yine kendisinin kurmu\u015f oldu\u011fu Montreal T\u00fcrk Filmleri \u015eenli\u011fi\u2019nin ba\u015fkanl\u0131\u011f\u0131n\u0131 y\u00fcr\u00fctt\u00fc.<\/p>\n<p>Bas\u0131n ve ekinsel etkinliklerinin yan\u0131nda Kanada\u2019da de\u011fi\u015fik ortamlarda T\u00fcrk toplumunun \u00e7\u0131karlar\u0131n\u0131 savunmak i\u00e7in eylemlerde bulunan \u00d6mer F. \u00d6zen, bu etkinlik ve eylemleri dolay\u0131s\u0131yla \u00e7e\u015fitli bas\u0131n, sanatsal ve toplumsal \u00f6d\u00fcllere de lay\u0131k g\u00f6r\u00fcld\u00fc.<\/p>\n<p style=\"text-align: center;\">***<\/p>\n<p>\u00d6mer F. \u00d6zen\u2019in Bizim Anadolu Gazetesinde yay\u0131nlanm\u0131\u015f her biri birer ba\u015fyaz\u0131 niteli\u011findeki <em>\u2018G\u00f6zleyi, g\u00f6zleyi&#8230;\u2019 <\/em>adl\u0131 k\u00f6\u015fe yaz\u0131lar\u0131ndan se\u00e7melerin yer ald\u0131\u011f\u0131 <em>\u2018Umutlar Kar Alt\u0131ndad\u0131r\u2019<\/em>, yurttan uzakta yurdun sorunlar\u0131n\u0131 i\u00e7inde duyan ve Kanada\u2019daki T\u00fcrk toplum ya\u015fam\u0131yla harmanla\u015ft\u0131r\u0131p gelecek ku\u015faklara nerede olurlarsa olsunlar, ki\u015fio\u011flu ve k\u0131z\u0131 duyarl\u0131l\u0131\u011f\u0131yla d\u00fc\u015f\u00fcnsel ve eylemsel olarak devinim i\u00e7inde olmalar\u0131 ve \u00e7a\u011flar\u0131ndan sorumlu olmalar\u0131 konusunda bir yol g\u00f6sterici g\u00f6revini yerine getirmektedir. \u0130yi okumalar!<\/p>\n<p>&nbsp;<\/p>","protected":false},"excerpt":{"rendered":"<p>\u2018T\u00fcrk\u00e7esi varken\u2019 g\u00f6r\u00fc\u015f\u00fcn\u00fcn y\u0131lmaz savunucusu olarak yaz\u0131 ve dizelerinde bu dil duyarl\u0131l\u0131\u011f\u0131n\u0131n yo\u011fun izlerini g\u00f6rm\u00fc\u015f oldu\u011fumuz \u00d6mer F. \u00d6zen\u2019in ilk dizeleri ve \u00f6yk\u00fcleri Anadolu bas\u0131n\u0131nda, Osmaniye \/ Hakikat, E\u011fridir G\u00f6l Sesi, Urfa\/Me\u015fale, G\u00fcne\u015f, Bart\u0131n, \u00c7a\u011fda\u015f T\u00fcrk Dili vb gazete ve dergilerinde yay\u0131nland\u0131. Yine Anadolu bas\u0131n\u0131nda ba\u015flayan bas\u0131n meslek ya\u015fam\u0131 Cumhuriyet Gazetesinde s\u00fcrd\u00fc. Kanada\u2019n\u0131n Montreal kentinde [&hellip;]<\/p>\n","protected":false},"featured_media":6749,"comment_status":"closed","ping_status":"open","template":"","meta":{"inline_featured_image":false},"product_cat":[1627,1019,1033],"product_tag":[],"class_list":{"0":"post-6748","1":"product","2":"type-product","3":"status-publish","4":"has-post-thumbnail","6":"product_cat-denemeedebiyat","7":"product_cat-edebiyat","8":"product_cat-roman","9":"pa_boyut-135-x-195-cm","10":"pa_dil-turkce","11":"pa_sayfa-sayisi-430","12":"pa_yayin-tarihi-4-13-2023","13":"pa_yazar-omer-f-ozen","15":"first","16":"instock","17":"sale","18":"purchasable","19":"product-type-simple"},"_links":{"self":[{"href":"https:\/\/www.buramkitabevi.com\/en\/wp-json\/wp\/v2\/product\/6748","targetHints":{"allow":["GET"]}}],"collection":[{"href":"https:\/\/www.buramkitabevi.com\/en\/wp-json\/wp\/v2\/product"}],"about":[{"href":"https:\/\/www.buramkitabevi.com\/en\/wp-json\/wp\/v2\/types\/product"}],"replies":[{"embeddable":true,"href":"https:\/\/www.buramkitabevi.com\/en\/wp-json\/wp\/v2\/comments?post=6748"}],"wp:featuredmedia":[{"embeddable":true,"href":"https:\/\/www.buramkitabevi.com\/en\/wp-json\/wp\/v2\/media\/6749"}],"wp:attachment":[{"href":"https:\/\/www.buramkitabevi.com\/en\/wp-json\/wp\/v2\/media?parent=6748"}],"wp:term":[{"taxonomy":"product_cat","embeddable":true,"href":"https:\/\/www.buramkitabevi.com\/en\/wp-json\/wp\/v2\/product_cat?post=6748"},{"taxonomy":"product_tag","embeddable":true,"href":"https:\/\/www.buramkitabevi.com\/en\/wp-json\/wp\/v2\/product_tag?post=6748"}],"curies":[{"name":"wp","href":"https:\/\/api.w.org\/{rel}","templated":true}]}}