{"id":6724,"date":"2025-10-16T12:03:56","date_gmt":"2025-10-16T09:03:56","guid":{"rendered":"http:\/\/www.buramkitabevi.com\/kitap\/sureyya-yuzlu-kadin-fatih-abbasoglu"},"modified":"2025-10-16T12:04:17","modified_gmt":"2025-10-16T09:04:17","slug":"sureyya-yuzlu-kadin-fatih-abbasoglu","status":"publish","type":"product","link":"https:\/\/www.buramkitabevi.com\/en\/kitap\/sureyya-yuzlu-kadin-fatih-abbasoglu","title":{"rendered":"S\u00fcreyya Y\u00fczl\u00fc Kad\u0131n &#8211; Fatih Abbaso\u011flu"},"content":{"rendered":"<p>&#8220;Pi\u015fman olup geri d\u00f6nersen e\u011fer, ben burada olaca\u011f\u0131m.<br \/>\nSeni yapt\u0131klar\u0131na ra\u011fmen kabul edip tekrar ba\u011fr\u0131ma basaca\u011f\u0131m.<br \/>\n\u00c7\u00fcnk\u00fc sen ailemden sonra, en derin sevgim, en k\u0131ymetli servetim oldun.<br \/>\nY\u0131llarca a\u00e7 b\u0131rakt\u0131\u011f\u0131m kalbimi, huzurunla, g\u00fcl\u00fc\u015f\u00fcnle doldurdum.<br \/>\nSana k\u0131zm\u0131yorum inan. \u00d6fkem yaln\u0131z kendime. Ayn\u0131 hatay\u0131 neden tekrar yapt\u0131m diye kendi kendime hay\u0131flan\u0131yorum.<br \/>\nAma \u015funa da inan\u0131yorum ki yapt\u0131\u011f\u0131m en iyi hata sendin\u2026&#8221;<\/p>\n<p>B\u00f6yle bir sevdi\u011fi olmal\u0131 insan\u0131n. Pi\u015fmanl\u0131k duyacak ve ayn\u0131 hatay\u0131 yapmamaya s\u00f6z verecek birinin, yapt\u0131klar\u0131n\u0131 unutacak kadar engin merhamet sahibi bir sevdi\u011fi.<br \/>\nEski a\u015fka d\u00f6n\u00fc\u015f\u00fc m\u00fcmk\u00fcn olmasa da ayr\u0131l\u0131rken bile hay\u0131rla y\u00e2d edece\u011fi &#8220;adam\u201d gibi bir sevdi\u011fi.<br \/>\nAdaml\u0131\u011f\u0131n cinsiyet meselesi de\u011fil, karakter meselesi oldu\u011funu hat\u0131rlatacak bir sevdi\u011fi\u2026<\/p>","protected":false},"excerpt":{"rendered":"<p>&#8220;Pi\u015fman olup geri d\u00f6nersen e\u011fer, ben burada olaca\u011f\u0131m. Seni yapt\u0131klar\u0131na ra\u011fmen kabul edip tekrar ba\u011fr\u0131ma basaca\u011f\u0131m. \u00c7\u00fcnk\u00fc sen ailemden sonra, en derin sevgim, en k\u0131ymetli servetim oldun. Y\u0131llarca a\u00e7 b\u0131rakt\u0131\u011f\u0131m kalbimi, huzurunla, g\u00fcl\u00fc\u015f\u00fcnle doldurdum. Sana k\u0131zm\u0131yorum inan. \u00d6fkem yaln\u0131z kendime. Ayn\u0131 hatay\u0131 neden tekrar yapt\u0131m diye kendi kendime hay\u0131flan\u0131yorum. Ama \u015funa da inan\u0131yorum ki yapt\u0131\u011f\u0131m [&hellip;]<\/p>\n","protected":false},"featured_media":6725,"comment_status":"closed","ping_status":"open","template":"","meta":{"inline_featured_image":false},"product_cat":[1019,1033],"product_tag":[],"class_list":{"0":"post-6724","1":"product","2":"type-product","3":"status-publish","4":"has-post-thumbnail","6":"product_cat-edebiyat","7":"product_cat-roman","8":"pa_boyut-135-x-195-cm","9":"pa_dil-turkce","10":"pa_sayfa-sayisi-1410","11":"pa_yayin-tarihi-2-7-2023","12":"pa_yazar-fatih-abbasoglu","14":"first","15":"instock","16":"sale","17":"purchasable","18":"product-type-simple"},"_links":{"self":[{"href":"https:\/\/www.buramkitabevi.com\/en\/wp-json\/wp\/v2\/product\/6724","targetHints":{"allow":["GET"]}}],"collection":[{"href":"https:\/\/www.buramkitabevi.com\/en\/wp-json\/wp\/v2\/product"}],"about":[{"href":"https:\/\/www.buramkitabevi.com\/en\/wp-json\/wp\/v2\/types\/product"}],"replies":[{"embeddable":true,"href":"https:\/\/www.buramkitabevi.com\/en\/wp-json\/wp\/v2\/comments?post=6724"}],"wp:featuredmedia":[{"embeddable":true,"href":"https:\/\/www.buramkitabevi.com\/en\/wp-json\/wp\/v2\/media\/6725"}],"wp:attachment":[{"href":"https:\/\/www.buramkitabevi.com\/en\/wp-json\/wp\/v2\/media?parent=6724"}],"wp:term":[{"taxonomy":"product_cat","embeddable":true,"href":"https:\/\/www.buramkitabevi.com\/en\/wp-json\/wp\/v2\/product_cat?post=6724"},{"taxonomy":"product_tag","embeddable":true,"href":"https:\/\/www.buramkitabevi.com\/en\/wp-json\/wp\/v2\/product_tag?post=6724"}],"curies":[{"name":"wp","href":"https:\/\/api.w.org\/{rel}","templated":true}]}}