{"id":6708,"date":"2025-10-16T12:03:56","date_gmt":"2025-10-16T09:03:56","guid":{"rendered":"http:\/\/www.buramkitabevi.com\/kitap\/sol-yanim-rahman-kamsiz"},"modified":"2025-10-16T12:03:56","modified_gmt":"2025-10-16T09:03:56","slug":"sol-yanim-rahman-kamsiz","status":"publish","type":"product","link":"https:\/\/www.buramkitabevi.com\/en\/kitap\/sol-yanim-rahman-kamsiz","title":{"rendered":"Sol Yan\u0131m &#8211; Rahman Kams\u0131z"},"content":{"rendered":"<p>A\u015fk, d\u00fcnyada kavu\u015famay\u0131p mezar\u0131na sar\u0131lmak m\u0131d\u0131r?<br \/>\nA\u015fk, tenhalarda bekleyip gizli gizli a\u011flamak m\u0131d\u0131r?<br \/>\nVe a\u015fk,<br \/>\nG\u00f6zler g\u00f6rmezken dilin suskunlu\u011fu mu,<br \/>\nDilin suskunlu\u011fu iken bedenin yok olmas\u0131 m\u0131d\u0131r?<\/p>","protected":false},"excerpt":{"rendered":"<p>A\u015fk, d\u00fcnyada kavu\u015famay\u0131p mezar\u0131na sar\u0131lmak m\u0131d\u0131r? A\u015fk, tenhalarda bekleyip gizli gizli a\u011flamak m\u0131d\u0131r? Ve a\u015fk, G\u00f6zler g\u00f6rmezken dilin suskunlu\u011fu mu, Dilin suskunlu\u011fu iken bedenin yok olmas\u0131 m\u0131d\u0131r?<\/p>","protected":false},"featured_media":6709,"comment_status":"closed","ping_status":"open","template":"","meta":{"inline_featured_image":false},"product_cat":[1020,1019],"product_tag":[],"class_list":{"0":"post-6708","1":"product","2":"type-product","3":"status-publish","4":"has-post-thumbnail","6":"product_cat-siir","7":"product_cat-edebiyat","8":"pa_boyut-135-x-195-cm","9":"pa_dil-turkce","10":"pa_sayfa-sayisi-1067","11":"pa_yayin-tarihi-2-7-2023","12":"pa_yazar-rahman-kamsiz","14":"first","15":"instock","16":"sale","17":"purchasable","18":"product-type-simple"},"_links":{"self":[{"href":"https:\/\/www.buramkitabevi.com\/en\/wp-json\/wp\/v2\/product\/6708","targetHints":{"allow":["GET"]}}],"collection":[{"href":"https:\/\/www.buramkitabevi.com\/en\/wp-json\/wp\/v2\/product"}],"about":[{"href":"https:\/\/www.buramkitabevi.com\/en\/wp-json\/wp\/v2\/types\/product"}],"replies":[{"embeddable":true,"href":"https:\/\/www.buramkitabevi.com\/en\/wp-json\/wp\/v2\/comments?post=6708"}],"wp:featuredmedia":[{"embeddable":true,"href":"https:\/\/www.buramkitabevi.com\/en\/wp-json\/wp\/v2\/media\/6709"}],"wp:attachment":[{"href":"https:\/\/www.buramkitabevi.com\/en\/wp-json\/wp\/v2\/media?parent=6708"}],"wp:term":[{"taxonomy":"product_cat","embeddable":true,"href":"https:\/\/www.buramkitabevi.com\/en\/wp-json\/wp\/v2\/product_cat?post=6708"},{"taxonomy":"product_tag","embeddable":true,"href":"https:\/\/www.buramkitabevi.com\/en\/wp-json\/wp\/v2\/product_tag?post=6708"}],"curies":[{"name":"wp","href":"https:\/\/api.w.org\/{rel}","templated":true}]}}