{"id":6696,"date":"2025-10-16T12:02:56","date_gmt":"2025-10-16T09:02:56","guid":{"rendered":"http:\/\/www.buramkitabevi.com\/kitap\/basladigim-yerdeyim-yetgin-karagol-kaya"},"modified":"2025-10-16T12:03:40","modified_gmt":"2025-10-16T09:03:40","slug":"basladigim-yerdeyim-yetgin-karagol-kaya","status":"publish","type":"product","link":"https:\/\/www.buramkitabevi.com\/en\/kitap\/basladigim-yerdeyim-yetgin-karagol-kaya","title":{"rendered":"Ba\u015flad\u0131\u011f\u0131m Yerdeyim &#8211; Yetgin Karag\u00f6l Kaya"},"content":{"rendered":"<p>\u00dcniversiteye kay\u0131tlar ba\u015flam\u0131\u015f, Nesrin\u2019in gitme zaman\u0131 gelmi\u015fti. Bu ailesiyle ge\u00e7irece\u011fi son ak\u015fam ve gece olacakt\u0131. Hayat\u0131n, kendisine neler ya\u015fataca\u011f\u0131ndan habersiz valizini haz\u0131rlad\u0131. Asl\u0131nda, her \u015feyin gitmekle ba\u015flayaca\u011f\u0131n\u0131 bilmiyordu.<\/p>\n<p>Her \u015feye ra\u011fmen ayr\u0131l\u0131\u011f\u0131n verdi\u011fi ac\u0131y\u0131, y\u00fcre\u011finde ta\u015f\u0131yarak ba\u015flad\u0131\u011f\u0131 yere geri d\u00f6nd\u00fc.<\/p>","protected":false},"excerpt":{"rendered":"<p>\u00dcniversiteye kay\u0131tlar ba\u015flam\u0131\u015f, Nesrin\u2019in gitme zaman\u0131 gelmi\u015fti. Bu ailesiyle ge\u00e7irece\u011fi son ak\u015fam ve gece olacakt\u0131. Hayat\u0131n, kendisine neler ya\u015fataca\u011f\u0131ndan habersiz valizini haz\u0131rlad\u0131. Asl\u0131nda, her \u015feyin gitmekle ba\u015flayaca\u011f\u0131n\u0131 bilmiyordu. Her \u015feye ra\u011fmen ayr\u0131l\u0131\u011f\u0131n verdi\u011fi ac\u0131y\u0131, y\u00fcre\u011finde ta\u015f\u0131yarak ba\u015flad\u0131\u011f\u0131 yere geri d\u00f6nd\u00fc.<\/p>","protected":false},"featured_media":6697,"comment_status":"closed","ping_status":"open","template":"","meta":{"inline_featured_image":false},"product_cat":[1024,1019],"product_tag":[],"class_list":{"0":"post-6696","1":"product","2":"type-product","3":"status-publish","4":"has-post-thumbnail","6":"product_cat-deneme","7":"product_cat-edebiyat","8":"pa_boyut-135-x-195-cm","9":"pa_dil-turkce","10":"pa_sayfa-sayisi-438","11":"pa_yayin-tarihi-1-13-2023","12":"pa_yazar-yetgin-karagol-kaya","14":"first","15":"instock","16":"sale","17":"purchasable","18":"product-type-simple"},"_links":{"self":[{"href":"https:\/\/www.buramkitabevi.com\/en\/wp-json\/wp\/v2\/product\/6696","targetHints":{"allow":["GET"]}}],"collection":[{"href":"https:\/\/www.buramkitabevi.com\/en\/wp-json\/wp\/v2\/product"}],"about":[{"href":"https:\/\/www.buramkitabevi.com\/en\/wp-json\/wp\/v2\/types\/product"}],"replies":[{"embeddable":true,"href":"https:\/\/www.buramkitabevi.com\/en\/wp-json\/wp\/v2\/comments?post=6696"}],"wp:featuredmedia":[{"embeddable":true,"href":"https:\/\/www.buramkitabevi.com\/en\/wp-json\/wp\/v2\/media\/6697"}],"wp:attachment":[{"href":"https:\/\/www.buramkitabevi.com\/en\/wp-json\/wp\/v2\/media?parent=6696"}],"wp:term":[{"taxonomy":"product_cat","embeddable":true,"href":"https:\/\/www.buramkitabevi.com\/en\/wp-json\/wp\/v2\/product_cat?post=6696"},{"taxonomy":"product_tag","embeddable":true,"href":"https:\/\/www.buramkitabevi.com\/en\/wp-json\/wp\/v2\/product_tag?post=6696"}],"curies":[{"name":"wp","href":"https:\/\/api.w.org\/{rel}","templated":true}]}}