{"id":6676,"date":"2025-10-16T12:02:56","date_gmt":"2025-10-16T09:02:56","guid":{"rendered":"http:\/\/www.buramkitabevi.com\/kitap\/daraf-olusu-khwaja-walid-shirpor"},"modified":"2025-10-16T12:03:08","modified_gmt":"2025-10-16T09:03:08","slug":"daraf-olusu-khwaja-walid-shirpor","status":"publish","type":"product","link":"https:\/\/www.buramkitabevi.com\/en\/kitap\/daraf-olusu-khwaja-walid-shirpor","title":{"rendered":"Daraf \u00d6l\u00fcs\u00fc &#8211; Khwaja Walid Shirpor"},"content":{"rendered":"<p>Toprak<br \/>\nAte\u015f<br \/>\nSu<br \/>\nHavadan<br \/>\n\u00d6nce biz vard\u0131k<br \/>\nA\u015fktan \u00f6nce<br \/>\nMecnun olmu\u015fuz<br \/>\n\u00d6l\u00fcm<br \/>\nFena<br \/>\nAyr\u0131lmak<br \/>\nA\u011flamaktan \u00f6nce<br \/>\nBiz \u00f6lm\u00fc\u015f\u00fcz.<\/p>\n<p>\u00c7ocuklar\u0131n dudaklar\u0131na<br \/>\nAk\u0131llara<br \/>\nKad\u0131nlara<br \/>\nYa\u015fl\u0131 kad\u0131nlara<br \/>\nErkeklere<br \/>\n\u00d6vm\u00fc\u015flere<br \/>\nS\u00f6vmelere<br \/>\nTesbihlere<br \/>\nHala biz var\u0131z&#8230;<\/p>","protected":false},"excerpt":{"rendered":"<p>Toprak Ate\u015f Su Havadan \u00d6nce biz vard\u0131k A\u015fktan \u00f6nce Mecnun olmu\u015fuz \u00d6l\u00fcm Fena Ayr\u0131lmak A\u011flamaktan \u00f6nce Biz \u00f6lm\u00fc\u015f\u00fcz. \u00c7ocuklar\u0131n dudaklar\u0131na Ak\u0131llara Kad\u0131nlara Ya\u015fl\u0131 kad\u0131nlara Erkeklere \u00d6vm\u00fc\u015flere S\u00f6vmelere Tesbihlere Hala biz var\u0131z&#8230;<\/p>","protected":false},"featured_media":6677,"comment_status":"closed","ping_status":"open","template":"","meta":{"inline_featured_image":false},"product_cat":[1020,1019],"product_tag":[],"class_list":{"0":"post-6676","1":"product","2":"type-product","3":"status-publish","4":"has-post-thumbnail","6":"product_cat-siir","7":"product_cat-edebiyat","8":"pa_boyut-135-x-195-cm","9":"pa_dil-turkce","10":"pa_sayfa-sayisi-1174","11":"pa_yayin-tarihi-10-17-2022","12":"pa_yazar-khwaja-walid-shirpor","14":"first","15":"instock","16":"sale","17":"purchasable","18":"product-type-simple"},"_links":{"self":[{"href":"https:\/\/www.buramkitabevi.com\/en\/wp-json\/wp\/v2\/product\/6676","targetHints":{"allow":["GET"]}}],"collection":[{"href":"https:\/\/www.buramkitabevi.com\/en\/wp-json\/wp\/v2\/product"}],"about":[{"href":"https:\/\/www.buramkitabevi.com\/en\/wp-json\/wp\/v2\/types\/product"}],"replies":[{"embeddable":true,"href":"https:\/\/www.buramkitabevi.com\/en\/wp-json\/wp\/v2\/comments?post=6676"}],"wp:featuredmedia":[{"embeddable":true,"href":"https:\/\/www.buramkitabevi.com\/en\/wp-json\/wp\/v2\/media\/6677"}],"wp:attachment":[{"href":"https:\/\/www.buramkitabevi.com\/en\/wp-json\/wp\/v2\/media?parent=6676"}],"wp:term":[{"taxonomy":"product_cat","embeddable":true,"href":"https:\/\/www.buramkitabevi.com\/en\/wp-json\/wp\/v2\/product_cat?post=6676"},{"taxonomy":"product_tag","embeddable":true,"href":"https:\/\/www.buramkitabevi.com\/en\/wp-json\/wp\/v2\/product_tag?post=6676"}],"curies":[{"name":"wp","href":"https:\/\/api.w.org\/{rel}","templated":true}]}}