{"id":6658,"date":"2025-10-16T12:02:01","date_gmt":"2025-10-16T09:02:01","guid":{"rendered":"http:\/\/www.buramkitabevi.com\/kitap\/fatmanin-sen-sesi-cansu-karavus"},"modified":"2025-10-16T12:02:41","modified_gmt":"2025-10-16T09:02:41","slug":"fatmanin-sen-sesi-cansu-karavus","status":"publish","type":"product","link":"https:\/\/www.buramkitabevi.com\/en\/kitap\/fatmanin-sen-sesi-cansu-karavus","title":{"rendered":"Fatma&#8217;n\u0131n \u015een Sesi &#8211; Cansu Karavu\u015f"},"content":{"rendered":"<p>\u201cSevgiyle bakmay\u0131 kaybetmedi\u011finiz s\u00fcrece, hep mutlu olacaks\u0131n\u0131z.\u201d derdi Fatma&#8217;m ve sonra eklerdi: \u201cBen size ko\u015fulsuz sevgiyi \u00f6\u011frettim, sizden de bekledi\u011fim budur. Her sevgiyle bakt\u0131\u011f\u0131n\u0131z \u015fey de sevgiyle gelmeyecek size ama sonunda kalbiniz hep mutlu hissedecek. Hem mutluluk dedi\u011fin, yemye\u015fil bir k\u00f6y, masmavi g\u00f6ky\u00fcz\u00fc varsa yan\u0131nda pamuktan bulutlar\u0131.. Kahkaha ataca\u011f\u0131n yolda\u015flar\u0131n yan\u0131ndaysa de\u011fme keyfine.\u201d<\/p>\n<p>Yaln\u0131zca sevgi hissini de\u011fil daha pek \u00e7ok hissel temelimiz onun \u015fen sesinde at\u0131ld\u0131. Mesela, yaz biter mevsim d\u00f6nerdi k\u0131\u015fa.. Mevsimlerden bile \u00f6\u011frendi\u011fim hisler oldu sayesinde, k\u0131\u015f\u0131n kar ya\u011fard\u0131 ve ba\u015flard\u0131 Fatma&#8217;m: \u201cNe g\u00fczel ya\u011f\u0131yor diyorsunuz da k\u0131z\u0131m, onca hayvan var sokakta, bir s\u00fcr\u00fc de evsiz insan. Ne bileyim ya\u011fs\u0131n, su olsun, toprak olsun, can olsun tabi, ekinlerimize kaynak olsun da kimse de \u00fc\u015f\u00fcmesin be yavrum.\u201d diye titretiverirdi kadife sesini. G\u00f6zleri dolar ve \u201cBen \u00e7ocukken\u201d diye ba\u015flard\u0131 o kalbimi s\u0131zlatan an\u0131lar\u0131na.<\/p>","protected":false},"excerpt":{"rendered":"<p>\u201cSevgiyle bakmay\u0131 kaybetmedi\u011finiz s\u00fcrece, hep mutlu olacaks\u0131n\u0131z.\u201d derdi Fatma&#8217;m ve sonra eklerdi: \u201cBen size ko\u015fulsuz sevgiyi \u00f6\u011frettim, sizden de bekledi\u011fim budur. Her sevgiyle bakt\u0131\u011f\u0131n\u0131z \u015fey de sevgiyle gelmeyecek size ama sonunda kalbiniz hep mutlu hissedecek. Hem mutluluk dedi\u011fin, yemye\u015fil bir k\u00f6y, masmavi g\u00f6ky\u00fcz\u00fc varsa yan\u0131nda pamuktan bulutlar\u0131.. Kahkaha ataca\u011f\u0131n yolda\u015flar\u0131n yan\u0131ndaysa de\u011fme keyfine.\u201d Yaln\u0131zca sevgi [&hellip;]<\/p>\n","protected":false},"featured_media":6659,"comment_status":"closed","ping_status":"open","template":"","meta":{"inline_featured_image":false},"product_cat":[1019,1033],"product_tag":[],"class_list":{"0":"post-6658","1":"product","2":"type-product","3":"status-publish","4":"has-post-thumbnail","6":"product_cat-edebiyat","7":"product_cat-roman","8":"pa_boyut-135-x-195-cm","9":"pa_dil-turkce","10":"pa_sayfa-sayisi-461","11":"pa_yayin-tarihi-8-4-2022","12":"pa_yazar-cansu-karavus","14":"first","15":"instock","16":"sale","17":"purchasable","18":"product-type-simple"},"_links":{"self":[{"href":"https:\/\/www.buramkitabevi.com\/en\/wp-json\/wp\/v2\/product\/6658","targetHints":{"allow":["GET"]}}],"collection":[{"href":"https:\/\/www.buramkitabevi.com\/en\/wp-json\/wp\/v2\/product"}],"about":[{"href":"https:\/\/www.buramkitabevi.com\/en\/wp-json\/wp\/v2\/types\/product"}],"replies":[{"embeddable":true,"href":"https:\/\/www.buramkitabevi.com\/en\/wp-json\/wp\/v2\/comments?post=6658"}],"wp:featuredmedia":[{"embeddable":true,"href":"https:\/\/www.buramkitabevi.com\/en\/wp-json\/wp\/v2\/media\/6659"}],"wp:attachment":[{"href":"https:\/\/www.buramkitabevi.com\/en\/wp-json\/wp\/v2\/media?parent=6658"}],"wp:term":[{"taxonomy":"product_cat","embeddable":true,"href":"https:\/\/www.buramkitabevi.com\/en\/wp-json\/wp\/v2\/product_cat?post=6658"},{"taxonomy":"product_tag","embeddable":true,"href":"https:\/\/www.buramkitabevi.com\/en\/wp-json\/wp\/v2\/product_tag?post=6658"}],"curies":[{"name":"wp","href":"https:\/\/api.w.org\/{rel}","templated":true}]}}