{"id":6622,"date":"2025-10-16T12:01:08","date_gmt":"2025-10-16T09:01:08","guid":{"rendered":"http:\/\/www.buramkitabevi.com\/kitap\/togarmanin-cocuklari-nadir-dogan"},"modified":"2025-10-16T12:01:51","modified_gmt":"2025-10-16T09:01:51","slug":"togarmanin-cocuklari-nadir-dogan","status":"publish","type":"product","link":"https:\/\/www.buramkitabevi.com\/en\/kitap\/togarmanin-cocuklari-nadir-dogan","title":{"rendered":"Togarma&#8217;n\u0131n \u00c7ocuklar\u0131 &#8211; Nadir Do\u011fan"},"content":{"rendered":"<p>&#8220;G\u00f6nderdi\u011finiz n\u00e2mede, \u2018Hangi halktan, aileden ve boydans\u0131n\u0131z?\u2019 diye de sormu\u015fsunuz. \u015eunu bilin ki biz, Yafes o\u011flu Togarma\u2019n\u0131n soyundan geliyoruz. Atalar\u0131m\u0131n \u015fecerelerinden bulduklar\u0131ma g\u00f6re, Togarma\u2019n\u0131n on o\u011flu vard\u0131. Adlar\u0131 \u015f\u00f6yledir: En b\u00fcy\u00fc\u011f\u00fcn\u00fcn ad\u0131 Uygur, ikincinin Tauris, \u00fc\u00e7\u00fcnc\u00fcn\u00fcn Avar, d\u00f6rd\u00fcnc\u00fcn\u00fcn O\u011fuz, be\u015fincinin Barsil, alt\u0131nc\u0131n\u0131n Tarna, yedincinin Khazar, sekizincinin Yanur, dokuzuncunun Bulgar ve onuncunun ad\u0131 Suvar\u2019d\u0131r. Benim soyum, yedinci o\u011ful olan Khazar\u2019dan geliyor.\u201d -Hazar Ka\u011fan\u0131 Yusuf<\/p>\n<p>Zaman a\u011f\u0131r a\u011f\u0131r ve belli etmeden, sessiz bir de\u011firmen ustal\u0131\u011f\u0131yla \u00e7al\u0131\u015f\u0131yor, \u00f6n\u00fcne \u00e7\u0131kan ta\u015f\u0131, topra\u011f\u0131 ve b\u00fct\u00fcn mahlukat\u0131 \u00f6\u011f\u00fcterek, ejderha gibi k\u0131vr\u0131l\u0131p akan, k\u0131z\u0131l kan renginde bir nehre d\u00f6n\u00fc\u015ft\u00fcr\u00fcyordu.<\/p>\n<p>G\u00f6k Tengri\u2019nin zorlu topraklara, \u201cK\u00fcrs\u201d\u00fcn\u00fc koydu\u011fu Kuzey Y\u0131ld\u0131z\u0131\u2019n\u0131n tam alt\u0131na yerle\u015ftirdi\u011fi Togarma\u2019n\u0131n \u00c7ocuklar\u0131, bu ezelden ebede do\u011fru akan zaman isimli kan nehrinde yunmay\u0131, \u015fenlikli bir oyuna \u00e7evirmi\u015flerdi. Kim \u00f6nce \u00f6l\u00fcr, kim sonraya kal\u0131r, kim esen yellere, kim savrulan tozlara kar\u0131\u015f\u0131r oras\u0131 pek bilinmez, Togarma\u2019n\u0131n ele avuca s\u0131\u011fmayan korkusuz \u00e7ocuklar\u0131, G\u00f6k Tengri\u2019nin huzurunda bar\u0131\u015f\u0131 kurmak istiyorlarsa, yine sava\u015fmak, yine \u00f6lmek ve \u00f6ld\u00fcrmek zorundayd\u0131lar.<\/p>","protected":false},"excerpt":{"rendered":"<p>&#8220;G\u00f6nderdi\u011finiz n\u00e2mede, \u2018Hangi halktan, aileden ve boydans\u0131n\u0131z?\u2019 diye de sormu\u015fsunuz. \u015eunu bilin ki biz, Yafes o\u011flu Togarma\u2019n\u0131n soyundan geliyoruz. Atalar\u0131m\u0131n \u015fecerelerinden bulduklar\u0131ma g\u00f6re, Togarma\u2019n\u0131n on o\u011flu vard\u0131. Adlar\u0131 \u015f\u00f6yledir: En b\u00fcy\u00fc\u011f\u00fcn\u00fcn ad\u0131 Uygur, ikincinin Tauris, \u00fc\u00e7\u00fcnc\u00fcn\u00fcn Avar, d\u00f6rd\u00fcnc\u00fcn\u00fcn O\u011fuz, be\u015fincinin Barsil, alt\u0131nc\u0131n\u0131n Tarna, yedincinin Khazar, sekizincinin Yanur, dokuzuncunun Bulgar ve onuncunun ad\u0131 Suvar\u2019d\u0131r. Benim soyum, [&hellip;]<\/p>\n","protected":false},"featured_media":6623,"comment_status":"closed","ping_status":"open","template":"","meta":{"inline_featured_image":false},"product_cat":[1019,1033],"product_tag":[],"class_list":{"0":"post-6622","1":"product","2":"type-product","3":"status-publish","4":"has-post-thumbnail","6":"product_cat-edebiyat","7":"product_cat-roman","8":"pa_boyut-135-x-195-cm","9":"pa_dil-turkce","10":"pa_sayfa-sayisi-526","11":"pa_yayin-tarihi-4-8-2022","12":"pa_yazar-nadir-dogan","14":"first","15":"instock","16":"sale","17":"purchasable","18":"product-type-simple"},"_links":{"self":[{"href":"https:\/\/www.buramkitabevi.com\/en\/wp-json\/wp\/v2\/product\/6622","targetHints":{"allow":["GET"]}}],"collection":[{"href":"https:\/\/www.buramkitabevi.com\/en\/wp-json\/wp\/v2\/product"}],"about":[{"href":"https:\/\/www.buramkitabevi.com\/en\/wp-json\/wp\/v2\/types\/product"}],"replies":[{"embeddable":true,"href":"https:\/\/www.buramkitabevi.com\/en\/wp-json\/wp\/v2\/comments?post=6622"}],"wp:featuredmedia":[{"embeddable":true,"href":"https:\/\/www.buramkitabevi.com\/en\/wp-json\/wp\/v2\/media\/6623"}],"wp:attachment":[{"href":"https:\/\/www.buramkitabevi.com\/en\/wp-json\/wp\/v2\/media?parent=6622"}],"wp:term":[{"taxonomy":"product_cat","embeddable":true,"href":"https:\/\/www.buramkitabevi.com\/en\/wp-json\/wp\/v2\/product_cat?post=6622"},{"taxonomy":"product_tag","embeddable":true,"href":"https:\/\/www.buramkitabevi.com\/en\/wp-json\/wp\/v2\/product_tag?post=6622"}],"curies":[{"name":"wp","href":"https:\/\/api.w.org\/{rel}","templated":true}]}}