{"id":6618,"date":"2025-10-16T12:01:08","date_gmt":"2025-10-16T09:01:08","guid":{"rendered":"http:\/\/www.buramkitabevi.com\/kitap\/curtus-lupus-kurdun-izinde-nadir-dogan"},"modified":"2025-10-16T12:01:46","modified_gmt":"2025-10-16T09:01:46","slug":"curtus-lupus-kurdun-izinde-nadir-dogan","status":"publish","type":"product","link":"https:\/\/www.buramkitabevi.com\/en\/kitap\/curtus-lupus-kurdun-izinde-nadir-dogan","title":{"rendered":"Curtus Lupus &#8211; Kurdun \u0130zinde &#8211; Nadir Do\u011fan"},"content":{"rendered":"<p>B\u0130R ETR\u00dcSK ROMANI\u2026<\/p>\n<p>Nadir Do\u011fan\u2019\u0131n ezberleri bozan usta kaleminden, polisiye lezzetinde m\u00fcthi\u015f bir tarihi macera! Edebiyat\u0131n, ger\u00e7ek tarihle bulu\u015ftu\u011fu ve birlikte geli\u015fen iki kurgunun, insan\u0131 soluk solu\u011fa b\u0131rakt\u0131\u011f\u0131 Etr\u00fcsk \u00e7\u0131lg\u0131nl\u0131\u011f\u0131na kat\u0131lmaya haz\u0131r m\u0131s\u0131n\u0131z?<\/p>\n<p>-Herodot\u2019un anlatt\u0131\u011f\u0131 gizemli Etr\u00fcsklerin ger\u00e7ek k\u00f6kenleri nedir?<br \/>\n-\u0130zmir\u2019den Tarkan\u2019\u0131n liderli\u011finde denize a\u00e7\u0131lan gemiler, nereye gittiler?<br \/>\n-Etr\u00fcskler Roma\u2019y\u0131 neden kurdular?<br \/>\n-Ordo-Rasenna \u00d6rg\u00fct\u00fc neyin pe\u015finde?<br \/>\n-Vatikan Papal\u0131k Devleti, karanl\u0131k mahzenlerinde neleri sakl\u0131yor?<br \/>\n-Papa suikastinin, gizlenen ger\u00e7ek amac\u0131 nedir?<\/p>\n<p>E\u011fer bu sorular\u0131n yan\u0131tlar\u0131n\u0131 merak ediyorsan\u0131z buyurun, nefes kesen bir okuma \u015fenli\u011fi, sizleri bekliyor\u2026<\/p>","protected":false},"excerpt":{"rendered":"<p>B\u0130R ETR\u00dcSK ROMANI\u2026 Nadir Do\u011fan\u2019\u0131n ezberleri bozan usta kaleminden, polisiye lezzetinde m\u00fcthi\u015f bir tarihi macera! Edebiyat\u0131n, ger\u00e7ek tarihle bulu\u015ftu\u011fu ve birlikte geli\u015fen iki kurgunun, insan\u0131 soluk solu\u011fa b\u0131rakt\u0131\u011f\u0131 Etr\u00fcsk \u00e7\u0131lg\u0131nl\u0131\u011f\u0131na kat\u0131lmaya haz\u0131r m\u0131s\u0131n\u0131z? -Herodot\u2019un anlatt\u0131\u011f\u0131 gizemli Etr\u00fcsklerin ger\u00e7ek k\u00f6kenleri nedir? -\u0130zmir\u2019den Tarkan\u2019\u0131n liderli\u011finde denize a\u00e7\u0131lan gemiler, nereye gittiler? -Etr\u00fcskler Roma\u2019y\u0131 neden kurdular? -Ordo-Rasenna \u00d6rg\u00fct\u00fc neyin [&hellip;]<\/p>\n","protected":false},"featured_media":6619,"comment_status":"closed","ping_status":"open","template":"","meta":{"inline_featured_image":false},"product_cat":[1019,1033],"product_tag":[],"class_list":{"0":"post-6618","1":"product","2":"type-product","3":"status-publish","4":"has-post-thumbnail","6":"product_cat-edebiyat","7":"product_cat-roman","8":"pa_boyut-135-x-195-cm","9":"pa_dil-turkce","10":"pa_sayfa-sayisi-764","11":"pa_yayin-tarihi-4-8-2022","12":"pa_yazar-nadir-dogan","14":"first","15":"instock","16":"sale","17":"purchasable","18":"product-type-simple"},"_links":{"self":[{"href":"https:\/\/www.buramkitabevi.com\/en\/wp-json\/wp\/v2\/product\/6618","targetHints":{"allow":["GET"]}}],"collection":[{"href":"https:\/\/www.buramkitabevi.com\/en\/wp-json\/wp\/v2\/product"}],"about":[{"href":"https:\/\/www.buramkitabevi.com\/en\/wp-json\/wp\/v2\/types\/product"}],"replies":[{"embeddable":true,"href":"https:\/\/www.buramkitabevi.com\/en\/wp-json\/wp\/v2\/comments?post=6618"}],"wp:featuredmedia":[{"embeddable":true,"href":"https:\/\/www.buramkitabevi.com\/en\/wp-json\/wp\/v2\/media\/6619"}],"wp:attachment":[{"href":"https:\/\/www.buramkitabevi.com\/en\/wp-json\/wp\/v2\/media?parent=6618"}],"wp:term":[{"taxonomy":"product_cat","embeddable":true,"href":"https:\/\/www.buramkitabevi.com\/en\/wp-json\/wp\/v2\/product_cat?post=6618"},{"taxonomy":"product_tag","embeddable":true,"href":"https:\/\/www.buramkitabevi.com\/en\/wp-json\/wp\/v2\/product_tag?post=6618"}],"curies":[{"name":"wp","href":"https:\/\/api.w.org\/{rel}","templated":true}]}}