{"id":6612,"date":"2025-10-16T12:01:08","date_gmt":"2025-10-16T09:01:08","guid":{"rendered":"http:\/\/www.buramkitabevi.com\/kitap\/kuzeye-yolculuk-nadir-dogan"},"modified":"2025-10-16T12:01:38","modified_gmt":"2025-10-16T09:01:38","slug":"kuzeye-yolculuk-nadir-dogan","status":"publish","type":"product","link":"https:\/\/www.buramkitabevi.com\/en\/kitap\/kuzeye-yolculuk-nadir-dogan","title":{"rendered":"Kuzey&#8217;e Yolculuk &#8211; Nadir Do\u011fan"},"content":{"rendered":"<p>&#8220;Ve \u0130srafil Sur\u2019a \u00fcfledi\u2026<br \/>\nKulaklar\u0131 sa\u011f\u0131r eden bir g\u00fcr\u00fclt\u00fc, Z\u00fclkarneyn\u2019in demir, bak\u0131r ve katranla yo\u011frulmu\u015f seddinin muhkem duvarlar\u0131n\u0131, dalgalar halinde d\u00f6vmeye ba\u015flad\u0131. Yerden bulutlara do\u011fru y\u00fckselen \u00e7ift boynuzlu dev kuleler, ses dalgalar\u0131n\u0131n etkisiyle \u00e7at\u0131rdayarak d\u00f6k\u00fcld\u00fcler.\u201d<\/p>\n<p>Abbasi Halifesi el-Vas\u0131k Billah, 842 y\u0131l\u0131nda g\u00f6rd\u00fc\u011f\u00fc bu r\u00fcyan\u0131n etkisiyle, Samarra\u2019da 50 ki\u015filik bir heyet kurup Z\u00fclkarneyn Seddi\u2019ni tetkike g\u00f6nderir. Sellam Terc\u00fcman liderli\u011finde yola \u00e7\u0131kan kervan\u0131n g\u00fcvenli\u011fini, Tu\u011frul B\u00f6ke komutas\u0131nda 24 se\u00e7me T\u00fcrk sava\u015f\u00e7\u0131s\u0131 sa\u011flarken, \u00fcnl\u00fc alim el-Harezmi de halifenin el\u00e7isi olarak heyete kat\u0131l\u0131r. Seyahat g\u00fczergahlar\u0131 Tiflis Emirli\u011fi, Hazar Ka\u011fanl\u0131\u011f\u0131 ve Atil Bulgar Hanl\u0131\u011f\u0131 \u00fczerinden Karanl\u0131k Topraklar ve Kuzey Buz Denizi\u2019dir. Kervan son derece tehlikeli yollardan ge\u00e7erek, Ye\u2019c\u00fcc- Me\u2019c\u00fcc tayfas\u0131n\u0131n hapsedildi\u011fi Temir Tak\u2019a do\u011fru ilerlerken, ba\u015flar\u0131na gelmedik olay kalmaz.<\/p>\n<p>Ancak as\u0131l s\u00fcrpriz onlar\u0131, Z\u00fclkarneyn Seddi\u2019nde beklemektedir\u2026<\/p>","protected":false},"excerpt":{"rendered":"<p>&#8220;Ve \u0130srafil Sur\u2019a \u00fcfledi\u2026 Kulaklar\u0131 sa\u011f\u0131r eden bir g\u00fcr\u00fclt\u00fc, Z\u00fclkarneyn\u2019in demir, bak\u0131r ve katranla yo\u011frulmu\u015f seddinin muhkem duvarlar\u0131n\u0131, dalgalar halinde d\u00f6vmeye ba\u015flad\u0131. Yerden bulutlara do\u011fru y\u00fckselen \u00e7ift boynuzlu dev kuleler, ses dalgalar\u0131n\u0131n etkisiyle \u00e7at\u0131rdayarak d\u00f6k\u00fcld\u00fcler.\u201d Abbasi Halifesi el-Vas\u0131k Billah, 842 y\u0131l\u0131nda g\u00f6rd\u00fc\u011f\u00fc bu r\u00fcyan\u0131n etkisiyle, Samarra\u2019da 50 ki\u015filik bir heyet kurup Z\u00fclkarneyn Seddi\u2019ni tetkike g\u00f6nderir. [&hellip;]<\/p>\n","protected":false},"featured_media":6613,"comment_status":"closed","ping_status":"open","template":"","meta":{"inline_featured_image":false},"product_cat":[1019,1033],"product_tag":[],"class_list":{"0":"post-6612","1":"product","2":"type-product","3":"status-publish","4":"has-post-thumbnail","6":"product_cat-edebiyat","7":"product_cat-roman","8":"pa_boyut-135-x-195-cm","9":"pa_dil-turkce","10":"pa_sayfa-sayisi-1356","11":"pa_yayin-tarihi-4-8-2022","12":"pa_yazar-nadir-dogan","14":"first","15":"instock","16":"sale","17":"purchasable","18":"product-type-simple"},"_links":{"self":[{"href":"https:\/\/www.buramkitabevi.com\/en\/wp-json\/wp\/v2\/product\/6612","targetHints":{"allow":["GET"]}}],"collection":[{"href":"https:\/\/www.buramkitabevi.com\/en\/wp-json\/wp\/v2\/product"}],"about":[{"href":"https:\/\/www.buramkitabevi.com\/en\/wp-json\/wp\/v2\/types\/product"}],"replies":[{"embeddable":true,"href":"https:\/\/www.buramkitabevi.com\/en\/wp-json\/wp\/v2\/comments?post=6612"}],"wp:featuredmedia":[{"embeddable":true,"href":"https:\/\/www.buramkitabevi.com\/en\/wp-json\/wp\/v2\/media\/6613"}],"wp:attachment":[{"href":"https:\/\/www.buramkitabevi.com\/en\/wp-json\/wp\/v2\/media?parent=6612"}],"wp:term":[{"taxonomy":"product_cat","embeddable":true,"href":"https:\/\/www.buramkitabevi.com\/en\/wp-json\/wp\/v2\/product_cat?post=6612"},{"taxonomy":"product_tag","embeddable":true,"href":"https:\/\/www.buramkitabevi.com\/en\/wp-json\/wp\/v2\/product_tag?post=6612"}],"curies":[{"name":"wp","href":"https:\/\/api.w.org\/{rel}","templated":true}]}}