{"id":6610,"date":"2025-10-16T12:01:08","date_gmt":"2025-10-16T09:01:08","guid":{"rendered":"http:\/\/www.buramkitabevi.com\/kitap\/gok-betik-benim-adim-yakusuk-ugur-demirok"},"modified":"2025-10-16T12:01:36","modified_gmt":"2025-10-16T09:01:36","slug":"gok-betik-benim-adim-yakusuk-ugur-demirok","status":"publish","type":"product","link":"https:\/\/www.buramkitabevi.com\/en\/kitap\/gok-betik-benim-adim-yakusuk-ugur-demirok","title":{"rendered":"G\u00f6k Betik \/ Benim Ad\u0131m Yaku\u015fuk &#8211; U\u011fur Demirok"},"content":{"rendered":"<p>\u201cG\u00f6k Betik &#8211; Benim Ad\u0131m Yaku\u015fuk\u201d adl\u0131 bu eser, II. G\u00f6kt\u00fcrk Devleti d\u00f6neminde 696-700 y\u0131llar\u0131 aras\u0131nda ya\u015fanm\u0131\u015f olaylardan esinlenerek kurgulanm\u0131\u015f tarihi bir romand\u0131r.<\/p>\n<p>T\u00fcrk gen\u00e7li\u011fine dilini, tarihini, k\u00fclt\u00fcr\u00fcn\u00fc sevdirmek ve erdemli atalar\u0131n\u0131n \u00fcst\u00fcn ki\u015filik \u00f6zelliklerine \u00f6zendirmek amac\u0131yla kaleme al\u0131nm\u0131\u015ft\u0131r.<\/p>\n<p>T\u00fcrk ulusuna arma\u011fan olsun!<\/p>","protected":false},"excerpt":{"rendered":"<p>\u201cG\u00f6k Betik &#8211; Benim Ad\u0131m Yaku\u015fuk\u201d adl\u0131 bu eser, II. G\u00f6kt\u00fcrk Devleti d\u00f6neminde 696-700 y\u0131llar\u0131 aras\u0131nda ya\u015fanm\u0131\u015f olaylardan esinlenerek kurgulanm\u0131\u015f tarihi bir romand\u0131r. T\u00fcrk gen\u00e7li\u011fine dilini, tarihini, k\u00fclt\u00fcr\u00fcn\u00fc sevdirmek ve erdemli atalar\u0131n\u0131n \u00fcst\u00fcn ki\u015filik \u00f6zelliklerine \u00f6zendirmek amac\u0131yla kaleme al\u0131nm\u0131\u015ft\u0131r. T\u00fcrk ulusuna arma\u011fan olsun!<\/p>","protected":false},"featured_media":6611,"comment_status":"closed","ping_status":"open","template":"","meta":{"inline_featured_image":false},"product_cat":[1019,1033],"product_tag":[],"class_list":{"0":"post-6610","1":"product","2":"type-product","3":"status-publish","4":"has-post-thumbnail","6":"product_cat-edebiyat","7":"product_cat-roman","8":"pa_boyut-135-x-195-cm","9":"pa_dil-turkce","10":"pa_sayfa-sayisi-1354","11":"pa_yayin-tarihi-4-8-2022","12":"pa_yazar-ugur-demirok","14":"first","15":"instock","16":"sale","17":"purchasable","18":"product-type-simple"},"_links":{"self":[{"href":"https:\/\/www.buramkitabevi.com\/en\/wp-json\/wp\/v2\/product\/6610","targetHints":{"allow":["GET"]}}],"collection":[{"href":"https:\/\/www.buramkitabevi.com\/en\/wp-json\/wp\/v2\/product"}],"about":[{"href":"https:\/\/www.buramkitabevi.com\/en\/wp-json\/wp\/v2\/types\/product"}],"replies":[{"embeddable":true,"href":"https:\/\/www.buramkitabevi.com\/en\/wp-json\/wp\/v2\/comments?post=6610"}],"wp:featuredmedia":[{"embeddable":true,"href":"https:\/\/www.buramkitabevi.com\/en\/wp-json\/wp\/v2\/media\/6611"}],"wp:attachment":[{"href":"https:\/\/www.buramkitabevi.com\/en\/wp-json\/wp\/v2\/media?parent=6610"}],"wp:term":[{"taxonomy":"product_cat","embeddable":true,"href":"https:\/\/www.buramkitabevi.com\/en\/wp-json\/wp\/v2\/product_cat?post=6610"},{"taxonomy":"product_tag","embeddable":true,"href":"https:\/\/www.buramkitabevi.com\/en\/wp-json\/wp\/v2\/product_tag?post=6610"}],"curies":[{"name":"wp","href":"https:\/\/api.w.org\/{rel}","templated":true}]}}