{"id":6606,"date":"2025-10-16T12:01:08","date_gmt":"2025-10-16T09:01:08","guid":{"rendered":"http:\/\/www.buramkitabevi.com\/kitap\/ey-sevgili-mumtaz-alp"},"modified":"2025-10-16T12:01:31","modified_gmt":"2025-10-16T09:01:31","slug":"ey-sevgili-mumtaz-alp","status":"publish","type":"product","link":"https:\/\/www.buramkitabevi.com\/en\/kitap\/ey-sevgili-mumtaz-alp","title":{"rendered":"Ey Sevgili &#8211; M\u00fcmtaz Alp"},"content":{"rendered":"<p>G\u00f6r\u00fcn\u00fc\u015fe aldanma, g\u00f6zden yan\u0131l\u0131r<br \/>\nHer \u015fey g\u00fczel, pespembe san\u0131l\u0131r<br \/>\nDostlar g\u00fczel, s\u00f6zle an\u0131l\u0131r<br \/>\nK\u0131r\u0131lan kalbi, nerden bileceksin?<\/p>\n<p>Bu\u011fulu g\u00f6zler, titreyen \u00e7ene<br \/>\nAh&#8230; Ayr\u0131l\u0131k vakti, geldi gene<br \/>\nKavu\u015fmak&#8230; Var m\u0131 bu sene?<br \/>\nYaz\u0131lan kaderi, nerden bileceksin?<\/p>\n<p>Biri gelir, birileri gider buradan<br \/>\nHer \u015fey tek bilen, y\u00fcce yaradan<br \/>\nGurbet bitse, hasret \u00e7\u0131ksa aradan<br \/>\nNas\u0131l \u00f6zledim, nerden bileceksin?<\/p>\n<p>Say say, bitmez aylar, y\u0131llar<br \/>\nSimsiyaht\u0131, beyazlad\u0131 k\u0131llar<br \/>\nNas\u0131l da ge\u00e7ti, bitmeyen y\u0131llar<br \/>\nKemirdi i\u00e7imi, nerden bileceksin?<\/p>\n<p>K\u0131namay\u0131n beni, topra\u011f\u0131 \u00f6zledim<br \/>\nKula\u011f\u0131m s\u0131lada, s\u00fcrekli g\u00f6zledim<br \/>\nAh&#8230; Ben, neler neler \u00f6zledim<br \/>\nHasretle yand\u0131m, nerden bileceksin?<\/p>","protected":false},"excerpt":{"rendered":"<p>G\u00f6r\u00fcn\u00fc\u015fe aldanma, g\u00f6zden yan\u0131l\u0131r Her \u015fey g\u00fczel, pespembe san\u0131l\u0131r Dostlar g\u00fczel, s\u00f6zle an\u0131l\u0131r K\u0131r\u0131lan kalbi, nerden bileceksin? Bu\u011fulu g\u00f6zler, titreyen \u00e7ene Ah&#8230; Ayr\u0131l\u0131k vakti, geldi gene Kavu\u015fmak&#8230; Var m\u0131 bu sene? Yaz\u0131lan kaderi, nerden bileceksin? Biri gelir, birileri gider buradan Her \u015fey tek bilen, y\u00fcce yaradan Gurbet bitse, hasret \u00e7\u0131ksa aradan Nas\u0131l \u00f6zledim, nerden bileceksin? [&hellip;]<\/p>\n","protected":false},"featured_media":6607,"comment_status":"closed","ping_status":"open","template":"","meta":{"inline_featured_image":false},"product_cat":[1020,1019],"product_tag":[],"class_list":{"0":"post-6606","1":"product","2":"type-product","3":"status-publish","4":"has-post-thumbnail","6":"product_cat-siir","7":"product_cat-edebiyat","8":"pa_boyut-13-x-195-cm","9":"pa_dil-turkce","10":"pa_sayfa-sayisi-522","11":"pa_yayin-tarihi-4-8-2022","12":"pa_yazar-mumtaz-alp","14":"first","15":"instock","16":"sale","17":"purchasable","18":"product-type-simple"},"_links":{"self":[{"href":"https:\/\/www.buramkitabevi.com\/en\/wp-json\/wp\/v2\/product\/6606","targetHints":{"allow":["GET"]}}],"collection":[{"href":"https:\/\/www.buramkitabevi.com\/en\/wp-json\/wp\/v2\/product"}],"about":[{"href":"https:\/\/www.buramkitabevi.com\/en\/wp-json\/wp\/v2\/types\/product"}],"replies":[{"embeddable":true,"href":"https:\/\/www.buramkitabevi.com\/en\/wp-json\/wp\/v2\/comments?post=6606"}],"wp:featuredmedia":[{"embeddable":true,"href":"https:\/\/www.buramkitabevi.com\/en\/wp-json\/wp\/v2\/media\/6607"}],"wp:attachment":[{"href":"https:\/\/www.buramkitabevi.com\/en\/wp-json\/wp\/v2\/media?parent=6606"}],"wp:term":[{"taxonomy":"product_cat","embeddable":true,"href":"https:\/\/www.buramkitabevi.com\/en\/wp-json\/wp\/v2\/product_cat?post=6606"},{"taxonomy":"product_tag","embeddable":true,"href":"https:\/\/www.buramkitabevi.com\/en\/wp-json\/wp\/v2\/product_tag?post=6606"}],"curies":[{"name":"wp","href":"https:\/\/api.w.org\/{rel}","templated":true}]}}