{"id":6600,"date":"2025-10-16T12:01:08","date_gmt":"2025-10-16T09:01:08","guid":{"rendered":"http:\/\/www.buramkitabevi.com\/kitap\/gittigi-yere-kadar-kurtulus-dogan-sahin"},"modified":"2025-10-16T12:01:24","modified_gmt":"2025-10-16T09:01:24","slug":"gittigi-yere-kadar-kurtulus-dogan-sahin","status":"publish","type":"product","link":"https:\/\/www.buramkitabevi.com\/en\/kitap\/gittigi-yere-kadar-kurtulus-dogan-sahin","title":{"rendered":"Gitti\u011fi Yere Kadar &#8211; Kurtulu\u015f Do\u011fan \u015eahin"},"content":{"rendered":"<p>Art\u0131k umursamay\u0131 b\u0131rak. U\u011fra\u015fma i\u015fte daha.<\/p>\n<p>Her \u015feyi sen yapamazs\u0131n.<\/p>\n<p>Sevgini ger\u00e7ekten hak edene ver.<br \/>\nSeni yar\u0131 yolda darmada\u011f\u0131n b\u0131rakana de\u011fil, seni oldu\u011fun gibi kabul edeni sahiplen ve b\u0131rakma.<br \/>\nGitti\u011fi Yere Kadar de\u011fil, g\u00fcc\u00fcn\u00fcn yetti\u011fi yere sev&#8230;<\/p>","protected":false},"excerpt":{"rendered":"<p>Art\u0131k umursamay\u0131 b\u0131rak. U\u011fra\u015fma i\u015fte daha. Her \u015feyi sen yapamazs\u0131n. Sevgini ger\u00e7ekten hak edene ver. Seni yar\u0131 yolda darmada\u011f\u0131n b\u0131rakana de\u011fil, seni oldu\u011fun gibi kabul edeni sahiplen ve b\u0131rakma. Gitti\u011fi Yere Kadar de\u011fil, g\u00fcc\u00fcn\u00fcn yetti\u011fi yere sev&#8230;<\/p>","protected":false},"featured_media":6601,"comment_status":"closed","ping_status":"open","template":"","meta":{"inline_featured_image":false},"product_cat":[1024,1019],"product_tag":[],"class_list":{"0":"post-6600","1":"product","2":"type-product","3":"status-publish","4":"has-post-thumbnail","6":"product_cat-deneme","7":"product_cat-edebiyat","8":"pa_boyut-13-x-195-cm","9":"pa_dil-turkce","10":"pa_sayfa-sayisi-1346","11":"pa_yayin-tarihi-3-7-2022","12":"pa_yazar-kurtulus-dogan-sahin","14":"first","15":"instock","16":"sale","17":"purchasable","18":"product-type-simple"},"_links":{"self":[{"href":"https:\/\/www.buramkitabevi.com\/en\/wp-json\/wp\/v2\/product\/6600","targetHints":{"allow":["GET"]}}],"collection":[{"href":"https:\/\/www.buramkitabevi.com\/en\/wp-json\/wp\/v2\/product"}],"about":[{"href":"https:\/\/www.buramkitabevi.com\/en\/wp-json\/wp\/v2\/types\/product"}],"replies":[{"embeddable":true,"href":"https:\/\/www.buramkitabevi.com\/en\/wp-json\/wp\/v2\/comments?post=6600"}],"wp:featuredmedia":[{"embeddable":true,"href":"https:\/\/www.buramkitabevi.com\/en\/wp-json\/wp\/v2\/media\/6601"}],"wp:attachment":[{"href":"https:\/\/www.buramkitabevi.com\/en\/wp-json\/wp\/v2\/media?parent=6600"}],"wp:term":[{"taxonomy":"product_cat","embeddable":true,"href":"https:\/\/www.buramkitabevi.com\/en\/wp-json\/wp\/v2\/product_cat?post=6600"},{"taxonomy":"product_tag","embeddable":true,"href":"https:\/\/www.buramkitabevi.com\/en\/wp-json\/wp\/v2\/product_tag?post=6600"}],"curies":[{"name":"wp","href":"https:\/\/api.w.org\/{rel}","templated":true}]}}