{"id":6586,"date":"2025-10-16T12:01:08","date_gmt":"2025-10-16T09:01:08","guid":{"rendered":"http:\/\/www.buramkitabevi.com\/kitap\/ay-sehri-fahri-kurtulus"},"modified":"2025-10-16T12:01:16","modified_gmt":"2025-10-16T09:01:16","slug":"ay-sehri-fahri-kurtulus","status":"publish","type":"product","link":"https:\/\/www.buramkitabevi.com\/en\/kitap\/ay-sehri-fahri-kurtulus","title":{"rendered":"Ay \u015eehri &#8211; Fahri Kurtulu\u015f"},"content":{"rendered":"<p>Uzaklarda, \u00e7ok uzaklarday\u0131m\u2026<br \/>\nGurbet diyarlardan bile daha uzaklarday\u0131m.<br \/>\nBelki hayaller \u00e2lemi denen yerdeyim.<br \/>\nAma sevdiklerimden uzakta, \u00e7ok uzaklarday\u0131m.<\/p>\n<p>Atlantik yazarl\u0131\u011f\u0131ndan Ay yazarl\u0131\u011f\u0131na&#8230;<\/p>\n<p>Yay\u0131n hayat\u0131na aksiyon dolu Atlantik Operasyonu roman\u0131yla ba\u015flayan yazar\u0131m\u0131z, Ay \u015eehri roman\u0131yla aksiyon yan\u0131na bilim kurguyu ekliyor. Okur yorumlar\u0131n\u0131 dikkate alarak kad\u0131n kahramanlara a\u011f\u0131rl\u0131k veriyor.<\/p>\n<p>Okurlar\u0131n kendini farkl\u0131 bir d\u00fcnyada bulaca\u011f\u0131 bu romanda sevinci, h\u00fczn\u00fc, maceray\u0131, aksiyonu ya\u015fayacaks\u0131n\u0131z. Uzay ara\u00e7lar\u0131yla yol al\u0131rken D\u00fcnya&#8217;da da istihbarat sava\u015flar\u0131yla heyecan ya\u015fayacaks\u0131n\u0131z.<\/p>","protected":false},"excerpt":{"rendered":"<p>Uzaklarda, \u00e7ok uzaklarday\u0131m\u2026 Gurbet diyarlardan bile daha uzaklarday\u0131m. Belki hayaller \u00e2lemi denen yerdeyim. Ama sevdiklerimden uzakta, \u00e7ok uzaklarday\u0131m. Atlantik yazarl\u0131\u011f\u0131ndan Ay yazarl\u0131\u011f\u0131na&#8230; Yay\u0131n hayat\u0131na aksiyon dolu Atlantik Operasyonu roman\u0131yla ba\u015flayan yazar\u0131m\u0131z, Ay \u015eehri roman\u0131yla aksiyon yan\u0131na bilim kurguyu ekliyor. Okur yorumlar\u0131n\u0131 dikkate alarak kad\u0131n kahramanlara a\u011f\u0131rl\u0131k veriyor. Okurlar\u0131n kendini farkl\u0131 bir d\u00fcnyada bulaca\u011f\u0131 bu romanda [&hellip;]<\/p>\n","protected":false},"featured_media":6587,"comment_status":"closed","ping_status":"open","template":"","meta":{"inline_featured_image":false},"product_cat":[1019,1033],"product_tag":[],"class_list":{"0":"post-6586","1":"product","2":"type-product","3":"status-publish","4":"has-post-thumbnail","6":"product_cat-edebiyat","7":"product_cat-roman","8":"pa_boyut-13-x-195-cm","9":"pa_dil-turkce","10":"pa_sayfa-sayisi-413","11":"pa_yayin-tarihi-3-7-2022","12":"pa_yazar-fahri-kurtulus","14":"first","15":"instock","16":"sale","17":"purchasable","18":"product-type-simple"},"_links":{"self":[{"href":"https:\/\/www.buramkitabevi.com\/en\/wp-json\/wp\/v2\/product\/6586","targetHints":{"allow":["GET"]}}],"collection":[{"href":"https:\/\/www.buramkitabevi.com\/en\/wp-json\/wp\/v2\/product"}],"about":[{"href":"https:\/\/www.buramkitabevi.com\/en\/wp-json\/wp\/v2\/types\/product"}],"replies":[{"embeddable":true,"href":"https:\/\/www.buramkitabevi.com\/en\/wp-json\/wp\/v2\/comments?post=6586"}],"wp:featuredmedia":[{"embeddable":true,"href":"https:\/\/www.buramkitabevi.com\/en\/wp-json\/wp\/v2\/media\/6587"}],"wp:attachment":[{"href":"https:\/\/www.buramkitabevi.com\/en\/wp-json\/wp\/v2\/media?parent=6586"}],"wp:term":[{"taxonomy":"product_cat","embeddable":true,"href":"https:\/\/www.buramkitabevi.com\/en\/wp-json\/wp\/v2\/product_cat?post=6586"},{"taxonomy":"product_tag","embeddable":true,"href":"https:\/\/www.buramkitabevi.com\/en\/wp-json\/wp\/v2\/product_tag?post=6586"}],"curies":[{"name":"wp","href":"https:\/\/api.w.org\/{rel}","templated":true}]}}