{"id":6576,"date":"2025-10-16T12:00:18","date_gmt":"2025-10-16T09:00:18","guid":{"rendered":"http:\/\/www.buramkitabevi.com\/kitap\/lena-agola-tansu-altinok"},"modified":"2025-10-16T12:01:02","modified_gmt":"2025-10-16T09:01:02","slug":"lena-agola-tansu-altinok","status":"publish","type":"product","link":"https:\/\/www.buramkitabevi.com\/en\/kitap\/lena-agola-tansu-altinok","title":{"rendered":"Lena Agola &#8211; Tansu Alt\u0131nok"},"content":{"rendered":"<p>\u00d6zg\u00fcrl\u00fc\u011f\u00fcn\u00fcz i\u00e7in neleri feda edebilirsiniz?<\/p>\n<p>A\u015fk\u0131n\u0131z\u0131, huzurunuzu, sevginizi, belki maddiyat\u0131n\u0131z\u0131 ya da benli\u011finizi&#8230; Peki ya zaten ya\u015famak istedi\u011finiz hayat\u0131n\u0131z\u0131?<\/p>\n<p>Ya\u015fam\u0131n\u0131n bir b\u00f6l\u00fcm\u00fcn\u00fc kaps\u00fclde uyutulmu\u015f halde ge\u00e7iren Lena, uyand\u0131\u011f\u0131nda kendini hi\u00e7 tan\u0131\u015fmad\u0131\u011f\u0131 bir d\u00fcnyada bulacakt\u0131r. Teknoloji ile bezeli bu d\u00fcnyada hat\u0131rlamad\u0131\u011f\u0131 ge\u00e7mi\u015fini arayacak, yeni hayatlar ile tan\u0131\u015facak ve yeni ser\u00fcvenlere at\u0131lacakt\u0131r. Ser\u00fcvenlerinin ya\u015fam\u0131na renk katt\u0131\u011f\u0131n\u0131 d\u00fc\u015f\u00fcnd\u00fc\u011f\u00fc s\u0131ralarda asl\u0131nda hayat\u0131n\u0131n en b\u00fcy\u00fck siyahl\u0131\u011f\u0131 ile kar\u015f\u0131 kar\u015f\u0131ya kalacakt\u0131r&#8230;<\/p>\n<p>Lena bilmedi\u011fi bu yeni d\u00fcnya d\u00fczeni ile kar\u015f\u0131la\u015f\u0131nca kendini hi\u00e7 ummad\u0131\u011f\u0131 bir sava\u015fa ko\u015farken bulacakt\u0131r.<\/p>\n<p>&#8220;Sadece \u00d6zg\u00fcrl\u00fc\u011fe&#8221;<\/p>","protected":false},"excerpt":{"rendered":"<p>\u00d6zg\u00fcrl\u00fc\u011f\u00fcn\u00fcz i\u00e7in neleri feda edebilirsiniz? A\u015fk\u0131n\u0131z\u0131, huzurunuzu, sevginizi, belki maddiyat\u0131n\u0131z\u0131 ya da benli\u011finizi&#8230; Peki ya zaten ya\u015famak istedi\u011finiz hayat\u0131n\u0131z\u0131? Ya\u015fam\u0131n\u0131n bir b\u00f6l\u00fcm\u00fcn\u00fc kaps\u00fclde uyutulmu\u015f halde ge\u00e7iren Lena, uyand\u0131\u011f\u0131nda kendini hi\u00e7 tan\u0131\u015fmad\u0131\u011f\u0131 bir d\u00fcnyada bulacakt\u0131r. Teknoloji ile bezeli bu d\u00fcnyada hat\u0131rlamad\u0131\u011f\u0131 ge\u00e7mi\u015fini arayacak, yeni hayatlar ile tan\u0131\u015facak ve yeni ser\u00fcvenlere at\u0131lacakt\u0131r. Ser\u00fcvenlerinin ya\u015fam\u0131na renk katt\u0131\u011f\u0131n\u0131 d\u00fc\u015f\u00fcnd\u00fc\u011f\u00fc [&hellip;]<\/p>\n","protected":false},"featured_media":6577,"comment_status":"closed","ping_status":"open","template":"","meta":{"inline_featured_image":false},"product_cat":[1019,1033],"product_tag":[],"class_list":{"0":"post-6576","1":"product","2":"type-product","3":"status-publish","4":"has-post-thumbnail","6":"product_cat-edebiyat","7":"product_cat-roman","8":"pa_boyut-13-x-195-cm","9":"pa_dil-turkce","10":"pa_sayfa-sayisi-1338","11":"pa_yayin-tarihi-2-7-2022","12":"pa_yazar-tansu-altinok","14":"first","15":"instock","16":"sale","17":"purchasable","18":"product-type-simple"},"_links":{"self":[{"href":"https:\/\/www.buramkitabevi.com\/en\/wp-json\/wp\/v2\/product\/6576","targetHints":{"allow":["GET"]}}],"collection":[{"href":"https:\/\/www.buramkitabevi.com\/en\/wp-json\/wp\/v2\/product"}],"about":[{"href":"https:\/\/www.buramkitabevi.com\/en\/wp-json\/wp\/v2\/types\/product"}],"replies":[{"embeddable":true,"href":"https:\/\/www.buramkitabevi.com\/en\/wp-json\/wp\/v2\/comments?post=6576"}],"wp:featuredmedia":[{"embeddable":true,"href":"https:\/\/www.buramkitabevi.com\/en\/wp-json\/wp\/v2\/media\/6577"}],"wp:attachment":[{"href":"https:\/\/www.buramkitabevi.com\/en\/wp-json\/wp\/v2\/media?parent=6576"}],"wp:term":[{"taxonomy":"product_cat","embeddable":true,"href":"https:\/\/www.buramkitabevi.com\/en\/wp-json\/wp\/v2\/product_cat?post=6576"},{"taxonomy":"product_tag","embeddable":true,"href":"https:\/\/www.buramkitabevi.com\/en\/wp-json\/wp\/v2\/product_tag?post=6576"}],"curies":[{"name":"wp","href":"https:\/\/api.w.org\/{rel}","templated":true}]}}